{"id":53674,"date":"2025-12-27T11:26:29","date_gmt":"2025-12-27T10:26:29","guid":{"rendered":"https:\/\/handmadestateofmind.com\/?post_type=product&#038;p=53674"},"modified":"2026-01-15T13:54:40","modified_gmt":"2026-01-15T12:54:40","slug":"sweter-fluffini-wzor-na-drutach","status":"publish","type":"product","link":"https:\/\/handmadestateofmind.com\/en\/product\/sweter-fluffini-wzor-na-drutach\/","title":{"rendered":"Sweter Fluffini"},"content":{"rendered":"<p><b>ROZMIAR<\/b><\/p>\n<p><span style=\"font-weight: 400;\">XS (S) M (L) XL (XXL)<\/span><\/p>\n<p><span style=\"font-weight: 400;\">Obw\u00f3d swetra w klatce piersiowej:\u00a0\u00a0<\/span><\/p>\n<p><span style=\"font-weight: 400;\">105 (110) 114 (119) 123 (136) cm<\/span><\/p>\n<p><span style=\"font-weight: 400;\">D\u0142ugo\u015b\u0107 swetra (mierzona \u015brodkiem plec\u00f3w bez ko\u0142nierzyka) : 51 (53) 55 (57) 59 (61)\u00a0 cm (lub inna preferowana d\u0142ugo\u015b\u0107)<\/span><\/p>\n<p><span style=\"font-weight: 400;\">D\u0142ugo\u015b\u0107 r\u0119kawa ( mierzona od podkroju pach):<\/span><\/p>\n<p><span style=\"font-weight: 400;\">49\u00a0 cm dla wszystkich rozmiar\u00f3w<\/span><\/p>\n<p>&nbsp;<\/p>\n<p><span style=\"font-weight: 400;\">Obw\u00f3d\u00a0 r\u0119kawa przy podkroju pach:\u00a0<\/span><\/p>\n<p><span style=\"font-weight: 400;\">39.5 (42) 43(45) 46 (48) cm<\/span><\/p>\n<p>&nbsp;<\/p>\n<p><span style=\"font-weight: 400;\">Obw\u00f3d r\u0119kawa przy \u015bci\u0105gaczu:<\/span><\/p>\n<p><span style=\"font-weight: 400;\">29.5 (30.5) 30.5 (31.5) 32.5 (32.5) cm\u00a0<\/span><\/p>\n<p><span style=\"font-weight: 400;\">\u00a0Na zdj\u0119ciu jest rozmiar M. Mam 174cm wzrostu.<\/span><\/p>\n<p>&nbsp;<\/p>\n<p><b>W\u0141\u00d3CZKA<\/b><\/p>\n<p><b>Fog<\/b><span style=\"font-weight: 400;\">,\u00a0 Gabo Wool, 50g\/125m ,\u00a0 kolor Wenge (6351)<\/span><\/p>\n<p><span style=\"font-weight: 400;\">\u0141\u0105czna wymagana waga\u00a0\u00a0<\/span><\/p>\n<p><span style=\"font-weight: 400;\">335 (360) 375 (405) 425 (470) g.<\/span><\/p>\n<p><span style=\"font-weight: 400;\">Do wykonania dodatkowych 10cm d\u0142ugo\u015bci\u00a0 swetra potrzeba odpowiednio 50 (50) 55 (55) 55 (60) g.<\/span><\/p>\n<p><strong>Zgarnij 5% zni\u017cki z kodem Wera5 w sklepie\u00a0<a href=\"https:\/\/gabowool.com\/\" target=\"_blank\" rel=\"noopener\">Gabo Wool<\/a>.\u00a0<\/strong><\/p>\n<p>&nbsp;<\/p>\n<p><b>DRUTY\u00a0<\/b><\/p>\n<p><span style=\"font-weight: 400;\">Cz\u0119\u015b\u0107 g\u0142\u00f3wna: : 4,5 mm, \u017cy\u0142ka min 80 cm<\/span><\/p>\n<p><span style=\"font-weight: 400;\">\u015aci\u0105gacze: 4mm, \u017cy\u0142ka min 80 cm<\/span><\/p>\n<p><span style=\"font-weight: 400;\">P\u00f3\u0142golf:\u00a0 3,5 mm, \u017cy\u0142ka min 80 cm\u00a0<\/span><\/p>\n<p><span style=\"font-weight: 400;\">Opcjonalnie drut do warkoczy<\/span><\/p>\n<p>&nbsp;<\/p>\n<p><b>POZOSTA\u0141E AKCESORIA<\/b><\/p>\n<p><span style=\"font-weight: 400;\">Ig\u0142a dziewiarska , znaczniki<\/span><\/p>\n<p>&nbsp;<\/p>\n<p><b>PR\u00d3BKA<\/b><\/p>\n<p><span style=\"font-weight: 400;\">10 cm x 10 cm 18 o x 25 rz na drutach 4,5mm \u015bciegiem strukturalnym<\/span><\/p>","protected":false},"excerpt":{"rendered":"<p><span style=\"font-weight: 400;\">Sweter Fluffini to przepi\u0119kny wz\u00f3r na p\u00f3\u0142golf z delikatn\u0105 struktur\u0105 warkoczy.\u00a0 Sweter robiony jest\u00a0 od g\u00f3ry do do\u0142u cz\u0119\u015bciowo w rz\u0119dach, cz\u0119\u015bciowo w okr\u0105\u017ceniach bez zszywania.\u00a0\u00a0<\/span><\/p>\n<p><span style=\"font-weight: 400;\">Zaczynasz od wykonania ty\u0142u swetra w rz\u0119dach z jednoczesnym kszta\u0142towaniem sko\u015bnego profilu ramion poprzez dodawanie oczek.\u00a0 Ty\u0142 przerabiany jest w rz\u0119dach, a\u017c do podkroju pach.\u00a0 Nast\u0119pnie przerabiasz lewy i prawy prz\u00f3d w rz\u0119dach z jednoczesnym kszta\u0142towaniem dekoltu.\u00a0 W kolejnym kroku przody i ty\u0142 s\u0105 ze sob\u0105 \u0142\u0105czone i przerabiane razem w okr\u0105\u017ceniach, a\u017c do \u015bci\u0105gacza wykonanego \u015bciegiem\u00a0 1&#215;1.\u00a0<\/span><\/p>\n<p><span style=\"font-weight: 400;\">R\u0119kawy po\u0142\u0105czone s\u0105 z tu\u0142owiem przy u\u017cyciu bezszwowej techniki podbierania oczek. R\u0119kawy przerabiane s\u0105 w okr\u0105\u017ceniach z jednoczesnym odejmowaniem oczek\u00a0 dla wyprofilowania kszta\u0142tu r\u0119kaw\u00f3w. R\u0119kawy wyko\u0144czone s\u0105 \u015bciegiem 1&#215;1.\u00a0<\/span><\/p>\n<p><span style=\"font-weight: 400;\">P\u00f3\u0142golf po\u0142\u0105czony jest z tu\u0142owiem przy u\u017cyciu bezszwowej techniki podbierania oczek.\u00a0 Przerabiany jest w okr\u0105\u017ceniach \u015bciegiem 1&#215;1 oraz \u015bciegiem po\u0144czoszniczym. . <\/span><\/p>","protected":false},"featured_media":53630,"comment_status":"closed","ping_status":"closed","template":"","meta":{"jetpack_post_was_ever_published":false,"jetpack_publicize_message":"","jetpack_publicize_feature_enabled":true,"jetpack_social_post_already_shared":true,"jetpack_social_options":{"image_generator_settings":{"template":"highway","default_image_id":0,"font":"","enabled":false},"version":2},"_wpas_customize_per_network":false},"product_brand":[],"product_cat":[699842644,699842616,699842520],"product_tag":[],"class_list":{"0":"post-53674","1":"product","2":"type-product","3":"status-publish","4":"has-post-thumbnail","6":"product_cat-swetry-i-kardigany","7":"product_cat-wzor-na-drutach-po-polsku-ze-schematem","8":"product_cat-wzory-na-drutach","9":"product_shipping_class-cyfrowa","11":"first","12":"instock","13":"sale","14":"downloadable","15":"virtual","16":"taxable","17":"purchasable","18":"product-type-simple"},"yoast_head":"<!-- This site is optimized with the Yoast SEO plugin v27.3 - https:\/\/yoast.com\/product\/yoast-seo-wordpress\/ -->\n<title>Sweter Fluffini - Wz\u00f3r na drutach - HANDMADE state of mind<\/title>\n<meta name=\"description\" content=\"Sweter Fluffini to przepi\u0119kny wz\u00f3r na p\u00f3\u0142golf z delikatn\u0105 struktur\u0105 warkoczy. Wz\u00f3r na drutach na sweter z warkoczami. Wz\u00f3r zawiera schematy.\" \/>\n<meta name=\"robots\" content=\"index, follow, max-snippet:-1, max-image-preview:large, max-video-preview:-1\" \/>\n<link rel=\"canonical\" href=\"https:\/\/handmadestateofmind.com\/en\/product\/sweter-fluffini-wzor-na-drutach\/\" \/>\n<meta property=\"og:locale\" content=\"en_GB\" \/>\n<meta property=\"og:type\" content=\"article\" \/>\n<meta property=\"og:title\" content=\"Sweter Fluffini - Wz\u00f3r na drutach - HANDMADE state of mind\" \/>\n<meta property=\"og:description\" content=\"Sweter Fluffini to przepi\u0119kny wz\u00f3r na p\u00f3\u0142golf z delikatn\u0105 struktur\u0105 warkoczy. Wz\u00f3r na drutach na sweter z warkoczami. Wz\u00f3r zawiera schematy.\" \/>\n<meta property=\"og:url\" content=\"https:\/\/handmadestateofmind.com\/en\/product\/sweter-fluffini-wzor-na-drutach\/\" \/>\n<meta property=\"og:site_name\" content=\"HANDMADE state of mind\" \/>\n<meta property=\"article:modified_time\" content=\"2026-01-15T12:54:40+00:00\" \/>\n<meta property=\"og:image\" content=\"https:\/\/handmadestateofmind.com\/wp-content\/uploads\/2025\/12\/tezza-9614.jpg\" \/>\n\t<meta property=\"og:image:width\" content=\"1600\" \/>\n\t<meta property=\"og:image:height\" content=\"2000\" \/>\n\t<meta property=\"og:image:type\" content=\"image\/jpeg\" \/>\n<meta name=\"twitter:card\" content=\"summary_large_image\" \/>\n<meta name=\"twitter:label1\" content=\"Estimated reading time\" \/>\n\t<meta name=\"twitter:data1\" content=\"2 minutes\" \/>\n<script type=\"application\/ld+json\" class=\"yoast-schema-graph\">{\"@context\":\"https:\\\/\\\/schema.org\",\"@graph\":[{\"@type\":\"WebPage\",\"@id\":\"https:\\\/\\\/handmadestateofmind.com\\\/produkt\\\/sweter-fluffini-wzor-na-drutach\\\/\",\"url\":\"https:\\\/\\\/handmadestateofmind.com\\\/produkt\\\/sweter-fluffini-wzor-na-drutach\\\/\",\"name\":\"Sweter Fluffini - Wz\u00f3r na drutach - HANDMADE state of mind\",\"isPartOf\":{\"@id\":\"https:\\\/\\\/handmadestateofmind.com\\\/#website\"},\"primaryImageOfPage\":{\"@id\":\"https:\\\/\\\/handmadestateofmind.com\\\/produkt\\\/sweter-fluffini-wzor-na-drutach\\\/#primaryimage\"},\"image\":{\"@id\":\"https:\\\/\\\/handmadestateofmind.com\\\/produkt\\\/sweter-fluffini-wzor-na-drutach\\\/#primaryimage\"},\"thumbnailUrl\":\"https:\\\/\\\/i0.wp.com\\\/handmadestateofmind.com\\\/wp-content\\\/uploads\\\/2025\\\/12\\\/tezza-9614.jpg?fit=1600%2C2000&ssl=1\",\"datePublished\":\"2025-12-27T10:26:29+00:00\",\"dateModified\":\"2026-01-15T12:54:40+00:00\",\"description\":\"Sweter Fluffini to przepi\u0119kny wz\u00f3r na p\u00f3\u0142golf z delikatn\u0105 struktur\u0105 warkoczy. Wz\u00f3r na drutach na sweter z warkoczami. Wz\u00f3r zawiera schematy.\",\"breadcrumb\":{\"@id\":\"https:\\\/\\\/handmadestateofmind.com\\\/produkt\\\/sweter-fluffini-wzor-na-drutach\\\/#breadcrumb\"},\"inLanguage\":\"en-GB\",\"potentialAction\":[{\"@type\":\"ReadAction\",\"target\":[\"https:\\\/\\\/handmadestateofmind.com\\\/produkt\\\/sweter-fluffini-wzor-na-drutach\\\/\"]}]},{\"@type\":\"ImageObject\",\"inLanguage\":\"en-GB\",\"@id\":\"https:\\\/\\\/handmadestateofmind.com\\\/produkt\\\/sweter-fluffini-wzor-na-drutach\\\/#primaryimage\",\"url\":\"https:\\\/\\\/i0.wp.com\\\/handmadestateofmind.com\\\/wp-content\\\/uploads\\\/2025\\\/12\\\/tezza-9614.jpg?fit=1600%2C2000&ssl=1\",\"contentUrl\":\"https:\\\/\\\/i0.wp.com\\\/handmadestateofmind.com\\\/wp-content\\\/uploads\\\/2025\\\/12\\\/tezza-9614.jpg?fit=1600%2C2000&ssl=1\",\"width\":1600,\"height\":2000,\"caption\":\"Edited in Tezza with: Cocoa\"},{\"@type\":\"BreadcrumbList\",\"@id\":\"https:\\\/\\\/handmadestateofmind.com\\\/produkt\\\/sweter-fluffini-wzor-na-drutach\\\/#breadcrumb\",\"itemListElement\":[{\"@type\":\"ListItem\",\"position\":1,\"name\":\"Home\",\"item\":\"https:\\\/\\\/handmadestateofmind.com\\\/\"},{\"@type\":\"ListItem\",\"position\":2,\"name\":\"Prywatne: Handmade state of mind\",\"item\":\"https:\\\/\\\/handmadestateofmind.com\\\/?page_id=14778\"},{\"@type\":\"ListItem\",\"position\":3,\"name\":\"Sweter Fluffini\"}]},{\"@type\":\"WebSite\",\"@id\":\"https:\\\/\\\/handmadestateofmind.com\\\/#website\",\"url\":\"https:\\\/\\\/handmadestateofmind.com\\\/\",\"name\":\"HANDMADE state of mind\",\"description\":\"\",\"publisher\":{\"@id\":\"https:\\\/\\\/handmadestateofmind.com\\\/#organization\"},\"potentialAction\":[{\"@type\":\"SearchAction\",\"target\":{\"@type\":\"EntryPoint\",\"urlTemplate\":\"https:\\\/\\\/handmadestateofmind.com\\\/?s={search_term_string}\"},\"query-input\":{\"@type\":\"PropertyValueSpecification\",\"valueRequired\":true,\"valueName\":\"search_term_string\"}}],\"inLanguage\":\"en-GB\"},{\"@type\":\"Organization\",\"@id\":\"https:\\\/\\\/handmadestateofmind.com\\\/#organization\",\"name\":\"HANDMADE state of mind\",\"url\":\"https:\\\/\\\/handmadestateofmind.com\\\/\",\"logo\":{\"@type\":\"ImageObject\",\"inLanguage\":\"en-GB\",\"@id\":\"https:\\\/\\\/handmadestateofmind.com\\\/#\\\/schema\\\/logo\\\/image\\\/\",\"url\":\"https:\\\/\\\/i0.wp.com\\\/handmadestateofmind.com\\\/wp-content\\\/uploads\\\/2020\\\/06\\\/logo-2.png?fit=360%2C100&ssl=1\",\"contentUrl\":\"https:\\\/\\\/i0.wp.com\\\/handmadestateofmind.com\\\/wp-content\\\/uploads\\\/2020\\\/06\\\/logo-2.png?fit=360%2C100&ssl=1\",\"width\":360,\"height\":100,\"caption\":\"HANDMADE state of mind\"},\"image\":{\"@id\":\"https:\\\/\\\/handmadestateofmind.com\\\/#\\\/schema\\\/logo\\\/image\\\/\"}}]}<\/script>\n<!-- \/ Yoast SEO plugin. -->","yoast_head_json":{"title":"Sweter Fluffini - Wz\u00f3r na drutach - HANDMADE state of mind","description":"Sweter Fluffini to przepi\u0119kny wz\u00f3r na p\u00f3\u0142golf z delikatn\u0105 struktur\u0105 warkoczy. Wz\u00f3r na drutach na sweter z warkoczami. Wz\u00f3r zawiera schematy.","robots":{"index":"index","follow":"follow","max-snippet":"max-snippet:-1","max-image-preview":"max-image-preview:large","max-video-preview":"max-video-preview:-1"},"canonical":"https:\/\/handmadestateofmind.com\/en\/product\/sweter-fluffini-wzor-na-drutach\/","og_locale":"en_GB","og_type":"article","og_title":"Sweter Fluffini - Wz\u00f3r na drutach - HANDMADE state of mind","og_description":"Sweter Fluffini to przepi\u0119kny wz\u00f3r na p\u00f3\u0142golf z delikatn\u0105 struktur\u0105 warkoczy. Wz\u00f3r na drutach na sweter z warkoczami. Wz\u00f3r zawiera schematy.","og_url":"https:\/\/handmadestateofmind.com\/en\/product\/sweter-fluffini-wzor-na-drutach\/","og_site_name":"HANDMADE state of mind","article_modified_time":"2026-01-15T12:54:40+00:00","og_image":[{"width":1600,"height":2000,"url":"https:\/\/handmadestateofmind.com\/wp-content\/uploads\/2025\/12\/tezza-9614.jpg","type":"image\/jpeg"}],"twitter_card":"summary_large_image","twitter_misc":{"Estimated reading time":"2 minutes"},"schema":{"@context":"https:\/\/schema.org","@graph":[{"@type":"WebPage","@id":"https:\/\/handmadestateofmind.com\/produkt\/sweter-fluffini-wzor-na-drutach\/","url":"https:\/\/handmadestateofmind.com\/produkt\/sweter-fluffini-wzor-na-drutach\/","name":"Sweter Fluffini - Wz\u00f3r na drutach - HANDMADE state of mind","isPartOf":{"@id":"https:\/\/handmadestateofmind.com\/#website"},"primaryImageOfPage":{"@id":"https:\/\/handmadestateofmind.com\/produkt\/sweter-fluffini-wzor-na-drutach\/#primaryimage"},"image":{"@id":"https:\/\/handmadestateofmind.com\/produkt\/sweter-fluffini-wzor-na-drutach\/#primaryimage"},"thumbnailUrl":"https:\/\/i0.wp.com\/handmadestateofmind.com\/wp-content\/uploads\/2025\/12\/tezza-9614.jpg?fit=1600%2C2000&ssl=1","datePublished":"2025-12-27T10:26:29+00:00","dateModified":"2026-01-15T12:54:40+00:00","description":"Sweter Fluffini to przepi\u0119kny wz\u00f3r na p\u00f3\u0142golf z delikatn\u0105 struktur\u0105 warkoczy. Wz\u00f3r na drutach na sweter z warkoczami. Wz\u00f3r zawiera schematy.","breadcrumb":{"@id":"https:\/\/handmadestateofmind.com\/produkt\/sweter-fluffini-wzor-na-drutach\/#breadcrumb"},"inLanguage":"en-GB","potentialAction":[{"@type":"ReadAction","target":["https:\/\/handmadestateofmind.com\/produkt\/sweter-fluffini-wzor-na-drutach\/"]}]},{"@type":"ImageObject","inLanguage":"en-GB","@id":"https:\/\/handmadestateofmind.com\/produkt\/sweter-fluffini-wzor-na-drutach\/#primaryimage","url":"https:\/\/i0.wp.com\/handmadestateofmind.com\/wp-content\/uploads\/2025\/12\/tezza-9614.jpg?fit=1600%2C2000&ssl=1","contentUrl":"https:\/\/i0.wp.com\/handmadestateofmind.com\/wp-content\/uploads\/2025\/12\/tezza-9614.jpg?fit=1600%2C2000&ssl=1","width":1600,"height":2000,"caption":"Edited in Tezza with: Cocoa"},{"@type":"BreadcrumbList","@id":"https:\/\/handmadestateofmind.com\/produkt\/sweter-fluffini-wzor-na-drutach\/#breadcrumb","itemListElement":[{"@type":"ListItem","position":1,"name":"Home","item":"https:\/\/handmadestateofmind.com\/"},{"@type":"ListItem","position":2,"name":"Prywatne: Handmade state of mind","item":"https:\/\/handmadestateofmind.com\/?page_id=14778"},{"@type":"ListItem","position":3,"name":"Sweter Fluffini"}]},{"@type":"WebSite","@id":"https:\/\/handmadestateofmind.com\/#website","url":"https:\/\/handmadestateofmind.com\/","name":"HANDMADE state of mind","description":"","publisher":{"@id":"https:\/\/handmadestateofmind.com\/#organization"},"potentialAction":[{"@type":"SearchAction","target":{"@type":"EntryPoint","urlTemplate":"https:\/\/handmadestateofmind.com\/?s={search_term_string}"},"query-input":{"@type":"PropertyValueSpecification","valueRequired":true,"valueName":"search_term_string"}}],"inLanguage":"en-GB"},{"@type":"Organization","@id":"https:\/\/handmadestateofmind.com\/#organization","name":"HANDMADE state of mind","url":"https:\/\/handmadestateofmind.com\/","logo":{"@type":"ImageObject","inLanguage":"en-GB","@id":"https:\/\/handmadestateofmind.com\/#\/schema\/logo\/image\/","url":"https:\/\/i0.wp.com\/handmadestateofmind.com\/wp-content\/uploads\/2020\/06\/logo-2.png?fit=360%2C100&ssl=1","contentUrl":"https:\/\/i0.wp.com\/handmadestateofmind.com\/wp-content\/uploads\/2020\/06\/logo-2.png?fit=360%2C100&ssl=1","width":360,"height":100,"caption":"HANDMADE state of mind"},"image":{"@id":"https:\/\/handmadestateofmind.com\/#\/schema\/logo\/image\/"}}]}},"jetpack_publicize_connections":[],"jetpack_sharing_enabled":true,"_links":{"self":[{"href":"https:\/\/handmadestateofmind.com\/en\/wp-json\/wp\/v2\/product\/53674","targetHints":{"allow":["GET"]}}],"collection":[{"href":"https:\/\/handmadestateofmind.com\/en\/wp-json\/wp\/v2\/product"}],"about":[{"href":"https:\/\/handmadestateofmind.com\/en\/wp-json\/wp\/v2\/types\/product"}],"replies":[{"embeddable":true,"href":"https:\/\/handmadestateofmind.com\/en\/wp-json\/wp\/v2\/comments?post=53674"}],"wp:featuredmedia":[{"embeddable":true,"href":"https:\/\/handmadestateofmind.com\/en\/wp-json\/wp\/v2\/media\/53630"}],"wp:attachment":[{"href":"https:\/\/handmadestateofmind.com\/en\/wp-json\/wp\/v2\/media?parent=53674"}],"wp:term":[{"taxonomy":"product_brand","embeddable":true,"href":"https:\/\/handmadestateofmind.com\/en\/wp-json\/wp\/v2\/product_brand?post=53674"},{"taxonomy":"product_cat","embeddable":true,"href":"https:\/\/handmadestateofmind.com\/en\/wp-json\/wp\/v2\/product_cat?post=53674"},{"taxonomy":"product_tag","embeddable":true,"href":"https:\/\/handmadestateofmind.com\/en\/wp-json\/wp\/v2\/product_tag?post=53674"}],"curies":[{"name":"wp","href":"https:\/\/api.w.org\/{rel}","templated":true}]}}