{"id":53112,"date":"2025-11-23T18:42:42","date_gmt":"2025-11-23T17:42:42","guid":{"rendered":"https:\/\/handmadestateofmind.com\/?post_type=product&#038;p=53112"},"modified":"2026-02-24T07:53:32","modified_gmt":"2026-02-24T06:53:32","slug":"kamizelka-terima","status":"publish","type":"product","link":"https:\/\/handmadestateofmind.com\/en\/product\/kamizelka-terima\/","title":{"rendered":"Kamizelka Terima"},"content":{"rendered":"<p><b>ROZMIAR<\/b><\/p>\n<p><span style=\"font-weight: 400;\">XS (S) M (L) XL (XXL)<\/span><\/p>\n<p><span style=\"font-weight: 400;\">Szeroko\u015b\u0107 w ramionach:\u00a0\u00a0<\/span><\/p>\n<p><span style=\"font-weight: 400;\">38 (39.5) 41.5 (43) 43 (44.5)\u00a0 cm<\/span><\/p>\n<p>&nbsp;<\/p>\n<p><span style=\"font-weight: 400;\">Obw\u00f3d w klatce piersiowej:\u00a0\u00a0<\/span><\/p>\n<p><span style=\"font-weight: 400;\">87 (94) 97\u00a0 (104) 107 (117)\u00a0 cm<\/span><\/p>\n<p>&nbsp;<\/p>\n<p><span style=\"font-weight: 400;\">D\u0142ugo\u015b\u0107 (mierzona \u015brodkiem plec\u00f3w) :\u00a0<\/span><\/p>\n<p><span style=\"font-weight: 400;\">52 (54) 56 (58) 60 (62)\u00a0 cm<\/span><\/p>\n<p>&nbsp;<\/p>\n<p><span style=\"font-weight: 400;\">Mam 174cm wzrostu. M\u00f3j rozmiar to S.\u00a0<\/span><\/p>\n<p>&nbsp;<\/p>\n<p><b>W\u0141\u00d3CZKA<\/b><\/p>\n<p><span style=\"font-weight: 400;\">Mohsilko, Gabo Wool\u00a0 25g\/210m, podw\u00f3jna nitka<\/span><\/p>\n<p><span style=\"font-weight: 400;\">kolor Czarny\u00a0 (500)<\/span><\/p>\n<p><span style=\"font-weight: 400;\">\u0142\u0105czna wymagana waga\u00a0<\/span><\/p>\n<p><span style=\"font-weight: 400;\">120 (130) 145 (160) 170 (190)g<\/span><\/p>\n<p><strong>Zgarnij 5% zni\u017cki na w\u0142\u00f3czk\u0119 z kodem Wera5 w sklepie <a href=\"https:\/\/gabowool.com\/\" target=\"_blank\" rel=\"noopener\">Gabo Wool<\/a>.\u00a0<\/strong><\/p>\n<p>&nbsp;<\/p>\n<p><b>DRUTY\u00a0<\/b><\/p>\n<p><span style=\"font-weight: 400;\">Cz\u0119\u015b\u0107 g\u0142\u00f3wna: 4mm, \u017cy\u0142ka min 80 cm<\/span><\/p>\n<p><span style=\"font-weight: 400;\">\u015aci\u0105gacz: 3,5 mm, \u017cy\u0142ka min 80 cm<\/span><\/p>\n<p>&nbsp;<\/p>\n<p><b>POZOSTA\u0141E AKCESORIA<\/b><\/p>\n<p><span style=\"font-weight: 400;\">Ig\u0142a dziewiarska , 1 znacznik<\/span><\/p>\n<p>&nbsp;<\/p>\n<p><b>PR\u00d3BKA<\/b><\/p>\n<p><span style=\"font-weight: 400;\">10 cm x 10 cm\u00a0 24 o. x 36 rz. na drutach 4mm \u015bciegiem przek\u0142adanym, przerabiaj na nieparzystej liczbie oczek:\u00a0<\/span><\/p>\n<p><b>Rz\u0105d 1 ( prawa strona): <\/b><span style=\"font-weight: 400;\">\u00a01 o.p.,\u00a0 *1o.p., prze\u0142 1l w\u0142 z ty\u0142u, powt\u00f3rz od * do 2 oczek w rz\u0119dzie, 2 o.p<\/span><\/p>\n<p><b>Rz\u0105d 2 ( lewa strona) : <\/b><span style=\"font-weight: 400;\">\u00a0\u00a0przer\u00f3b oczkami lewymi\u00a0 do ko\u0144ca rz\u0119du<\/span><\/p>","protected":false},"excerpt":{"rendered":"<p><span style=\"font-weight: 400;\">Kamizelka przerabiana jest od g\u00f3ry do do\u0142u cz\u0119\u015bciowo w rz\u0119dach cz\u0119\u015bciowo w okr\u0105\u017ceniach bez zszywania.\u00a0 Kamizelka przerabiany jest \u015bciegiem przek\u0142adanym, a \u015bci\u0105gacz \u015bciegiem 1&#215;1.\u00a0<\/span><\/p>\n<p><span style=\"font-weight: 400;\">Zaczynasz od wykonania ty\u0142u kamizelki w rz\u0119dach, jednocze\u015bnie kszta\u0142tuj\u0105c podkr\u00f3j pach.\u00a0 W kolejnym kroku\u00a0 przerabiasz cz\u0119\u015b\u0107 prawego i lewego przodu w rz\u0119dach, jednocze\u015bnie kszta\u0142tuj\u0105c dekolt i podkr\u00f3j pach.\u00a0 Obie cz\u0119\u015bci s\u0105 ze sob\u0105 \u0142\u0105czone i prz\u00f3d jest przerabiany, a\u017c do zako\u0144czenia kszta\u0142towania podkroju pach. \u00a0 W kolejnym kroku prz\u00f3d i ty\u0142 s\u0105 ze sob\u0105 \u0142\u0105czone i przerabiane w okr\u0105\u017ceniach, a\u017c do \u015bci\u0105gacza.\u00a0<\/span><\/p>\n<p><span style=\"font-weight: 400;\">Brzegi kamizelki wyko\u0144czone s\u0105 oczkami brzegowymi co zapewnia lekkie podwijanie dzianiny. <\/span><\/p>","protected":false},"featured_media":53084,"comment_status":"closed","ping_status":"closed","template":"","meta":{"jetpack_publicize_message":"","jetpack_publicize_feature_enabled":true,"jetpack_social_post_already_shared":true,"jetpack_social_options":{"image_generator_settings":{"template":"highway","default_image_id":0,"font":"","enabled":false},"version":2},"_wpas_customize_per_network":false},"product_brand":[],"product_cat":[699842647,699842656,699842518,699842520],"product_tag":[],"class_list":{"0":"post-53112","1":"product","2":"type-product","3":"status-publish","4":"has-post-thumbnail","6":"product_cat-bluzki-i-kamizelki","7":"product_cat-front-pl","8":"product_cat-wzor-na-drutach-po-polsku","9":"product_cat-wzory-na-drutach","10":"product_shipping_class-cyfrowa","12":"first","13":"instock","14":"sale","15":"downloadable","16":"virtual","17":"taxable","18":"purchasable","19":"product-type-simple"},"yoast_head":"<!-- This site is optimized with the Yoast SEO plugin v27.4 - https:\/\/yoast.com\/product\/yoast-seo-wordpress\/ -->\n<title>Kamizelka Terima - Wz\u00f3r na drutach - HANDMADE state of mind<\/title>\n<meta name=\"description\" content=\"Wz\u00f3r na drutach zawiera instrukcje jak zrobi\u0107 na drutach kamizelk\u0119. Kamizelka ty oversize na drutach z dekoltem w serek i wyd\u0142u\u017conej konstrukcji.\" \/>\n<meta name=\"robots\" content=\"index, follow, max-snippet:-1, max-image-preview:large, max-video-preview:-1\" \/>\n<link rel=\"canonical\" href=\"https:\/\/handmadestateofmind.com\/en\/product\/kamizelka-terima\/\" \/>\n<meta property=\"og:locale\" content=\"en_GB\" \/>\n<meta property=\"og:type\" content=\"article\" \/>\n<meta property=\"og:title\" content=\"Kamizelka Terima - Wz\u00f3r na drutach - HANDMADE state of mind\" \/>\n<meta property=\"og:description\" content=\"Wz\u00f3r na drutach zawiera instrukcje jak zrobi\u0107 na drutach kamizelk\u0119. Kamizelka ty oversize na drutach z dekoltem w serek i wyd\u0142u\u017conej konstrukcji.\" \/>\n<meta property=\"og:url\" content=\"https:\/\/handmadestateofmind.com\/en\/product\/kamizelka-terima\/\" \/>\n<meta property=\"og:site_name\" content=\"HANDMADE state of mind\" \/>\n<meta property=\"article:modified_time\" content=\"2026-02-24T06:53:32+00:00\" \/>\n<meta property=\"og:image\" content=\"https:\/\/handmadestateofmind.com\/wp-content\/uploads\/2025\/11\/tezza-2436.jpg\" \/>\n\t<meta property=\"og:image:width\" content=\"1600\" \/>\n\t<meta property=\"og:image:height\" content=\"2000\" \/>\n\t<meta property=\"og:image:type\" content=\"image\/jpeg\" \/>\n<meta name=\"twitter:card\" content=\"summary_large_image\" \/>\n<meta name=\"twitter:label1\" content=\"Estimated reading time\" \/>\n\t<meta name=\"twitter:data1\" content=\"2 minutes\" \/>\n<script type=\"application\/ld+json\" class=\"yoast-schema-graph\">{\"@context\":\"https:\\\/\\\/schema.org\",\"@graph\":[{\"@type\":\"WebPage\",\"@id\":\"https:\\\/\\\/handmadestateofmind.com\\\/produkt\\\/kamizelka-terima\\\/\",\"url\":\"https:\\\/\\\/handmadestateofmind.com\\\/produkt\\\/kamizelka-terima\\\/\",\"name\":\"Kamizelka Terima - Wz\u00f3r na drutach - HANDMADE state of mind\",\"isPartOf\":{\"@id\":\"https:\\\/\\\/handmadestateofmind.com\\\/#website\"},\"primaryImageOfPage\":{\"@id\":\"https:\\\/\\\/handmadestateofmind.com\\\/produkt\\\/kamizelka-terima\\\/#primaryimage\"},\"image\":{\"@id\":\"https:\\\/\\\/handmadestateofmind.com\\\/produkt\\\/kamizelka-terima\\\/#primaryimage\"},\"thumbnailUrl\":\"https:\\\/\\\/i0.wp.com\\\/handmadestateofmind.com\\\/wp-content\\\/uploads\\\/2025\\\/11\\\/tezza-2436.jpg?fit=1600%2C2000&ssl=1\",\"datePublished\":\"2025-11-23T17:42:42+00:00\",\"dateModified\":\"2026-02-24T06:53:32+00:00\",\"description\":\"Wz\u00f3r na drutach zawiera instrukcje jak zrobi\u0107 na drutach kamizelk\u0119. Kamizelka ty oversize na drutach z dekoltem w serek i wyd\u0142u\u017conej konstrukcji.\",\"breadcrumb\":{\"@id\":\"https:\\\/\\\/handmadestateofmind.com\\\/produkt\\\/kamizelka-terima\\\/#breadcrumb\"},\"inLanguage\":\"en-GB\",\"potentialAction\":[{\"@type\":\"ReadAction\",\"target\":[\"https:\\\/\\\/handmadestateofmind.com\\\/produkt\\\/kamizelka-terima\\\/\"]}]},{\"@type\":\"ImageObject\",\"inLanguage\":\"en-GB\",\"@id\":\"https:\\\/\\\/handmadestateofmind.com\\\/produkt\\\/kamizelka-terima\\\/#primaryimage\",\"url\":\"https:\\\/\\\/i0.wp.com\\\/handmadestateofmind.com\\\/wp-content\\\/uploads\\\/2025\\\/11\\\/tezza-2436.jpg?fit=1600%2C2000&ssl=1\",\"contentUrl\":\"https:\\\/\\\/i0.wp.com\\\/handmadestateofmind.com\\\/wp-content\\\/uploads\\\/2025\\\/11\\\/tezza-2436.jpg?fit=1600%2C2000&ssl=1\",\"width\":1600,\"height\":2000,\"caption\":\"Edited in Tezza with: Cocoa, Grain, Brightness, &amp; Exposure\"},{\"@type\":\"BreadcrumbList\",\"@id\":\"https:\\\/\\\/handmadestateofmind.com\\\/produkt\\\/kamizelka-terima\\\/#breadcrumb\",\"itemListElement\":[{\"@type\":\"ListItem\",\"position\":1,\"name\":\"Home\",\"item\":\"https:\\\/\\\/handmadestateofmind.com\\\/\"},{\"@type\":\"ListItem\",\"position\":2,\"name\":\"Prywatne: Handmade state of mind\",\"item\":\"https:\\\/\\\/handmadestateofmind.com\\\/?page_id=14778\"},{\"@type\":\"ListItem\",\"position\":3,\"name\":\"Kamizelka Terima\"}]},{\"@type\":\"WebSite\",\"@id\":\"https:\\\/\\\/handmadestateofmind.com\\\/#website\",\"url\":\"https:\\\/\\\/handmadestateofmind.com\\\/\",\"name\":\"HANDMADE state of mind\",\"description\":\"\",\"publisher\":{\"@id\":\"https:\\\/\\\/handmadestateofmind.com\\\/#organization\"},\"potentialAction\":[{\"@type\":\"SearchAction\",\"target\":{\"@type\":\"EntryPoint\",\"urlTemplate\":\"https:\\\/\\\/handmadestateofmind.com\\\/?s={search_term_string}\"},\"query-input\":{\"@type\":\"PropertyValueSpecification\",\"valueRequired\":true,\"valueName\":\"search_term_string\"}}],\"inLanguage\":\"en-GB\"},{\"@type\":\"Organization\",\"@id\":\"https:\\\/\\\/handmadestateofmind.com\\\/#organization\",\"name\":\"HANDMADE state of mind\",\"url\":\"https:\\\/\\\/handmadestateofmind.com\\\/\",\"logo\":{\"@type\":\"ImageObject\",\"inLanguage\":\"en-GB\",\"@id\":\"https:\\\/\\\/handmadestateofmind.com\\\/#\\\/schema\\\/logo\\\/image\\\/\",\"url\":\"https:\\\/\\\/i0.wp.com\\\/handmadestateofmind.com\\\/wp-content\\\/uploads\\\/2020\\\/06\\\/logo-2.png?fit=360%2C100&ssl=1\",\"contentUrl\":\"https:\\\/\\\/i0.wp.com\\\/handmadestateofmind.com\\\/wp-content\\\/uploads\\\/2020\\\/06\\\/logo-2.png?fit=360%2C100&ssl=1\",\"width\":360,\"height\":100,\"caption\":\"HANDMADE state of mind\"},\"image\":{\"@id\":\"https:\\\/\\\/handmadestateofmind.com\\\/#\\\/schema\\\/logo\\\/image\\\/\"}}]}<\/script>\n<!-- \/ Yoast SEO plugin. -->","yoast_head_json":{"title":"Kamizelka Terima - Wz\u00f3r na drutach - HANDMADE state of mind","description":"Wz\u00f3r na drutach zawiera instrukcje jak zrobi\u0107 na drutach kamizelk\u0119. Kamizelka ty oversize na drutach z dekoltem w serek i wyd\u0142u\u017conej konstrukcji.","robots":{"index":"index","follow":"follow","max-snippet":"max-snippet:-1","max-image-preview":"max-image-preview:large","max-video-preview":"max-video-preview:-1"},"canonical":"https:\/\/handmadestateofmind.com\/en\/product\/kamizelka-terima\/","og_locale":"en_GB","og_type":"article","og_title":"Kamizelka Terima - Wz\u00f3r na drutach - HANDMADE state of mind","og_description":"Wz\u00f3r na drutach zawiera instrukcje jak zrobi\u0107 na drutach kamizelk\u0119. Kamizelka ty oversize na drutach z dekoltem w serek i wyd\u0142u\u017conej konstrukcji.","og_url":"https:\/\/handmadestateofmind.com\/en\/product\/kamizelka-terima\/","og_site_name":"HANDMADE state of mind","article_modified_time":"2026-02-24T06:53:32+00:00","og_image":[{"width":1600,"height":2000,"url":"https:\/\/handmadestateofmind.com\/wp-content\/uploads\/2025\/11\/tezza-2436.jpg","type":"image\/jpeg"}],"twitter_card":"summary_large_image","twitter_misc":{"Estimated reading time":"2 minutes"},"schema":{"@context":"https:\/\/schema.org","@graph":[{"@type":"WebPage","@id":"https:\/\/handmadestateofmind.com\/produkt\/kamizelka-terima\/","url":"https:\/\/handmadestateofmind.com\/produkt\/kamizelka-terima\/","name":"Kamizelka Terima - Wz\u00f3r na drutach - HANDMADE state of mind","isPartOf":{"@id":"https:\/\/handmadestateofmind.com\/#website"},"primaryImageOfPage":{"@id":"https:\/\/handmadestateofmind.com\/produkt\/kamizelka-terima\/#primaryimage"},"image":{"@id":"https:\/\/handmadestateofmind.com\/produkt\/kamizelka-terima\/#primaryimage"},"thumbnailUrl":"https:\/\/i0.wp.com\/handmadestateofmind.com\/wp-content\/uploads\/2025\/11\/tezza-2436.jpg?fit=1600%2C2000&ssl=1","datePublished":"2025-11-23T17:42:42+00:00","dateModified":"2026-02-24T06:53:32+00:00","description":"Wz\u00f3r na drutach zawiera instrukcje jak zrobi\u0107 na drutach kamizelk\u0119. Kamizelka ty oversize na drutach z dekoltem w serek i wyd\u0142u\u017conej konstrukcji.","breadcrumb":{"@id":"https:\/\/handmadestateofmind.com\/produkt\/kamizelka-terima\/#breadcrumb"},"inLanguage":"en-GB","potentialAction":[{"@type":"ReadAction","target":["https:\/\/handmadestateofmind.com\/produkt\/kamizelka-terima\/"]}]},{"@type":"ImageObject","inLanguage":"en-GB","@id":"https:\/\/handmadestateofmind.com\/produkt\/kamizelka-terima\/#primaryimage","url":"https:\/\/i0.wp.com\/handmadestateofmind.com\/wp-content\/uploads\/2025\/11\/tezza-2436.jpg?fit=1600%2C2000&ssl=1","contentUrl":"https:\/\/i0.wp.com\/handmadestateofmind.com\/wp-content\/uploads\/2025\/11\/tezza-2436.jpg?fit=1600%2C2000&ssl=1","width":1600,"height":2000,"caption":"Edited in Tezza with: Cocoa, Grain, Brightness, &amp; Exposure"},{"@type":"BreadcrumbList","@id":"https:\/\/handmadestateofmind.com\/produkt\/kamizelka-terima\/#breadcrumb","itemListElement":[{"@type":"ListItem","position":1,"name":"Home","item":"https:\/\/handmadestateofmind.com\/"},{"@type":"ListItem","position":2,"name":"Prywatne: Handmade state of mind","item":"https:\/\/handmadestateofmind.com\/?page_id=14778"},{"@type":"ListItem","position":3,"name":"Kamizelka Terima"}]},{"@type":"WebSite","@id":"https:\/\/handmadestateofmind.com\/#website","url":"https:\/\/handmadestateofmind.com\/","name":"HANDMADE state of mind","description":"","publisher":{"@id":"https:\/\/handmadestateofmind.com\/#organization"},"potentialAction":[{"@type":"SearchAction","target":{"@type":"EntryPoint","urlTemplate":"https:\/\/handmadestateofmind.com\/?s={search_term_string}"},"query-input":{"@type":"PropertyValueSpecification","valueRequired":true,"valueName":"search_term_string"}}],"inLanguage":"en-GB"},{"@type":"Organization","@id":"https:\/\/handmadestateofmind.com\/#organization","name":"HANDMADE state of mind","url":"https:\/\/handmadestateofmind.com\/","logo":{"@type":"ImageObject","inLanguage":"en-GB","@id":"https:\/\/handmadestateofmind.com\/#\/schema\/logo\/image\/","url":"https:\/\/i0.wp.com\/handmadestateofmind.com\/wp-content\/uploads\/2020\/06\/logo-2.png?fit=360%2C100&ssl=1","contentUrl":"https:\/\/i0.wp.com\/handmadestateofmind.com\/wp-content\/uploads\/2020\/06\/logo-2.png?fit=360%2C100&ssl=1","width":360,"height":100,"caption":"HANDMADE state of mind"},"image":{"@id":"https:\/\/handmadestateofmind.com\/#\/schema\/logo\/image\/"}}]}},"jetpack_publicize_connections":[],"jetpack_sharing_enabled":true,"_links":{"self":[{"href":"https:\/\/handmadestateofmind.com\/en\/wp-json\/wp\/v2\/product\/53112","targetHints":{"allow":["GET"]}}],"collection":[{"href":"https:\/\/handmadestateofmind.com\/en\/wp-json\/wp\/v2\/product"}],"about":[{"href":"https:\/\/handmadestateofmind.com\/en\/wp-json\/wp\/v2\/types\/product"}],"replies":[{"embeddable":true,"href":"https:\/\/handmadestateofmind.com\/en\/wp-json\/wp\/v2\/comments?post=53112"}],"wp:featuredmedia":[{"embeddable":true,"href":"https:\/\/handmadestateofmind.com\/en\/wp-json\/wp\/v2\/media\/53084"}],"wp:attachment":[{"href":"https:\/\/handmadestateofmind.com\/en\/wp-json\/wp\/v2\/media?parent=53112"}],"wp:term":[{"taxonomy":"product_brand","embeddable":true,"href":"https:\/\/handmadestateofmind.com\/en\/wp-json\/wp\/v2\/product_brand?post=53112"},{"taxonomy":"product_cat","embeddable":true,"href":"https:\/\/handmadestateofmind.com\/en\/wp-json\/wp\/v2\/product_cat?post=53112"},{"taxonomy":"product_tag","embeddable":true,"href":"https:\/\/handmadestateofmind.com\/en\/wp-json\/wp\/v2\/product_tag?post=53112"}],"curies":[{"name":"wp","href":"https:\/\/api.w.org\/{rel}","templated":true}]}}