{"id":45782,"date":"2025-04-21T18:40:49","date_gmt":"2025-04-21T16:40:49","guid":{"rendered":"https:\/\/handmadestateofmind.com\/?post_type=product&#038;p=45782"},"modified":"2025-10-20T12:01:33","modified_gmt":"2025-10-20T10:01:33","slug":"sweter-mulai-polski-wzor-na-drutach","status":"publish","type":"product","link":"https:\/\/handmadestateofmind.com\/en\/product\/sweter-mulai-polski-wzor-na-drutach\/","title":{"rendered":"Sweter Mulai"},"content":{"rendered":"<p><span style=\"font-weight: 400;\"><b>ROZMIAR<\/b><\/span><\/p>\n<p><span style=\"font-weight: 400;\">XS (S) M (L) XL\u00a0<\/span><\/p>\n<p><span style=\"font-weight: 400;\">Zanim zaczniesz dzierga\u0107, zmierz si\u0119, aby zdecydowa\u0107, kt\u00f3ry rozmiar b\u0119dzie dla Ciebie najlepszy.\u00a0<\/span><\/p>\n<p><b>Obw\u00f3d swetra w klatce piersiowej:\u00a0\u00a0<\/b><\/p>\n<p><span style=\"font-weight: 400;\">115 (119) 123 (130) 144 cm<\/span><\/p>\n<p><b>D\u0142ugo\u015b\u0107 swetra<\/b><span style=\"font-weight: 400;\"> (mierzona \u015brodkiem plec\u00f3w bez ko\u0142nierzyka) :\u00a0<\/span><\/p>\n<p><span style=\"font-weight: 400;\">61 (63) 65 (67) 68\u00a0 cm<\/span><\/p>\n<p><b>D\u0142ugo\u015b\u0107 r\u0119kaw\u00f3w <\/b><span style=\"font-weight: 400;\">( mierzona od linii podbierania):\u00a0<\/span><\/p>\n<p><span style=\"font-weight: 400;\">54.5 (54) 53.5 (53.5) 50.5 cm<\/span><\/p>\n<p><span style=\"font-weight: 400;\">Na zdj\u0119ciu jest rozmiar M.<\/span><\/p>\n<p><span style=\"font-weight: 400;\">Ka\u017cda z nas lubi inn\u0105 warto\u015b\u0107 luzu w swoich ubraniach. Przydatn\u0105 wskaz\u00f3wk\u0105 mo\u017ce by\u0107 zmierzenie kilku swoich ulubionych swetr\u00f3w \u2013 to pomo\u017ce Ci wybra\u0107 idealny rozmiar dla siebie.<\/span><\/p>\n<p>&nbsp;<\/p>\n<p><b>W\u0141\u00d3CZKA<\/b><\/p>\n<p><span style=\"font-weight: 400;\">\u0141\u0105czna wymagana waga\u00a0<\/span><\/p>\n<p><span style=\"font-weight: 400;\">\u00a0675 (715) 750 (815) 885 g<\/span><\/p>\n<p><span style=\"font-weight: 400;\">Sweter przerabiany jest na 3 nitkach trzymanych razem w nast\u0119puj\u0105cej kombinacji:\u00a0\u00a0<\/span><\/p>\n<p><b>My Time Merino by Handmade state of Mind<\/b><span style=\"font-weight: 400;\">,\u00a0 Gabo Wool, 50g\/230m, kolor Szary Py\u0142 (9400), podw\u00f3jna nitka, \u0142\u0105czna wymagana waga\u00a0<\/span><\/p>\n<p><span style=\"font-weight: 400;\">540 (575) 600 (650) 710 g<\/span><\/p>\n<p>z<\/p>\n<p><span style=\"font-weight: 400;\">Mohsilko,\u00a0 Gabo Wool 25g\/210m , kolor Szary Py\u0142 (4400), pojedyncza nitka, \u0142\u0105czna wymagana waga\u00a0<\/span><\/p>\n<p><span style=\"font-weight: 400;\">135 (140) 150 (165) 175 g.<\/span><\/p>\n<p>&nbsp;<\/p>\n<p><b>DRUTY\u00a0<\/b><\/p>\n<p><span style=\"font-weight: 400;\">Tu\u0142\u00f3w: cz\u0119\u015b\u0107 g\u0142\u00f3wna\u00a0 4mm , \u015bci\u0105gacze 3,5mm + \u017cy\u0142ka min 80cm\u00a0<\/span><\/p>\n<p><span style=\"font-weight: 400;\">R\u0119kawy : cz\u0119\u015b\u0107 g\u0142\u00f3wna 4mm, \u015bci\u0105gacze 3,5mm\u00a0 + \u017cy\u0142ka\u00a0 min 80 cm przy u\u017cyciu techniki Magic Loop<\/span><\/p>\n<p><span style=\"font-weight: 400;\">Ko\u0142nierzyk: 3 mm + \u017cy\u0142ka min 80cm\u00a0 przy u\u017cyciu techniki Magic Loop<\/span><\/p>\n<p>&nbsp;<\/p>\n<p><b>POZOSTA\u0141E AKCESORIA<\/b><\/p>\n<p><span style=\"font-weight: 400;\">Ig\u0142a dziewiarska , 2 znaczniki, zapasowa \u017cy\u0142ka lub kawa\u0142ek nitki do zabezpieczenia oczek<\/span><\/p>\n<p>&nbsp;<\/p>\n<p><b>PR\u00d3BKA<\/b><\/p>\n<p><span style=\"font-weight: 400;\">10 cm x 10 cm 18 o x 28 rz na drutach 4mm \u015bciegiem po\u0144czoszniczym<\/span><\/p>\n<p><span style=\"font-weight: 400;\">Rz\u0105d 1 ( prawa strona): \u00a0 przer\u00f3b oczkami prawymi\u00a0<\/span><\/p>\n<p><span style=\"font-weight: 400;\">Rz\u0105d 2 ( lewa strona) :\u00a0 <\/span><b>\u00a0<\/b><span style=\"font-weight: 400;\">przer\u00f3b oczkami lewymi<\/span><\/p>\n<p>&nbsp;<\/p>","protected":false},"excerpt":{"rendered":"<p><span style=\"font-weight: 400;\">Sweter\u00a0 jest robiony od g\u00f3ry do do\u0142u cz\u0119\u015bciowo w rz\u0119dach cz\u0119\u015bciowo w okr\u0105\u017ceniach bez zszywania. Sweter przerabiany jest \u015bciegiem po\u0144czoszniczym, a \u015bci\u0105gacze wykonane s\u0105 \u015bciegiem 1\u00d71.\u00a0<\/span><\/p>\n<p><span style=\"font-weight: 400;\">Zaczynasz od wykonania cz\u0119\u015bci ty\u0142u swetra, kszta\u0142tuj\u0105c sko\u015bny profil ramion przy u\u017cyciu niemieckich rz\u0119d\u00f3w skr\u00f3conych, a nast\u0119pnie przerabiasz ty\u0142, a\u017c do podkroju pach. \u00a0 W kolejnym kroku\u00a0 przerabiasz cz\u0119\u015b\u0107 prawego i lewego przodu w rz\u0119dach, jednocze\u015bnie kszta\u0142tuj\u0105c dekolt.\u00a0 Obie cz\u0119\u015bci s\u0105 ze sob\u0105 \u0142\u0105czone i prz\u00f3d jest przerabiany, a\u017c do podkroju pach. \u00a0 W kolejnym kroku prz\u00f3d i ty\u0142 s\u0105 ze sob\u0105 \u0142\u0105czone i przerabiane w okr\u0105\u017ceniach, a\u017c do \u015bci\u0105gacza.\u00a0<\/span><\/p>\n<p><span style=\"font-weight: 400;\">R\u0119kawy po\u0142\u0105czone s\u0105 z tu\u0142owiem przy u\u017cyciu bezszwowej techniki podbierania oczek.\u00a0 R\u0119kawy s\u0105 przerabiane w okr\u0105\u017ceniach z jednoczesnym odejmowaniem oczek w celu wyprofilowania ich kszta\u0142tu.\u00a0\u00a0<\/span><\/p>\n<p><span style=\"font-weight: 400;\">Ko\u0142nierzyk po\u0142\u0105czony jest z tu\u0142owiem przy u\u017cyciu bezszwowej techniki podbierania oczek.\u00a0 Ko\u0142nierzyk przerabiany jest w okr\u0105\u017ceniach \u015bciegiem 1\u00d71. <\/span><\/p>","protected":false},"featured_media":50173,"comment_status":"closed","ping_status":"closed","template":"","meta":{"jetpack_post_was_ever_published":false,"jetpack_publicize_message":"","jetpack_publicize_feature_enabled":true,"jetpack_social_post_already_shared":true,"jetpack_social_options":{"image_generator_settings":{"template":"highway","default_image_id":0,"font":"","enabled":false},"version":2},"_wpas_customize_per_network":false},"product_brand":[],"product_cat":[699842644,699842518,699842520],"product_tag":[],"class_list":{"0":"post-45782","1":"product","2":"type-product","3":"status-publish","4":"has-post-thumbnail","6":"product_cat-swetry-i-kardigany","7":"product_cat-wzor-na-drutach-po-polsku","8":"product_cat-wzory-na-drutach","9":"product_shipping_class-cyfrowa","11":"first","12":"instock","13":"sale","14":"downloadable","15":"virtual","16":"taxable","17":"purchasable","18":"product-type-simple"},"yoast_head":"<!-- This site is optimized with the Yoast SEO plugin v27.3 - https:\/\/yoast.com\/product\/yoast-seo-wordpress\/ -->\n<title>Sweter Mulai - Wz\u00f3r na drutach - HANDMADE state of mind<\/title>\n<meta name=\"description\" content=\"Ten wz\u00f3r na drutach zawiera instrukcj\u0119 jak wykona\u0107 sweter na drutach o konstrukcji pude\u0142kowej z okr\u0105g\u0142ym dekoltem. Wz\u00f3r na drutach ta sweter typu oversize.\" \/>\n<meta name=\"robots\" content=\"index, follow, max-snippet:-1, max-image-preview:large, max-video-preview:-1\" \/>\n<link rel=\"canonical\" href=\"https:\/\/handmadestateofmind.com\/en\/product\/sweter-mulai-polski-wzor-na-drutach\/\" \/>\n<meta property=\"og:locale\" content=\"en_GB\" \/>\n<meta property=\"og:type\" content=\"article\" \/>\n<meta property=\"og:title\" content=\"Sweter Mulai - Wz\u00f3r na drutach - HANDMADE state of mind\" \/>\n<meta property=\"og:description\" content=\"Ten wz\u00f3r na drutach zawiera instrukcj\u0119 jak wykona\u0107 sweter na drutach o konstrukcji pude\u0142kowej z okr\u0105g\u0142ym dekoltem. Wz\u00f3r na drutach ta sweter typu oversize.\" \/>\n<meta property=\"og:url\" content=\"https:\/\/handmadestateofmind.com\/en\/product\/sweter-mulai-polski-wzor-na-drutach\/\" \/>\n<meta property=\"og:site_name\" content=\"HANDMADE state of mind\" \/>\n<meta property=\"article:modified_time\" content=\"2025-10-20T10:01:33+00:00\" \/>\n<meta property=\"og:image\" content=\"https:\/\/handmadestateofmind.com\/wp-content\/uploads\/2025\/08\/tezza-4453.jpg\" \/>\n\t<meta property=\"og:image:width\" content=\"1600\" \/>\n\t<meta property=\"og:image:height\" content=\"2000\" \/>\n\t<meta property=\"og:image:type\" content=\"image\/jpeg\" \/>\n<meta name=\"twitter:card\" content=\"summary_large_image\" \/>\n<meta name=\"twitter:label1\" content=\"Estimated reading time\" \/>\n\t<meta name=\"twitter:data1\" content=\"2 minutes\" \/>\n<script type=\"application\/ld+json\" class=\"yoast-schema-graph\">{\"@context\":\"https:\\\/\\\/schema.org\",\"@graph\":[{\"@type\":\"WebPage\",\"@id\":\"https:\\\/\\\/handmadestateofmind.com\\\/produkt\\\/sweter-mulai-polski-wzor-na-drutach\\\/\",\"url\":\"https:\\\/\\\/handmadestateofmind.com\\\/produkt\\\/sweter-mulai-polski-wzor-na-drutach\\\/\",\"name\":\"Sweter Mulai - Wz\u00f3r na drutach - HANDMADE state of mind\",\"isPartOf\":{\"@id\":\"https:\\\/\\\/handmadestateofmind.com\\\/#website\"},\"primaryImageOfPage\":{\"@id\":\"https:\\\/\\\/handmadestateofmind.com\\\/produkt\\\/sweter-mulai-polski-wzor-na-drutach\\\/#primaryimage\"},\"image\":{\"@id\":\"https:\\\/\\\/handmadestateofmind.com\\\/produkt\\\/sweter-mulai-polski-wzor-na-drutach\\\/#primaryimage\"},\"thumbnailUrl\":\"https:\\\/\\\/i0.wp.com\\\/handmadestateofmind.com\\\/wp-content\\\/uploads\\\/2025\\\/08\\\/tezza-4453.jpg?fit=1600%2C2000&ssl=1\",\"datePublished\":\"2025-04-21T16:40:49+00:00\",\"dateModified\":\"2025-10-20T10:01:33+00:00\",\"description\":\"Ten wz\u00f3r na drutach zawiera instrukcj\u0119 jak wykona\u0107 sweter na drutach o konstrukcji pude\u0142kowej z okr\u0105g\u0142ym dekoltem. Wz\u00f3r na drutach ta sweter typu oversize.\",\"breadcrumb\":{\"@id\":\"https:\\\/\\\/handmadestateofmind.com\\\/produkt\\\/sweter-mulai-polski-wzor-na-drutach\\\/#breadcrumb\"},\"inLanguage\":\"en-GB\",\"potentialAction\":[{\"@type\":\"ReadAction\",\"target\":[\"https:\\\/\\\/handmadestateofmind.com\\\/produkt\\\/sweter-mulai-polski-wzor-na-drutach\\\/\"]}]},{\"@type\":\"ImageObject\",\"inLanguage\":\"en-GB\",\"@id\":\"https:\\\/\\\/handmadestateofmind.com\\\/produkt\\\/sweter-mulai-polski-wzor-na-drutach\\\/#primaryimage\",\"url\":\"https:\\\/\\\/i0.wp.com\\\/handmadestateofmind.com\\\/wp-content\\\/uploads\\\/2025\\\/08\\\/tezza-4453.jpg?fit=1600%2C2000&ssl=1\",\"contentUrl\":\"https:\\\/\\\/i0.wp.com\\\/handmadestateofmind.com\\\/wp-content\\\/uploads\\\/2025\\\/08\\\/tezza-4453.jpg?fit=1600%2C2000&ssl=1\",\"width\":1600,\"height\":2000,\"caption\":\"Edited in Tezza with: Cocoa, Brightness, &amp; Grain\"},{\"@type\":\"BreadcrumbList\",\"@id\":\"https:\\\/\\\/handmadestateofmind.com\\\/produkt\\\/sweter-mulai-polski-wzor-na-drutach\\\/#breadcrumb\",\"itemListElement\":[{\"@type\":\"ListItem\",\"position\":1,\"name\":\"Home\",\"item\":\"https:\\\/\\\/handmadestateofmind.com\\\/\"},{\"@type\":\"ListItem\",\"position\":2,\"name\":\"Prywatne: Handmade state of mind\",\"item\":\"https:\\\/\\\/handmadestateofmind.com\\\/?page_id=14778\"},{\"@type\":\"ListItem\",\"position\":3,\"name\":\"Sweter Mulai\"}]},{\"@type\":\"WebSite\",\"@id\":\"https:\\\/\\\/handmadestateofmind.com\\\/#website\",\"url\":\"https:\\\/\\\/handmadestateofmind.com\\\/\",\"name\":\"HANDMADE state of mind\",\"description\":\"\",\"publisher\":{\"@id\":\"https:\\\/\\\/handmadestateofmind.com\\\/#organization\"},\"potentialAction\":[{\"@type\":\"SearchAction\",\"target\":{\"@type\":\"EntryPoint\",\"urlTemplate\":\"https:\\\/\\\/handmadestateofmind.com\\\/?s={search_term_string}\"},\"query-input\":{\"@type\":\"PropertyValueSpecification\",\"valueRequired\":true,\"valueName\":\"search_term_string\"}}],\"inLanguage\":\"en-GB\"},{\"@type\":\"Organization\",\"@id\":\"https:\\\/\\\/handmadestateofmind.com\\\/#organization\",\"name\":\"HANDMADE state of mind\",\"url\":\"https:\\\/\\\/handmadestateofmind.com\\\/\",\"logo\":{\"@type\":\"ImageObject\",\"inLanguage\":\"en-GB\",\"@id\":\"https:\\\/\\\/handmadestateofmind.com\\\/#\\\/schema\\\/logo\\\/image\\\/\",\"url\":\"https:\\\/\\\/i0.wp.com\\\/handmadestateofmind.com\\\/wp-content\\\/uploads\\\/2020\\\/06\\\/logo-2.png?fit=360%2C100&ssl=1\",\"contentUrl\":\"https:\\\/\\\/i0.wp.com\\\/handmadestateofmind.com\\\/wp-content\\\/uploads\\\/2020\\\/06\\\/logo-2.png?fit=360%2C100&ssl=1\",\"width\":360,\"height\":100,\"caption\":\"HANDMADE state of mind\"},\"image\":{\"@id\":\"https:\\\/\\\/handmadestateofmind.com\\\/#\\\/schema\\\/logo\\\/image\\\/\"}}]}<\/script>\n<!-- \/ Yoast SEO plugin. -->","yoast_head_json":{"title":"Sweter Mulai - Wz\u00f3r na drutach - HANDMADE state of mind","description":"Ten wz\u00f3r na drutach zawiera instrukcj\u0119 jak wykona\u0107 sweter na drutach o konstrukcji pude\u0142kowej z okr\u0105g\u0142ym dekoltem. Wz\u00f3r na drutach ta sweter typu oversize.","robots":{"index":"index","follow":"follow","max-snippet":"max-snippet:-1","max-image-preview":"max-image-preview:large","max-video-preview":"max-video-preview:-1"},"canonical":"https:\/\/handmadestateofmind.com\/en\/product\/sweter-mulai-polski-wzor-na-drutach\/","og_locale":"en_GB","og_type":"article","og_title":"Sweter Mulai - Wz\u00f3r na drutach - HANDMADE state of mind","og_description":"Ten wz\u00f3r na drutach zawiera instrukcj\u0119 jak wykona\u0107 sweter na drutach o konstrukcji pude\u0142kowej z okr\u0105g\u0142ym dekoltem. Wz\u00f3r na drutach ta sweter typu oversize.","og_url":"https:\/\/handmadestateofmind.com\/en\/product\/sweter-mulai-polski-wzor-na-drutach\/","og_site_name":"HANDMADE state of mind","article_modified_time":"2025-10-20T10:01:33+00:00","og_image":[{"width":1600,"height":2000,"url":"https:\/\/handmadestateofmind.com\/wp-content\/uploads\/2025\/08\/tezza-4453.jpg","type":"image\/jpeg"}],"twitter_card":"summary_large_image","twitter_misc":{"Estimated reading time":"2 minutes"},"schema":{"@context":"https:\/\/schema.org","@graph":[{"@type":"WebPage","@id":"https:\/\/handmadestateofmind.com\/produkt\/sweter-mulai-polski-wzor-na-drutach\/","url":"https:\/\/handmadestateofmind.com\/produkt\/sweter-mulai-polski-wzor-na-drutach\/","name":"Sweter Mulai - Wz\u00f3r na drutach - HANDMADE state of mind","isPartOf":{"@id":"https:\/\/handmadestateofmind.com\/#website"},"primaryImageOfPage":{"@id":"https:\/\/handmadestateofmind.com\/produkt\/sweter-mulai-polski-wzor-na-drutach\/#primaryimage"},"image":{"@id":"https:\/\/handmadestateofmind.com\/produkt\/sweter-mulai-polski-wzor-na-drutach\/#primaryimage"},"thumbnailUrl":"https:\/\/i0.wp.com\/handmadestateofmind.com\/wp-content\/uploads\/2025\/08\/tezza-4453.jpg?fit=1600%2C2000&ssl=1","datePublished":"2025-04-21T16:40:49+00:00","dateModified":"2025-10-20T10:01:33+00:00","description":"Ten wz\u00f3r na drutach zawiera instrukcj\u0119 jak wykona\u0107 sweter na drutach o konstrukcji pude\u0142kowej z okr\u0105g\u0142ym dekoltem. Wz\u00f3r na drutach ta sweter typu oversize.","breadcrumb":{"@id":"https:\/\/handmadestateofmind.com\/produkt\/sweter-mulai-polski-wzor-na-drutach\/#breadcrumb"},"inLanguage":"en-GB","potentialAction":[{"@type":"ReadAction","target":["https:\/\/handmadestateofmind.com\/produkt\/sweter-mulai-polski-wzor-na-drutach\/"]}]},{"@type":"ImageObject","inLanguage":"en-GB","@id":"https:\/\/handmadestateofmind.com\/produkt\/sweter-mulai-polski-wzor-na-drutach\/#primaryimage","url":"https:\/\/i0.wp.com\/handmadestateofmind.com\/wp-content\/uploads\/2025\/08\/tezza-4453.jpg?fit=1600%2C2000&ssl=1","contentUrl":"https:\/\/i0.wp.com\/handmadestateofmind.com\/wp-content\/uploads\/2025\/08\/tezza-4453.jpg?fit=1600%2C2000&ssl=1","width":1600,"height":2000,"caption":"Edited in Tezza with: Cocoa, Brightness, &amp; Grain"},{"@type":"BreadcrumbList","@id":"https:\/\/handmadestateofmind.com\/produkt\/sweter-mulai-polski-wzor-na-drutach\/#breadcrumb","itemListElement":[{"@type":"ListItem","position":1,"name":"Home","item":"https:\/\/handmadestateofmind.com\/"},{"@type":"ListItem","position":2,"name":"Prywatne: Handmade state of mind","item":"https:\/\/handmadestateofmind.com\/?page_id=14778"},{"@type":"ListItem","position":3,"name":"Sweter Mulai"}]},{"@type":"WebSite","@id":"https:\/\/handmadestateofmind.com\/#website","url":"https:\/\/handmadestateofmind.com\/","name":"HANDMADE state of mind","description":"","publisher":{"@id":"https:\/\/handmadestateofmind.com\/#organization"},"potentialAction":[{"@type":"SearchAction","target":{"@type":"EntryPoint","urlTemplate":"https:\/\/handmadestateofmind.com\/?s={search_term_string}"},"query-input":{"@type":"PropertyValueSpecification","valueRequired":true,"valueName":"search_term_string"}}],"inLanguage":"en-GB"},{"@type":"Organization","@id":"https:\/\/handmadestateofmind.com\/#organization","name":"HANDMADE state of mind","url":"https:\/\/handmadestateofmind.com\/","logo":{"@type":"ImageObject","inLanguage":"en-GB","@id":"https:\/\/handmadestateofmind.com\/#\/schema\/logo\/image\/","url":"https:\/\/i0.wp.com\/handmadestateofmind.com\/wp-content\/uploads\/2020\/06\/logo-2.png?fit=360%2C100&ssl=1","contentUrl":"https:\/\/i0.wp.com\/handmadestateofmind.com\/wp-content\/uploads\/2020\/06\/logo-2.png?fit=360%2C100&ssl=1","width":360,"height":100,"caption":"HANDMADE state of mind"},"image":{"@id":"https:\/\/handmadestateofmind.com\/#\/schema\/logo\/image\/"}}]}},"jetpack_publicize_connections":[],"jetpack_sharing_enabled":true,"_links":{"self":[{"href":"https:\/\/handmadestateofmind.com\/en\/wp-json\/wp\/v2\/product\/45782","targetHints":{"allow":["GET"]}}],"collection":[{"href":"https:\/\/handmadestateofmind.com\/en\/wp-json\/wp\/v2\/product"}],"about":[{"href":"https:\/\/handmadestateofmind.com\/en\/wp-json\/wp\/v2\/types\/product"}],"replies":[{"embeddable":true,"href":"https:\/\/handmadestateofmind.com\/en\/wp-json\/wp\/v2\/comments?post=45782"}],"wp:featuredmedia":[{"embeddable":true,"href":"https:\/\/handmadestateofmind.com\/en\/wp-json\/wp\/v2\/media\/50173"}],"wp:attachment":[{"href":"https:\/\/handmadestateofmind.com\/en\/wp-json\/wp\/v2\/media?parent=45782"}],"wp:term":[{"taxonomy":"product_brand","embeddable":true,"href":"https:\/\/handmadestateofmind.com\/en\/wp-json\/wp\/v2\/product_brand?post=45782"},{"taxonomy":"product_cat","embeddable":true,"href":"https:\/\/handmadestateofmind.com\/en\/wp-json\/wp\/v2\/product_cat?post=45782"},{"taxonomy":"product_tag","embeddable":true,"href":"https:\/\/handmadestateofmind.com\/en\/wp-json\/wp\/v2\/product_tag?post=45782"}],"curies":[{"name":"wp","href":"https:\/\/api.w.org\/{rel}","templated":true}]}}