{"id":44817,"date":"2025-03-24T11:07:54","date_gmt":"2025-03-24T10:07:54","guid":{"rendered":"https:\/\/handmadestateofmind.com\/?post_type=product&#038;p=44817"},"modified":"2026-04-27T11:38:29","modified_gmt":"2026-04-27T09:38:29","slug":"top-ayo-polski-wzor-na-drutach","status":"publish","type":"product","link":"https:\/\/handmadestateofmind.com\/en\/product\/top-ayo-polski-wzor-na-drutach\/","title":{"rendered":"Top Ayo"},"content":{"rendered":"<p><b>ROZMIAR<\/b><\/p>\n<p><span style=\"font-weight: 400;\">XS (S) M (L) XL (XXL)\u00a0<\/span><\/p>\n<p><span style=\"font-weight: 400;\">Obw\u00f3d\u00a0 w klatce piersiowej:\u00a0\u00a0<\/span><\/p>\n<p><span style=\"font-weight: 400;\">105 (110) 115 (120) 125\u00a0 (135) cm<\/span><\/p>\n<p><span style=\"font-weight: 400;\">D\u0142ugo\u015b\u0107 (mierzona \u015brodkiem plec\u00f3w bez ko\u0142nierzyka) :\u00a0<\/span><\/p>\n<p><span style=\"font-weight: 400;\">47 (49) 51 (53) 55 (57)\u00a0 cm<\/span><\/p>\n<p><span style=\"font-weight: 400;\">Na zdj\u0119ciu jest rozmiar S. Mam 174cm wzrostu.<\/span><\/p>\n<p>&nbsp;<\/p>\n<p><b>W\u0141\u00d3CZKA<\/b><\/p>\n<p><span style=\"font-weight: 400;\">dwie nitki w\u0142\u00f3czki trzymanej razem:<\/span><\/p>\n<p><span style=\"font-weight: 400;\">1 nitka Sunday ,\u00a0 Sandnes Garn\u00a0 50g\/235m ,\u00a0 kolor\u00a0 5882,\u00a0 \u0142\u0105czna wymagana waga:\u00a0\u00a0<\/span><\/p>\n<p><span style=\"font-weight: 400;\">120 (130) 140 (150) 165 (185) g<\/span><\/p>\n<p><span style=\"font-weight: 400;\">do wykonania dodatkowych 10cm d\u0142ugo\u015bci\u00a0 swetra potrzeba odpowiednio 26 (26) 28 (30) 30 (32) g\u00a0<\/span><\/p>\n<p><span style=\"font-weight: 400;\">i<\/span><\/p>\n<p><span style=\"font-weight: 400;\">1 nitka Alpakka Folgetrad ,\u00a0 Sandnes Garn\u00a0 50g\/400m ,\u00a0 kolor\u00a0 5882,\u00a0 \u0142\u0105czna wymagana waga:<\/span><\/p>\n<p><span style=\"font-weight: 400;\">60 (65) 70 (75) 85 (95) g<\/span><\/p>\n<p><span style=\"font-weight: 400;\">do wykonania dodatkowych 10cm d\u0142ugo\u015bci\u00a0 swetra potrzeba odpowiednio 13 (13) 14 (15) 15 (16) g.<\/span><\/p>\n<p>&nbsp;<\/p>\n<p><b>DRUTY\u00a0<\/b><\/p>\n<p><span style=\"font-weight: 400;\">Tu\u0142\u00f3w: 4 mm, \u017cy\u0142ka min 80 cm\u00a0<\/span><\/p>\n<p><span style=\"font-weight: 400;\">\u015aci\u0105gacze: 3,5 mm, \u017cy\u0142ka 60 lub min 80cm przy u\u017cyciu techniki Magic Loop\u00a0<\/span><\/p>\n<p><span style=\"font-weight: 400;\">Ko\u0142nierzyk: 3,5 mm, \u017cy\u0142ka min 80 cm<\/span><\/p>\n<p>&nbsp;<\/p>\n<p><b>POZOSTA\u0141E AKCESORIA<\/b><\/p>\n<p><span style=\"font-weight: 400;\">Znaczniki, ig\u0142a dziewiarska ,\u00a0 2 x \u017cy\u0142ka zapasowa do zabezpieczenia oczek ( lub kawa\u0142ek w\u0142\u00f3czki), 6\u00a0 guzik\u00f3w (XS, S, M, L), 7 guzik\u00f3w ( XL, XXL)\u00a0 \u015brednica 15 mm\u00a0<\/span><\/p>\n<p><b>PR\u00d3BKA<\/b><\/p>\n<p><span style=\"font-weight: 400;\">10 cm x 10 cm 21 o x 32 rz na drutach 4mm \u015bciegiem po\u0144czoszniczym<\/span><\/p>\n<p><span style=\"font-weight: 400;\">Rz\u0105d 1 ( prawa strona): przer\u00f3b oczkami prawymi<\/span><\/p>\n<p><span style=\"font-weight: 400;\">Rz\u0105d 2 ( lewa strona) : przer\u00f3b oczkami lewymi<\/span><\/p>\n<p>&nbsp;<\/p>","protected":false},"excerpt":{"rendered":"<p><span style=\"font-weight: 400;\">Top wykonywany jest od g\u00f3ry do do\u0142u \u015bciegiem po\u0144czoszniczym bez zszywania, cz\u0119\u015bciowo w rz\u0119dach, cz\u0119\u015bciowo w okr\u0105\u017ceniach.\u00a0<\/span><\/p>\n<p><span style=\"font-weight: 400;\">Zaczynasz od nabrania oczek na ty\u0142, a nast\u0119pnie przerabiasz w rz\u0119dach z jednoczesnym kszta\u0142towaniem ramion i podkroju pach.\u00a0 Nast\u0119pnie podbierasz oczka na lewy i prawy prz\u00f3d. Ka\u017cda z tych cz\u0119\u015bci przerabiana jest oddzielnie w rz\u0119dach z jednoczesnym kszta\u0142towaniem dekoltu\u00a0 oraz podkroju pach, jak r\u00f3wnie\u017c przerabianiem plisy \u015bciegiem 1&#215;1.\u00a0<\/span><\/p>\n<p><span style=\"font-weight: 400;\">W kolejny kroku wszystkie cz\u0119\u015bci s\u0105 ze sob\u0105 \u0142\u0105czone i przerabianie jest kontynuowane w rz\u0119dach a\u017c do \u015bci\u0105gacza. \u015aci\u0105gacz przerabiany jest \u015bciegiem 1&#215;1.\u00a0<\/span><\/p>\n<p><span style=\"font-weight: 400;\">Nast\u0119pnie podbierasz oczka na \u015bci\u0105gacze wok\u00f3\u0142 ramion. \u015aci\u0105gacze przerabiane s\u0105 \u015bciegiem 1&#215;1 w okr\u0105\u017ceniach.\u00a0<\/span><\/p>\n<p><span style=\"font-weight: 400;\">W ostatnim kroku podbierasz oczka na ko\u0142nierzyk. Ko\u0142nierzyk przerabiany jest \u015bciegiem 1&#215;1 w rz\u0119dach. <\/span><\/p>","protected":false},"featured_media":50040,"comment_status":"closed","ping_status":"closed","template":"","meta":{"jetpack_publicize_message":"","jetpack_publicize_feature_enabled":true,"jetpack_social_post_already_shared":true,"jetpack_social_options":{"image_generator_settings":{"template":"highway","default_image_id":0,"font":"","enabled":false},"version":2},"_wpas_customize_per_network":false},"product_brand":[],"product_cat":[699842647,699842656,699842518,699842520],"product_tag":[],"class_list":{"0":"post-44817","1":"product","2":"type-product","3":"status-publish","4":"has-post-thumbnail","6":"product_cat-bluzki-i-kamizelki","7":"product_cat-front-pl","8":"product_cat-wzor-na-drutach-po-polsku","9":"product_cat-wzory-na-drutach","10":"product_shipping_class-cyfrowa","12":"first","13":"instock","14":"sale","15":"downloadable","16":"virtual","17":"taxable","18":"purchasable","19":"product-type-simple"},"yoast_head":"<!-- This site is optimized with the Yoast SEO plugin v27.4 - https:\/\/yoast.com\/product\/yoast-seo-wordpress\/ -->\n<title>Top Ayo - wz\u00f3r na drutach - HANDMADE state of mind<\/title>\n<meta name=\"description\" content=\"Wz\u00f3r na drutach na zapinany top z kr\u00f3tkim r\u0119kawem i okr\u0105g\u0142ym dekoltem. Wz\u00f3r na drutach na top na wiosn\u0119. Wz\u00f3r na drutach na crop top.\" \/>\n<meta name=\"robots\" content=\"index, follow, max-snippet:-1, max-image-preview:large, max-video-preview:-1\" \/>\n<link rel=\"canonical\" href=\"https:\/\/handmadestateofmind.com\/en\/product\/top-ayo-polski-wzor-na-drutach\/\" \/>\n<meta property=\"og:locale\" content=\"en_GB\" \/>\n<meta property=\"og:type\" content=\"article\" \/>\n<meta property=\"og:title\" content=\"Top Ayo - wz\u00f3r na drutach - HANDMADE state of mind\" \/>\n<meta property=\"og:description\" content=\"Wz\u00f3r na drutach na zapinany top z kr\u00f3tkim r\u0119kawem i okr\u0105g\u0142ym dekoltem. Wz\u00f3r na drutach na top na wiosn\u0119. Wz\u00f3r na drutach na crop top.\" \/>\n<meta property=\"og:url\" content=\"https:\/\/handmadestateofmind.com\/en\/product\/top-ayo-polski-wzor-na-drutach\/\" \/>\n<meta property=\"og:site_name\" content=\"HANDMADE state of mind\" \/>\n<meta property=\"article:modified_time\" content=\"2026-04-27T09:38:29+00:00\" \/>\n<meta property=\"og:image\" content=\"https:\/\/handmadestateofmind.com\/wp-content\/uploads\/2025\/08\/tezza-2264.jpg\" \/>\n\t<meta property=\"og:image:width\" content=\"1600\" \/>\n\t<meta property=\"og:image:height\" content=\"2000\" \/>\n\t<meta property=\"og:image:type\" content=\"image\/jpeg\" \/>\n<meta name=\"twitter:card\" content=\"summary_large_image\" \/>\n<meta name=\"twitter:label1\" content=\"Estimated reading time\" \/>\n\t<meta name=\"twitter:data1\" content=\"2 minutes\" \/>\n<script type=\"application\/ld+json\" class=\"yoast-schema-graph\">{\"@context\":\"https:\\\/\\\/schema.org\",\"@graph\":[{\"@type\":\"WebPage\",\"@id\":\"https:\\\/\\\/handmadestateofmind.com\\\/produkt\\\/top-ayo-polski-wzor-na-drutach\\\/\",\"url\":\"https:\\\/\\\/handmadestateofmind.com\\\/produkt\\\/top-ayo-polski-wzor-na-drutach\\\/\",\"name\":\"Top Ayo - wz\u00f3r na drutach - HANDMADE state of mind\",\"isPartOf\":{\"@id\":\"https:\\\/\\\/handmadestateofmind.com\\\/#website\"},\"primaryImageOfPage\":{\"@id\":\"https:\\\/\\\/handmadestateofmind.com\\\/produkt\\\/top-ayo-polski-wzor-na-drutach\\\/#primaryimage\"},\"image\":{\"@id\":\"https:\\\/\\\/handmadestateofmind.com\\\/produkt\\\/top-ayo-polski-wzor-na-drutach\\\/#primaryimage\"},\"thumbnailUrl\":\"https:\\\/\\\/i0.wp.com\\\/handmadestateofmind.com\\\/wp-content\\\/uploads\\\/2025\\\/08\\\/tezza-2264.jpg?fit=1600%2C2000&ssl=1\",\"datePublished\":\"2025-03-24T10:07:54+00:00\",\"dateModified\":\"2026-04-27T09:38:29+00:00\",\"description\":\"Wz\u00f3r na drutach na zapinany top z kr\u00f3tkim r\u0119kawem i okr\u0105g\u0142ym dekoltem. Wz\u00f3r na drutach na top na wiosn\u0119. Wz\u00f3r na drutach na crop top.\",\"breadcrumb\":{\"@id\":\"https:\\\/\\\/handmadestateofmind.com\\\/produkt\\\/top-ayo-polski-wzor-na-drutach\\\/#breadcrumb\"},\"inLanguage\":\"en-GB\",\"potentialAction\":[{\"@type\":\"ReadAction\",\"target\":[\"https:\\\/\\\/handmadestateofmind.com\\\/produkt\\\/top-ayo-polski-wzor-na-drutach\\\/\"]}]},{\"@type\":\"ImageObject\",\"inLanguage\":\"en-GB\",\"@id\":\"https:\\\/\\\/handmadestateofmind.com\\\/produkt\\\/top-ayo-polski-wzor-na-drutach\\\/#primaryimage\",\"url\":\"https:\\\/\\\/i0.wp.com\\\/handmadestateofmind.com\\\/wp-content\\\/uploads\\\/2025\\\/08\\\/tezza-2264.jpg?fit=1600%2C2000&ssl=1\",\"contentUrl\":\"https:\\\/\\\/i0.wp.com\\\/handmadestateofmind.com\\\/wp-content\\\/uploads\\\/2025\\\/08\\\/tezza-2264.jpg?fit=1600%2C2000&ssl=1\",\"width\":1600,\"height\":2000,\"caption\":\"Edited in Tezza with: Cocoa, Brightness, &amp; Grain\"},{\"@type\":\"BreadcrumbList\",\"@id\":\"https:\\\/\\\/handmadestateofmind.com\\\/produkt\\\/top-ayo-polski-wzor-na-drutach\\\/#breadcrumb\",\"itemListElement\":[{\"@type\":\"ListItem\",\"position\":1,\"name\":\"Home\",\"item\":\"https:\\\/\\\/handmadestateofmind.com\\\/\"},{\"@type\":\"ListItem\",\"position\":2,\"name\":\"Prywatne: Handmade state of mind\",\"item\":\"https:\\\/\\\/handmadestateofmind.com\\\/?page_id=14778\"},{\"@type\":\"ListItem\",\"position\":3,\"name\":\"Top Ayo\"}]},{\"@type\":\"WebSite\",\"@id\":\"https:\\\/\\\/handmadestateofmind.com\\\/#website\",\"url\":\"https:\\\/\\\/handmadestateofmind.com\\\/\",\"name\":\"HANDMADE state of mind\",\"description\":\"\",\"publisher\":{\"@id\":\"https:\\\/\\\/handmadestateofmind.com\\\/#organization\"},\"potentialAction\":[{\"@type\":\"SearchAction\",\"target\":{\"@type\":\"EntryPoint\",\"urlTemplate\":\"https:\\\/\\\/handmadestateofmind.com\\\/?s={search_term_string}\"},\"query-input\":{\"@type\":\"PropertyValueSpecification\",\"valueRequired\":true,\"valueName\":\"search_term_string\"}}],\"inLanguage\":\"en-GB\"},{\"@type\":\"Organization\",\"@id\":\"https:\\\/\\\/handmadestateofmind.com\\\/#organization\",\"name\":\"HANDMADE state of mind\",\"url\":\"https:\\\/\\\/handmadestateofmind.com\\\/\",\"logo\":{\"@type\":\"ImageObject\",\"inLanguage\":\"en-GB\",\"@id\":\"https:\\\/\\\/handmadestateofmind.com\\\/#\\\/schema\\\/logo\\\/image\\\/\",\"url\":\"https:\\\/\\\/i0.wp.com\\\/handmadestateofmind.com\\\/wp-content\\\/uploads\\\/2020\\\/06\\\/logo-2.png?fit=360%2C100&ssl=1\",\"contentUrl\":\"https:\\\/\\\/i0.wp.com\\\/handmadestateofmind.com\\\/wp-content\\\/uploads\\\/2020\\\/06\\\/logo-2.png?fit=360%2C100&ssl=1\",\"width\":360,\"height\":100,\"caption\":\"HANDMADE state of mind\"},\"image\":{\"@id\":\"https:\\\/\\\/handmadestateofmind.com\\\/#\\\/schema\\\/logo\\\/image\\\/\"}}]}<\/script>\n<!-- \/ Yoast SEO plugin. -->","yoast_head_json":{"title":"Top Ayo - wz\u00f3r na drutach - HANDMADE state of mind","description":"Wz\u00f3r na drutach na zapinany top z kr\u00f3tkim r\u0119kawem i okr\u0105g\u0142ym dekoltem. Wz\u00f3r na drutach na top na wiosn\u0119. Wz\u00f3r na drutach na crop top.","robots":{"index":"index","follow":"follow","max-snippet":"max-snippet:-1","max-image-preview":"max-image-preview:large","max-video-preview":"max-video-preview:-1"},"canonical":"https:\/\/handmadestateofmind.com\/en\/product\/top-ayo-polski-wzor-na-drutach\/","og_locale":"en_GB","og_type":"article","og_title":"Top Ayo - wz\u00f3r na drutach - HANDMADE state of mind","og_description":"Wz\u00f3r na drutach na zapinany top z kr\u00f3tkim r\u0119kawem i okr\u0105g\u0142ym dekoltem. Wz\u00f3r na drutach na top na wiosn\u0119. Wz\u00f3r na drutach na crop top.","og_url":"https:\/\/handmadestateofmind.com\/en\/product\/top-ayo-polski-wzor-na-drutach\/","og_site_name":"HANDMADE state of mind","article_modified_time":"2026-04-27T09:38:29+00:00","og_image":[{"width":1600,"height":2000,"url":"https:\/\/handmadestateofmind.com\/wp-content\/uploads\/2025\/08\/tezza-2264.jpg","type":"image\/jpeg"}],"twitter_card":"summary_large_image","twitter_misc":{"Estimated reading time":"2 minutes"},"schema":{"@context":"https:\/\/schema.org","@graph":[{"@type":"WebPage","@id":"https:\/\/handmadestateofmind.com\/produkt\/top-ayo-polski-wzor-na-drutach\/","url":"https:\/\/handmadestateofmind.com\/produkt\/top-ayo-polski-wzor-na-drutach\/","name":"Top Ayo - wz\u00f3r na drutach - HANDMADE state of mind","isPartOf":{"@id":"https:\/\/handmadestateofmind.com\/#website"},"primaryImageOfPage":{"@id":"https:\/\/handmadestateofmind.com\/produkt\/top-ayo-polski-wzor-na-drutach\/#primaryimage"},"image":{"@id":"https:\/\/handmadestateofmind.com\/produkt\/top-ayo-polski-wzor-na-drutach\/#primaryimage"},"thumbnailUrl":"https:\/\/i0.wp.com\/handmadestateofmind.com\/wp-content\/uploads\/2025\/08\/tezza-2264.jpg?fit=1600%2C2000&ssl=1","datePublished":"2025-03-24T10:07:54+00:00","dateModified":"2026-04-27T09:38:29+00:00","description":"Wz\u00f3r na drutach na zapinany top z kr\u00f3tkim r\u0119kawem i okr\u0105g\u0142ym dekoltem. Wz\u00f3r na drutach na top na wiosn\u0119. Wz\u00f3r na drutach na crop top.","breadcrumb":{"@id":"https:\/\/handmadestateofmind.com\/produkt\/top-ayo-polski-wzor-na-drutach\/#breadcrumb"},"inLanguage":"en-GB","potentialAction":[{"@type":"ReadAction","target":["https:\/\/handmadestateofmind.com\/produkt\/top-ayo-polski-wzor-na-drutach\/"]}]},{"@type":"ImageObject","inLanguage":"en-GB","@id":"https:\/\/handmadestateofmind.com\/produkt\/top-ayo-polski-wzor-na-drutach\/#primaryimage","url":"https:\/\/i0.wp.com\/handmadestateofmind.com\/wp-content\/uploads\/2025\/08\/tezza-2264.jpg?fit=1600%2C2000&ssl=1","contentUrl":"https:\/\/i0.wp.com\/handmadestateofmind.com\/wp-content\/uploads\/2025\/08\/tezza-2264.jpg?fit=1600%2C2000&ssl=1","width":1600,"height":2000,"caption":"Edited in Tezza with: Cocoa, Brightness, &amp; Grain"},{"@type":"BreadcrumbList","@id":"https:\/\/handmadestateofmind.com\/produkt\/top-ayo-polski-wzor-na-drutach\/#breadcrumb","itemListElement":[{"@type":"ListItem","position":1,"name":"Home","item":"https:\/\/handmadestateofmind.com\/"},{"@type":"ListItem","position":2,"name":"Prywatne: Handmade state of mind","item":"https:\/\/handmadestateofmind.com\/?page_id=14778"},{"@type":"ListItem","position":3,"name":"Top Ayo"}]},{"@type":"WebSite","@id":"https:\/\/handmadestateofmind.com\/#website","url":"https:\/\/handmadestateofmind.com\/","name":"HANDMADE state of mind","description":"","publisher":{"@id":"https:\/\/handmadestateofmind.com\/#organization"},"potentialAction":[{"@type":"SearchAction","target":{"@type":"EntryPoint","urlTemplate":"https:\/\/handmadestateofmind.com\/?s={search_term_string}"},"query-input":{"@type":"PropertyValueSpecification","valueRequired":true,"valueName":"search_term_string"}}],"inLanguage":"en-GB"},{"@type":"Organization","@id":"https:\/\/handmadestateofmind.com\/#organization","name":"HANDMADE state of mind","url":"https:\/\/handmadestateofmind.com\/","logo":{"@type":"ImageObject","inLanguage":"en-GB","@id":"https:\/\/handmadestateofmind.com\/#\/schema\/logo\/image\/","url":"https:\/\/i0.wp.com\/handmadestateofmind.com\/wp-content\/uploads\/2020\/06\/logo-2.png?fit=360%2C100&ssl=1","contentUrl":"https:\/\/i0.wp.com\/handmadestateofmind.com\/wp-content\/uploads\/2020\/06\/logo-2.png?fit=360%2C100&ssl=1","width":360,"height":100,"caption":"HANDMADE state of mind"},"image":{"@id":"https:\/\/handmadestateofmind.com\/#\/schema\/logo\/image\/"}}]}},"jetpack_publicize_connections":[],"jetpack_sharing_enabled":true,"_links":{"self":[{"href":"https:\/\/handmadestateofmind.com\/en\/wp-json\/wp\/v2\/product\/44817","targetHints":{"allow":["GET"]}}],"collection":[{"href":"https:\/\/handmadestateofmind.com\/en\/wp-json\/wp\/v2\/product"}],"about":[{"href":"https:\/\/handmadestateofmind.com\/en\/wp-json\/wp\/v2\/types\/product"}],"replies":[{"embeddable":true,"href":"https:\/\/handmadestateofmind.com\/en\/wp-json\/wp\/v2\/comments?post=44817"}],"wp:featuredmedia":[{"embeddable":true,"href":"https:\/\/handmadestateofmind.com\/en\/wp-json\/wp\/v2\/media\/50040"}],"wp:attachment":[{"href":"https:\/\/handmadestateofmind.com\/en\/wp-json\/wp\/v2\/media?parent=44817"}],"wp:term":[{"taxonomy":"product_brand","embeddable":true,"href":"https:\/\/handmadestateofmind.com\/en\/wp-json\/wp\/v2\/product_brand?post=44817"},{"taxonomy":"product_cat","embeddable":true,"href":"https:\/\/handmadestateofmind.com\/en\/wp-json\/wp\/v2\/product_cat?post=44817"},{"taxonomy":"product_tag","embeddable":true,"href":"https:\/\/handmadestateofmind.com\/en\/wp-json\/wp\/v2\/product_tag?post=44817"}],"curies":[{"name":"wp","href":"https:\/\/api.w.org\/{rel}","templated":true}]}}