{"id":38944,"date":"2024-10-06T14:09:44","date_gmt":"2024-10-06T12:09:44","guid":{"rendered":"https:\/\/handmadestateofmind.com\/?post_type=product&#038;p=38944"},"modified":"2026-02-24T07:53:32","modified_gmt":"2026-02-24T06:53:32","slug":"kardigan-dream-big-wzor-na-drutach","status":"publish","type":"product","link":"https:\/\/handmadestateofmind.com\/en\/product\/kardigan-dream-big-wzor-na-drutach\/","title":{"rendered":"Kardigan Dream Big"},"content":{"rendered":"<p><b>ROZMIAR<\/b><\/p>\n<p><span style=\"font-weight: 400;\">XS (S) M (L) XL\u00a0<\/span><\/p>\n<p><span style=\"font-weight: 400;\">Zanim zaczniesz dzierga\u0107, zmierz si\u0119, aby zdecydowa\u0107, kt\u00f3ry rozmiar b\u0119dzie dla Ciebie najlepszy.\u00a0<\/span><\/p>\n<p><span style=\"font-weight: 400;\">Obw\u00f3d swetra w klatce piersiowej:\u00a0<\/span><\/p>\n<p><span style=\"font-weight: 400;\">105 (110) 115 (119) 123 cm<\/span><\/p>\n<p><span style=\"font-weight: 400;\">D\u0142ugo\u015b\u0107 swetra (mierzona \u015brodkiem plec\u00f3w bez ko\u0142nierzyka) :\u00a0<\/span><\/p>\n<p><span style=\"font-weight: 400;\">53 (55) 57 (59) 61\u00a0 cm<\/span><\/p>\n<p><span style=\"font-weight: 400;\">D\u0142ugo\u015b\u0107 r\u0119kaw\u00f3w ( mierzona od ko\u0142nierzyka):<\/span><\/p>\n<p><span style=\"font-weight: 400;\">\u00a069 (70) 71 (72) 73 cm<\/span><\/p>\n<p><span style=\"font-weight: 400;\">Szeroko\u015b\u0107 r\u0119kaw\u00f3w ( mierzona na p\u0142asko):\u00a0<\/span><\/p>\n<p><span style=\"font-weight: 400;\">18 (19) 20 (21) 22 cm<\/span><\/p>\n<p><span style=\"font-weight: 400;\">Na zdj\u0119ciu jest rozmiar M. Mam 174cm wzrostu.<\/span><\/p>\n<p>&nbsp;<\/p>\n<p><b>W\u0141\u00d3CZKA<\/b><\/p>\n<p><b>Fog<\/b><span style=\"font-weight: 400;\">,\u00a0 Gabo Wool 50g\/125m ,\u00a0 kolor Lodowy B\u0142\u0119kit (6443),\u00a0\u00a0<\/span><\/p>\n<p><span style=\"font-weight: 400;\">\u0142\u0105czna wymagana waga\u00a0<\/span><\/p>\n<p><span style=\"font-weight: 400;\">375 (400) 425 (450) 475 g<\/span><\/p>\n<p><span style=\"font-weight: 400;\">do wykonania dodatkowych 10cm d\u0142ugo\u015bci\u00a0 swetra potrzeba odpowiednio 50 (50) 55 (55) 60 g<\/span><\/p>\n<p>&nbsp;<\/p>\n<p><b>DRUTY\u00a0<\/b><\/p>\n<p><span style=\"font-weight: 400;\">Tu\u0142\u00f3w: 5 mm, \u017cy\u0142ka min 100 cm\u00a0<\/span><\/p>\n<p><span style=\"font-weight: 400;\">R\u0119kawy: 5 mm, \u017cy\u0142ka min 80 cm do przerabiania Magic Loopem<\/span><\/p>\n<p><span style=\"font-weight: 400;\">\u015aci\u0105gacze: 4mm, \u017cy\u0142ka min 80 cm<\/span><\/p>\n<p><span style=\"font-weight: 400;\">Ko\u0142nierzyk: 4mm, \u017cy\u0142ka min 80 cm<\/span><\/p>\n<p><span style=\"font-weight: 400;\">drut pomocniczy do warkoczy<\/span><\/p>\n<p>&nbsp;<\/p>\n<p><b>POZOSTA\u0141E AKCESORIA<\/b><\/p>\n<p><span style=\"font-weight: 400;\">Ig\u0142a dziewiarska , 8 znacznik\u00f3w , 2 x \u017cy\u0142ka zapasowa do zabezpieczenia oczek ( lub kawa\u0142ek w\u0142\u00f3czki), 8\u00a0 ( XS, S, M), 7\u00a0 ( L, XL) guzik\u00f3w \u015brednica 15-20 mm<\/span><\/p>\n<p>&nbsp;<\/p>\n<p><b>PR\u00d3BKA<\/b><\/p>\n<p><span style=\"font-weight: 400;\">10 cm x 10 cm 18 o x 24 rz na drutach 5mm \u015bciegiem strukturalnym<\/span><\/p>\n<p>\u015acieg pr\u00f3bki znajduje si\u0119 we wzorze.<\/p>\n<p>&nbsp;<\/p>","protected":false},"excerpt":{"rendered":"<p><span style=\"font-weight: 400;\">Kardigan wykonywany jest od g\u00f3ry do do\u0142u bez zszywania, cz\u0119\u015bciowo w rz\u0119dach, cz\u0119\u015bciowo w okr\u0105\u017ceniach. Kardigan oparty jest na raglanie.\u00a0<\/span><\/p>\n<p><span style=\"font-weight: 400;\">Zaczynasz od nabrania oczek i a nast\u0119pnie przerabiasz\u00a0 w\u00a0 rz\u0119dach z jednoczesnym dodawaniem oczek, aby ukszta\u0142towa\u0107 dekolt, prz\u00f3d, r\u0119kawy i ty\u0142 kardiganu.\u00a0 Pionowa plisa jest przerabiana jednocze\u015bnie z g\u0142\u00f3wn\u0105 cz\u0119\u015bci\u0105 kardiganu.\u00a0<\/span><\/p>\n<p><span style=\"font-weight: 400;\">Nast\u0119pnie oczka s\u0105 rozdzielna na tu\u0142\u00f3w i r\u0119kawy. Przerabianie tu\u0142owia kontynuowane jest w rz\u0119dach.<\/span><\/p>\n<p><span style=\"font-weight: 400;\">Natomiast r\u0119kawy przerabiane s\u0105 w okr\u0105\u017ceniach. R\u0119kawy maj\u0105 prost\u0105 szerok\u0105 konstrukcj\u0119.\u00a0 Kardigan wyko\u0144czony jest \u015bciegiem 1&#215;1.\u00a0<\/span><\/p>\n<p><span style=\"font-weight: 400;\">Nast\u0119pnie oczka podbierane s\u0105 na ko\u0142nierzyk, kt\u00f3ry przerabiany jest \u015bciegiem 1&#215;1 na rz\u0119dach. <\/span><\/p>","protected":false},"featured_media":50157,"comment_status":"closed","ping_status":"closed","template":"","meta":{"jetpack_publicize_message":"","jetpack_publicize_feature_enabled":true,"jetpack_social_post_already_shared":true,"jetpack_social_options":{"image_generator_settings":{"template":"highway","default_image_id":0,"font":"","enabled":false},"version":2},"_wpas_customize_per_network":false},"product_brand":[],"product_cat":[699842656,699842644,699842616,699842520],"product_tag":[],"class_list":{"0":"post-38944","1":"product","2":"type-product","3":"status-publish","4":"has-post-thumbnail","6":"product_cat-front-pl","7":"product_cat-swetry-i-kardigany","8":"product_cat-wzor-na-drutach-po-polsku-ze-schematem","9":"product_cat-wzory-na-drutach","10":"product_shipping_class-cyfrowa","12":"first","13":"instock","14":"sale","15":"downloadable","16":"virtual","17":"taxable","18":"purchasable","19":"product-type-simple"},"yoast_head":"<!-- This site is optimized with the Yoast SEO plugin v27.4 - https:\/\/yoast.com\/product\/yoast-seo-wordpress\/ -->\n<title>Kardigan Dream Big - Wz\u00f3r na drutach - HANDMADE state of mind<\/title>\n<meta name=\"description\" content=\"Ten wz\u00f3r zawiera insturkcje jak wykona\u0107 na drutach kardigan z warkoczami i a\u017curami. Wz\u00f3r zawiera schematy, kt\u00f3re pokazuj\u0105 u\u0142o\u017cenie oczek.\" \/>\n<meta name=\"robots\" content=\"index, follow, max-snippet:-1, max-image-preview:large, max-video-preview:-1\" \/>\n<link rel=\"canonical\" href=\"https:\/\/handmadestateofmind.com\/en\/product\/kardigan-dream-big-wzor-na-drutach\/\" \/>\n<meta property=\"og:locale\" content=\"en_GB\" \/>\n<meta property=\"og:type\" content=\"article\" \/>\n<meta property=\"og:title\" content=\"Kardigan Dream Big - Wz\u00f3r na drutach - HANDMADE state of mind\" \/>\n<meta property=\"og:description\" content=\"Ten wz\u00f3r zawiera insturkcje jak wykona\u0107 na drutach kardigan z warkoczami i a\u017curami. Wz\u00f3r zawiera schematy, kt\u00f3re pokazuj\u0105 u\u0142o\u017cenie oczek.\" \/>\n<meta property=\"og:url\" content=\"https:\/\/handmadestateofmind.com\/en\/product\/kardigan-dream-big-wzor-na-drutach\/\" \/>\n<meta property=\"og:site_name\" content=\"HANDMADE state of mind\" \/>\n<meta property=\"article:modified_time\" content=\"2026-02-24T06:53:32+00:00\" \/>\n<meta property=\"og:image\" content=\"https:\/\/handmadestateofmind.com\/wp-content\/uploads\/2025\/08\/tezza-2511.jpg\" \/>\n\t<meta property=\"og:image:width\" content=\"1600\" \/>\n\t<meta property=\"og:image:height\" content=\"2000\" \/>\n\t<meta property=\"og:image:type\" content=\"image\/jpeg\" \/>\n<meta name=\"twitter:card\" content=\"summary_large_image\" \/>\n<meta name=\"twitter:label1\" content=\"Estimated reading time\" \/>\n\t<meta name=\"twitter:data1\" content=\"2 minutes\" \/>\n<script type=\"application\/ld+json\" class=\"yoast-schema-graph\">{\"@context\":\"https:\\\/\\\/schema.org\",\"@graph\":[{\"@type\":\"WebPage\",\"@id\":\"https:\\\/\\\/handmadestateofmind.com\\\/produkt\\\/kardigan-dream-big-wzor-na-drutach\\\/\",\"url\":\"https:\\\/\\\/handmadestateofmind.com\\\/produkt\\\/kardigan-dream-big-wzor-na-drutach\\\/\",\"name\":\"Kardigan Dream Big - Wz\u00f3r na drutach - HANDMADE state of mind\",\"isPartOf\":{\"@id\":\"https:\\\/\\\/handmadestateofmind.com\\\/#website\"},\"primaryImageOfPage\":{\"@id\":\"https:\\\/\\\/handmadestateofmind.com\\\/produkt\\\/kardigan-dream-big-wzor-na-drutach\\\/#primaryimage\"},\"image\":{\"@id\":\"https:\\\/\\\/handmadestateofmind.com\\\/produkt\\\/kardigan-dream-big-wzor-na-drutach\\\/#primaryimage\"},\"thumbnailUrl\":\"https:\\\/\\\/i0.wp.com\\\/handmadestateofmind.com\\\/wp-content\\\/uploads\\\/2025\\\/08\\\/tezza-2511.jpg?fit=1600%2C2000&ssl=1\",\"datePublished\":\"2024-10-06T12:09:44+00:00\",\"dateModified\":\"2026-02-24T06:53:32+00:00\",\"description\":\"Ten wz\u00f3r zawiera insturkcje jak wykona\u0107 na drutach kardigan z warkoczami i a\u017curami. Wz\u00f3r zawiera schematy, kt\u00f3re pokazuj\u0105 u\u0142o\u017cenie oczek.\",\"breadcrumb\":{\"@id\":\"https:\\\/\\\/handmadestateofmind.com\\\/produkt\\\/kardigan-dream-big-wzor-na-drutach\\\/#breadcrumb\"},\"inLanguage\":\"en-GB\",\"potentialAction\":[{\"@type\":\"ReadAction\",\"target\":[\"https:\\\/\\\/handmadestateofmind.com\\\/produkt\\\/kardigan-dream-big-wzor-na-drutach\\\/\"]}]},{\"@type\":\"ImageObject\",\"inLanguage\":\"en-GB\",\"@id\":\"https:\\\/\\\/handmadestateofmind.com\\\/produkt\\\/kardigan-dream-big-wzor-na-drutach\\\/#primaryimage\",\"url\":\"https:\\\/\\\/i0.wp.com\\\/handmadestateofmind.com\\\/wp-content\\\/uploads\\\/2025\\\/08\\\/tezza-2511.jpg?fit=1600%2C2000&ssl=1\",\"contentUrl\":\"https:\\\/\\\/i0.wp.com\\\/handmadestateofmind.com\\\/wp-content\\\/uploads\\\/2025\\\/08\\\/tezza-2511.jpg?fit=1600%2C2000&ssl=1\",\"width\":1600,\"height\":2000,\"caption\":\"Edited in Tezza with: Cocoa, Brightness, &amp; Grain\"},{\"@type\":\"BreadcrumbList\",\"@id\":\"https:\\\/\\\/handmadestateofmind.com\\\/produkt\\\/kardigan-dream-big-wzor-na-drutach\\\/#breadcrumb\",\"itemListElement\":[{\"@type\":\"ListItem\",\"position\":1,\"name\":\"Home\",\"item\":\"https:\\\/\\\/handmadestateofmind.com\\\/\"},{\"@type\":\"ListItem\",\"position\":2,\"name\":\"Prywatne: Handmade state of mind\",\"item\":\"https:\\\/\\\/handmadestateofmind.com\\\/?page_id=14778\"},{\"@type\":\"ListItem\",\"position\":3,\"name\":\"Kardigan Dream Big\"}]},{\"@type\":\"WebSite\",\"@id\":\"https:\\\/\\\/handmadestateofmind.com\\\/#website\",\"url\":\"https:\\\/\\\/handmadestateofmind.com\\\/\",\"name\":\"HANDMADE state of mind\",\"description\":\"\",\"publisher\":{\"@id\":\"https:\\\/\\\/handmadestateofmind.com\\\/#organization\"},\"potentialAction\":[{\"@type\":\"SearchAction\",\"target\":{\"@type\":\"EntryPoint\",\"urlTemplate\":\"https:\\\/\\\/handmadestateofmind.com\\\/?s={search_term_string}\"},\"query-input\":{\"@type\":\"PropertyValueSpecification\",\"valueRequired\":true,\"valueName\":\"search_term_string\"}}],\"inLanguage\":\"en-GB\"},{\"@type\":\"Organization\",\"@id\":\"https:\\\/\\\/handmadestateofmind.com\\\/#organization\",\"name\":\"HANDMADE state of mind\",\"url\":\"https:\\\/\\\/handmadestateofmind.com\\\/\",\"logo\":{\"@type\":\"ImageObject\",\"inLanguage\":\"en-GB\",\"@id\":\"https:\\\/\\\/handmadestateofmind.com\\\/#\\\/schema\\\/logo\\\/image\\\/\",\"url\":\"https:\\\/\\\/i0.wp.com\\\/handmadestateofmind.com\\\/wp-content\\\/uploads\\\/2020\\\/06\\\/logo-2.png?fit=360%2C100&ssl=1\",\"contentUrl\":\"https:\\\/\\\/i0.wp.com\\\/handmadestateofmind.com\\\/wp-content\\\/uploads\\\/2020\\\/06\\\/logo-2.png?fit=360%2C100&ssl=1\",\"width\":360,\"height\":100,\"caption\":\"HANDMADE state of mind\"},\"image\":{\"@id\":\"https:\\\/\\\/handmadestateofmind.com\\\/#\\\/schema\\\/logo\\\/image\\\/\"}}]}<\/script>\n<!-- \/ Yoast SEO plugin. -->","yoast_head_json":{"title":"Kardigan Dream Big - Wz\u00f3r na drutach - HANDMADE state of mind","description":"Ten wz\u00f3r zawiera insturkcje jak wykona\u0107 na drutach kardigan z warkoczami i a\u017curami. Wz\u00f3r zawiera schematy, kt\u00f3re pokazuj\u0105 u\u0142o\u017cenie oczek.","robots":{"index":"index","follow":"follow","max-snippet":"max-snippet:-1","max-image-preview":"max-image-preview:large","max-video-preview":"max-video-preview:-1"},"canonical":"https:\/\/handmadestateofmind.com\/en\/product\/kardigan-dream-big-wzor-na-drutach\/","og_locale":"en_GB","og_type":"article","og_title":"Kardigan Dream Big - Wz\u00f3r na drutach - HANDMADE state of mind","og_description":"Ten wz\u00f3r zawiera insturkcje jak wykona\u0107 na drutach kardigan z warkoczami i a\u017curami. Wz\u00f3r zawiera schematy, kt\u00f3re pokazuj\u0105 u\u0142o\u017cenie oczek.","og_url":"https:\/\/handmadestateofmind.com\/en\/product\/kardigan-dream-big-wzor-na-drutach\/","og_site_name":"HANDMADE state of mind","article_modified_time":"2026-02-24T06:53:32+00:00","og_image":[{"width":1600,"height":2000,"url":"https:\/\/handmadestateofmind.com\/wp-content\/uploads\/2025\/08\/tezza-2511.jpg","type":"image\/jpeg"}],"twitter_card":"summary_large_image","twitter_misc":{"Estimated reading time":"2 minutes"},"schema":{"@context":"https:\/\/schema.org","@graph":[{"@type":"WebPage","@id":"https:\/\/handmadestateofmind.com\/produkt\/kardigan-dream-big-wzor-na-drutach\/","url":"https:\/\/handmadestateofmind.com\/produkt\/kardigan-dream-big-wzor-na-drutach\/","name":"Kardigan Dream Big - Wz\u00f3r na drutach - HANDMADE state of mind","isPartOf":{"@id":"https:\/\/handmadestateofmind.com\/#website"},"primaryImageOfPage":{"@id":"https:\/\/handmadestateofmind.com\/produkt\/kardigan-dream-big-wzor-na-drutach\/#primaryimage"},"image":{"@id":"https:\/\/handmadestateofmind.com\/produkt\/kardigan-dream-big-wzor-na-drutach\/#primaryimage"},"thumbnailUrl":"https:\/\/i0.wp.com\/handmadestateofmind.com\/wp-content\/uploads\/2025\/08\/tezza-2511.jpg?fit=1600%2C2000&ssl=1","datePublished":"2024-10-06T12:09:44+00:00","dateModified":"2026-02-24T06:53:32+00:00","description":"Ten wz\u00f3r zawiera insturkcje jak wykona\u0107 na drutach kardigan z warkoczami i a\u017curami. Wz\u00f3r zawiera schematy, kt\u00f3re pokazuj\u0105 u\u0142o\u017cenie oczek.","breadcrumb":{"@id":"https:\/\/handmadestateofmind.com\/produkt\/kardigan-dream-big-wzor-na-drutach\/#breadcrumb"},"inLanguage":"en-GB","potentialAction":[{"@type":"ReadAction","target":["https:\/\/handmadestateofmind.com\/produkt\/kardigan-dream-big-wzor-na-drutach\/"]}]},{"@type":"ImageObject","inLanguage":"en-GB","@id":"https:\/\/handmadestateofmind.com\/produkt\/kardigan-dream-big-wzor-na-drutach\/#primaryimage","url":"https:\/\/i0.wp.com\/handmadestateofmind.com\/wp-content\/uploads\/2025\/08\/tezza-2511.jpg?fit=1600%2C2000&ssl=1","contentUrl":"https:\/\/i0.wp.com\/handmadestateofmind.com\/wp-content\/uploads\/2025\/08\/tezza-2511.jpg?fit=1600%2C2000&ssl=1","width":1600,"height":2000,"caption":"Edited in Tezza with: Cocoa, Brightness, &amp; Grain"},{"@type":"BreadcrumbList","@id":"https:\/\/handmadestateofmind.com\/produkt\/kardigan-dream-big-wzor-na-drutach\/#breadcrumb","itemListElement":[{"@type":"ListItem","position":1,"name":"Home","item":"https:\/\/handmadestateofmind.com\/"},{"@type":"ListItem","position":2,"name":"Prywatne: Handmade state of mind","item":"https:\/\/handmadestateofmind.com\/?page_id=14778"},{"@type":"ListItem","position":3,"name":"Kardigan Dream Big"}]},{"@type":"WebSite","@id":"https:\/\/handmadestateofmind.com\/#website","url":"https:\/\/handmadestateofmind.com\/","name":"HANDMADE state of mind","description":"","publisher":{"@id":"https:\/\/handmadestateofmind.com\/#organization"},"potentialAction":[{"@type":"SearchAction","target":{"@type":"EntryPoint","urlTemplate":"https:\/\/handmadestateofmind.com\/?s={search_term_string}"},"query-input":{"@type":"PropertyValueSpecification","valueRequired":true,"valueName":"search_term_string"}}],"inLanguage":"en-GB"},{"@type":"Organization","@id":"https:\/\/handmadestateofmind.com\/#organization","name":"HANDMADE state of mind","url":"https:\/\/handmadestateofmind.com\/","logo":{"@type":"ImageObject","inLanguage":"en-GB","@id":"https:\/\/handmadestateofmind.com\/#\/schema\/logo\/image\/","url":"https:\/\/i0.wp.com\/handmadestateofmind.com\/wp-content\/uploads\/2020\/06\/logo-2.png?fit=360%2C100&ssl=1","contentUrl":"https:\/\/i0.wp.com\/handmadestateofmind.com\/wp-content\/uploads\/2020\/06\/logo-2.png?fit=360%2C100&ssl=1","width":360,"height":100,"caption":"HANDMADE state of mind"},"image":{"@id":"https:\/\/handmadestateofmind.com\/#\/schema\/logo\/image\/"}}]}},"jetpack_publicize_connections":[],"jetpack_sharing_enabled":true,"_links":{"self":[{"href":"https:\/\/handmadestateofmind.com\/en\/wp-json\/wp\/v2\/product\/38944","targetHints":{"allow":["GET"]}}],"collection":[{"href":"https:\/\/handmadestateofmind.com\/en\/wp-json\/wp\/v2\/product"}],"about":[{"href":"https:\/\/handmadestateofmind.com\/en\/wp-json\/wp\/v2\/types\/product"}],"replies":[{"embeddable":true,"href":"https:\/\/handmadestateofmind.com\/en\/wp-json\/wp\/v2\/comments?post=38944"}],"wp:featuredmedia":[{"embeddable":true,"href":"https:\/\/handmadestateofmind.com\/en\/wp-json\/wp\/v2\/media\/50157"}],"wp:attachment":[{"href":"https:\/\/handmadestateofmind.com\/en\/wp-json\/wp\/v2\/media?parent=38944"}],"wp:term":[{"taxonomy":"product_brand","embeddable":true,"href":"https:\/\/handmadestateofmind.com\/en\/wp-json\/wp\/v2\/product_brand?post=38944"},{"taxonomy":"product_cat","embeddable":true,"href":"https:\/\/handmadestateofmind.com\/en\/wp-json\/wp\/v2\/product_cat?post=38944"},{"taxonomy":"product_tag","embeddable":true,"href":"https:\/\/handmadestateofmind.com\/en\/wp-json\/wp\/v2\/product_tag?post=38944"}],"curies":[{"name":"wp","href":"https:\/\/api.w.org\/{rel}","templated":true}]}}