{"id":36097,"date":"2024-07-25T12:54:38","date_gmt":"2024-07-25T10:54:38","guid":{"rendered":"https:\/\/handmadestateofmind.com\/?post_type=product&#038;p=36097"},"modified":"2025-08-25T09:10:00","modified_gmt":"2025-08-25T07:10:00","slug":"torba-pantai-polski-kurs-masterclass","status":"publish","type":"product","link":"https:\/\/handmadestateofmind.com\/en\/product\/torba-pantai-polski-kurs-masterclass\/","title":{"rendered":"Torba Pantai | Masterclass"},"content":{"rendered":"<p><b>ROZMIAR<\/b><\/p>\n<p><span style=\"font-weight: 400;\">Jeden rozmiar<\/span><\/p>\n<p><span style=\"font-weight: 400;\">Szeroko\u015b\u0107:\u00a0 30 cm\u00a0<\/span><\/p>\n<p><span style=\"font-weight: 400;\">Wysoko\u015b\u0107:\u00a0 21 cm\u00a0<\/span><\/p>\n<p><span style=\"font-weight: 400;\">G\u0142\u0119boko\u015b\u0107\u00a0 10 cm\u00a0<\/span><\/p>\n<p>&nbsp;<\/p>\n<p><b>W\u0141\u00d3CZKA<\/b><\/p>\n<p><span style=\"font-weight: 400;\">Ra-Ra Raffia od Wool and the Gang<\/span><span style=\"font-weight: 400;\">, 150g, kolor Desert Palm\u00a0<\/span><\/p>\n<p>&nbsp;<\/p>\n<p><b>SZYDE\u0141KO\u00a0<\/b><\/p>\n<p><span style=\"font-weight: 400;\">4,5mm\u00a0 oraz 6mm<\/span><\/p>\n<p>&nbsp;<\/p>\n<p><b>POZOSTA\u0141E AKCESORIA<\/b><\/p>\n<p><span style=\"font-weight: 400;\">Znaczniki zapinane, ig\u0142a dziewiarska<\/span><\/p>\n<p>&nbsp;<\/p>\n<p><b>PR\u00d3BKA<\/b><\/p>\n<p><span style=\"font-weight: 400;\">10 cm\u00a0 x 10 cm, 13 o x 10 r na szyde\u0142ku 4,5mm<\/span><\/p>\n<p>\u015acieg pr\u00f3bki dost\u0119pny jest we wzorze.<\/p>","protected":false},"excerpt":{"rendered":"<p><span style=\"font-weight: 400;\">Torba Pantai jest wykonywana w cz\u0119\u015bciach, kt\u00f3re nast\u0119pnie s\u0105 ze sob\u0105 zszywane.\u00a0<\/span><\/p>\n<ul>\n<li>\u00a0dobry dla pocz\u0105tkuj\u0105cych<\/li>\n<li>przerabiana w rz\u0119dach ze zszywaniem<\/li>\n<li>proste \u015bciegi<\/li>\n<li>efektowny splot<\/li>\n<li>wygodne szyde\u0142ko 4,5 mm i 6 mm<\/li>\n<\/ul>\n<p>&nbsp;<\/p>\n<p><span style=\"font-weight: 400;\">G\u0142\u00f3wna cze\u015b\u0107 torby sk\u0142ada si\u0119 z 3 paneli:\u00a0 2 panele o tej samej wielko\u015bci, kt\u00f3re stanowi\u0105 prz\u00f3d i ty\u0142 torebki oraz 1 panel kt\u00f3ry stanowi sp\u00f3d oraz boki paneli. Te 3 panele s\u0105 wykonywane na pojedynczej nitce rafii \u015bciegiem jednorz\u0119dowym w rz\u0119dach . Nast\u0119pnie panele s\u0105 ze sob\u0105 \u0142\u0105czone poprzez podebranie oczek i przerobienie podw\u00f3jn\u0105 nitk\u0105 rafii na szyde\u0142ku.\u00a0<\/span><\/p>\n<p><span style=\"font-weight: 400;\">R\u0105czki\u00a0 wykonywane s\u0105 przy u\u017cyciu warkocza roma\u0144skiego na potr\u00f3jne nitce rafii dla uzyskania odpowiedniej grubo\u015bci. R\u0105czki s\u0105 wszywane od wewn\u0119trznej cz\u0119\u015bci torby przy u\u017cyciu ig\u0142y dziewiarskiej. <\/span><\/p>","protected":false},"featured_media":36032,"template":"","meta":{"jetpack_post_was_ever_published":false,"jetpack_publicize_message":"","jetpack_publicize_feature_enabled":true,"jetpack_social_post_already_shared":true,"jetpack_social_options":{"image_generator_settings":{"template":"highway","default_image_id":0,"font":"","enabled":false},"version":2},"_wpas_customize_per_network":false},"product_brand":[],"product_cat":[699842619,699842640],"product_tag":[],"class_list":{"0":"post-36097","1":"product","2":"type-product","3":"status-publish","4":"has-post-thumbnail","6":"product_cat-kurs-masterclass-na-szydelku-po-polsku","7":"product_cat-kursy-masterclass","8":"product_shipping_class-cyfrowa","10":"first","11":"instock","12":"sale","13":"downloadable","14":"virtual","15":"taxable","16":"purchasable","17":"product-type-simple"},"yoast_head":"<!-- This site is optimized with the Yoast SEO plugin v27.0 - https:\/\/yoast.com\/product\/yoast-seo-wordpress\/ -->\n<title>Torba Pantai | Masterclass - HANDMADE state of mind<\/title>\n<meta name=\"description\" content=\"Ten kurs masterclass zawiera wz\u00f3r na szyde\u0142ku i filmy instrukta\u017cowe pokazuj\u0105ce krok po kroku jak wykona\u0107 letni\u0105 torb\u0119 z rafii na szyde\u0142ku.\" \/>\n<meta name=\"robots\" content=\"index, follow, max-snippet:-1, max-image-preview:large, max-video-preview:-1\" \/>\n<link rel=\"canonical\" href=\"https:\/\/handmadestateofmind.com\/en\/product\/torba-pantai-polski-kurs-masterclass\/\" \/>\n<meta property=\"og:locale\" content=\"en_GB\" \/>\n<meta property=\"og:type\" content=\"article\" \/>\n<meta property=\"og:title\" content=\"Torba Pantai | Masterclass - HANDMADE state of mind\" \/>\n<meta property=\"og:description\" content=\"Ten kurs masterclass zawiera wz\u00f3r na szyde\u0142ku i filmy instrukta\u017cowe pokazuj\u0105ce krok po kroku jak wykona\u0107 letni\u0105 torb\u0119 z rafii na szyde\u0142ku.\" \/>\n<meta property=\"og:url\" content=\"https:\/\/handmadestateofmind.com\/en\/product\/torba-pantai-polski-kurs-masterclass\/\" \/>\n<meta property=\"og:site_name\" content=\"HANDMADE state of mind\" \/>\n<meta property=\"article:modified_time\" content=\"2025-08-25T07:10:00+00:00\" \/>\n<meta property=\"og:image\" content=\"https:\/\/handmadestateofmind.com\/wp-content\/uploads\/2024\/07\/img_6769-819x1024.jpg\" \/>\n\t<meta property=\"og:image:width\" content=\"819\" \/>\n\t<meta property=\"og:image:height\" content=\"1024\" \/>\n\t<meta property=\"og:image:type\" content=\"image\/jpeg\" \/>\n<meta name=\"twitter:card\" content=\"summary_large_image\" \/>\n<meta name=\"twitter:label1\" content=\"Estimated reading time\" \/>\n\t<meta name=\"twitter:data1\" content=\"1 minute\" \/>\n<script type=\"application\/ld+json\" class=\"yoast-schema-graph\">{\"@context\":\"https:\/\/schema.org\",\"@graph\":[{\"@type\":\"WebPage\",\"@id\":\"https:\/\/handmadestateofmind.com\/produkt\/torba-pantai-polski-kurs-masterclass\/\",\"url\":\"https:\/\/handmadestateofmind.com\/produkt\/torba-pantai-polski-kurs-masterclass\/\",\"name\":\"Torba Pantai | Masterclass - HANDMADE state of mind\",\"isPartOf\":{\"@id\":\"https:\/\/handmadestateofmind.com\/#website\"},\"primaryImageOfPage\":{\"@id\":\"https:\/\/handmadestateofmind.com\/produkt\/torba-pantai-polski-kurs-masterclass\/#primaryimage\"},\"image\":{\"@id\":\"https:\/\/handmadestateofmind.com\/produkt\/torba-pantai-polski-kurs-masterclass\/#primaryimage\"},\"thumbnailUrl\":\"https:\/\/i0.wp.com\/handmadestateofmind.com\/wp-content\/uploads\/2024\/07\/img_6769.jpg?fit=3024%2C3780&ssl=1\",\"datePublished\":\"2024-07-25T10:54:38+00:00\",\"dateModified\":\"2025-08-25T07:10:00+00:00\",\"description\":\"Ten kurs masterclass zawiera wz\u00f3r na szyde\u0142ku i filmy instrukta\u017cowe pokazuj\u0105ce krok po kroku jak wykona\u0107 letni\u0105 torb\u0119 z rafii na szyde\u0142ku.\",\"breadcrumb\":{\"@id\":\"https:\/\/handmadestateofmind.com\/produkt\/torba-pantai-polski-kurs-masterclass\/#breadcrumb\"},\"inLanguage\":\"en-GB\",\"potentialAction\":[{\"@type\":\"ReadAction\",\"target\":[\"https:\/\/handmadestateofmind.com\/produkt\/torba-pantai-polski-kurs-masterclass\/\"]}]},{\"@type\":\"ImageObject\",\"inLanguage\":\"en-GB\",\"@id\":\"https:\/\/handmadestateofmind.com\/produkt\/torba-pantai-polski-kurs-masterclass\/#primaryimage\",\"url\":\"https:\/\/i0.wp.com\/handmadestateofmind.com\/wp-content\/uploads\/2024\/07\/img_6769.jpg?fit=3024%2C3780&ssl=1\",\"contentUrl\":\"https:\/\/i0.wp.com\/handmadestateofmind.com\/wp-content\/uploads\/2024\/07\/img_6769.jpg?fit=3024%2C3780&ssl=1\",\"width\":3024,\"height\":3780},{\"@type\":\"BreadcrumbList\",\"@id\":\"https:\/\/handmadestateofmind.com\/produkt\/torba-pantai-polski-kurs-masterclass\/#breadcrumb\",\"itemListElement\":[{\"@type\":\"ListItem\",\"position\":1,\"name\":\"Home\",\"item\":\"https:\/\/handmadestateofmind.com\/\"},{\"@type\":\"ListItem\",\"position\":2,\"name\":\"Prywatne: Handmade state of mind\",\"item\":\"https:\/\/handmadestateofmind.com\/?page_id=14778\"},{\"@type\":\"ListItem\",\"position\":3,\"name\":\"Torba Pantai | Masterclass\"}]},{\"@type\":\"WebSite\",\"@id\":\"https:\/\/handmadestateofmind.com\/#website\",\"url\":\"https:\/\/handmadestateofmind.com\/\",\"name\":\"HANDMADE state of mind\",\"description\":\"\",\"publisher\":{\"@id\":\"https:\/\/handmadestateofmind.com\/#organization\"},\"potentialAction\":[{\"@type\":\"SearchAction\",\"target\":{\"@type\":\"EntryPoint\",\"urlTemplate\":\"https:\/\/handmadestateofmind.com\/?s={search_term_string}\"},\"query-input\":{\"@type\":\"PropertyValueSpecification\",\"valueRequired\":true,\"valueName\":\"search_term_string\"}}],\"inLanguage\":\"en-GB\"},{\"@type\":\"Organization\",\"@id\":\"https:\/\/handmadestateofmind.com\/#organization\",\"name\":\"HANDMADE state of mind\",\"url\":\"https:\/\/handmadestateofmind.com\/\",\"logo\":{\"@type\":\"ImageObject\",\"inLanguage\":\"en-GB\",\"@id\":\"https:\/\/handmadestateofmind.com\/#\/schema\/logo\/image\/\",\"url\":\"https:\/\/i0.wp.com\/handmadestateofmind.com\/wp-content\/uploads\/2020\/06\/logo-2.png?fit=360%2C100&ssl=1\",\"contentUrl\":\"https:\/\/i0.wp.com\/handmadestateofmind.com\/wp-content\/uploads\/2020\/06\/logo-2.png?fit=360%2C100&ssl=1\",\"width\":360,\"height\":100,\"caption\":\"HANDMADE state of mind\"},\"image\":{\"@id\":\"https:\/\/handmadestateofmind.com\/#\/schema\/logo\/image\/\"}}]}<\/script>\n<!-- \/ Yoast SEO plugin. -->","yoast_head_json":{"title":"Torba Pantai | Masterclass - HANDMADE state of mind","description":"Ten kurs masterclass zawiera wz\u00f3r na szyde\u0142ku i filmy instrukta\u017cowe pokazuj\u0105ce krok po kroku jak wykona\u0107 letni\u0105 torb\u0119 z rafii na szyde\u0142ku.","robots":{"index":"index","follow":"follow","max-snippet":"max-snippet:-1","max-image-preview":"max-image-preview:large","max-video-preview":"max-video-preview:-1"},"canonical":"https:\/\/handmadestateofmind.com\/en\/product\/torba-pantai-polski-kurs-masterclass\/","og_locale":"en_GB","og_type":"article","og_title":"Torba Pantai | Masterclass - HANDMADE state of mind","og_description":"Ten kurs masterclass zawiera wz\u00f3r na szyde\u0142ku i filmy instrukta\u017cowe pokazuj\u0105ce krok po kroku jak wykona\u0107 letni\u0105 torb\u0119 z rafii na szyde\u0142ku.","og_url":"https:\/\/handmadestateofmind.com\/en\/product\/torba-pantai-polski-kurs-masterclass\/","og_site_name":"HANDMADE state of mind","article_modified_time":"2025-08-25T07:10:00+00:00","og_image":[{"width":819,"height":1024,"url":"https:\/\/handmadestateofmind.com\/wp-content\/uploads\/2024\/07\/img_6769-819x1024.jpg","type":"image\/jpeg"}],"twitter_card":"summary_large_image","twitter_misc":{"Estimated reading time":"1 minute"},"schema":{"@context":"https:\/\/schema.org","@graph":[{"@type":"WebPage","@id":"https:\/\/handmadestateofmind.com\/produkt\/torba-pantai-polski-kurs-masterclass\/","url":"https:\/\/handmadestateofmind.com\/produkt\/torba-pantai-polski-kurs-masterclass\/","name":"Torba Pantai | Masterclass - HANDMADE state of mind","isPartOf":{"@id":"https:\/\/handmadestateofmind.com\/#website"},"primaryImageOfPage":{"@id":"https:\/\/handmadestateofmind.com\/produkt\/torba-pantai-polski-kurs-masterclass\/#primaryimage"},"image":{"@id":"https:\/\/handmadestateofmind.com\/produkt\/torba-pantai-polski-kurs-masterclass\/#primaryimage"},"thumbnailUrl":"https:\/\/i0.wp.com\/handmadestateofmind.com\/wp-content\/uploads\/2024\/07\/img_6769.jpg?fit=3024%2C3780&ssl=1","datePublished":"2024-07-25T10:54:38+00:00","dateModified":"2025-08-25T07:10:00+00:00","description":"Ten kurs masterclass zawiera wz\u00f3r na szyde\u0142ku i filmy instrukta\u017cowe pokazuj\u0105ce krok po kroku jak wykona\u0107 letni\u0105 torb\u0119 z rafii na szyde\u0142ku.","breadcrumb":{"@id":"https:\/\/handmadestateofmind.com\/produkt\/torba-pantai-polski-kurs-masterclass\/#breadcrumb"},"inLanguage":"en-GB","potentialAction":[{"@type":"ReadAction","target":["https:\/\/handmadestateofmind.com\/produkt\/torba-pantai-polski-kurs-masterclass\/"]}]},{"@type":"ImageObject","inLanguage":"en-GB","@id":"https:\/\/handmadestateofmind.com\/produkt\/torba-pantai-polski-kurs-masterclass\/#primaryimage","url":"https:\/\/i0.wp.com\/handmadestateofmind.com\/wp-content\/uploads\/2024\/07\/img_6769.jpg?fit=3024%2C3780&ssl=1","contentUrl":"https:\/\/i0.wp.com\/handmadestateofmind.com\/wp-content\/uploads\/2024\/07\/img_6769.jpg?fit=3024%2C3780&ssl=1","width":3024,"height":3780},{"@type":"BreadcrumbList","@id":"https:\/\/handmadestateofmind.com\/produkt\/torba-pantai-polski-kurs-masterclass\/#breadcrumb","itemListElement":[{"@type":"ListItem","position":1,"name":"Home","item":"https:\/\/handmadestateofmind.com\/"},{"@type":"ListItem","position":2,"name":"Prywatne: Handmade state of mind","item":"https:\/\/handmadestateofmind.com\/?page_id=14778"},{"@type":"ListItem","position":3,"name":"Torba Pantai | Masterclass"}]},{"@type":"WebSite","@id":"https:\/\/handmadestateofmind.com\/#website","url":"https:\/\/handmadestateofmind.com\/","name":"HANDMADE state of mind","description":"","publisher":{"@id":"https:\/\/handmadestateofmind.com\/#organization"},"potentialAction":[{"@type":"SearchAction","target":{"@type":"EntryPoint","urlTemplate":"https:\/\/handmadestateofmind.com\/?s={search_term_string}"},"query-input":{"@type":"PropertyValueSpecification","valueRequired":true,"valueName":"search_term_string"}}],"inLanguage":"en-GB"},{"@type":"Organization","@id":"https:\/\/handmadestateofmind.com\/#organization","name":"HANDMADE state of mind","url":"https:\/\/handmadestateofmind.com\/","logo":{"@type":"ImageObject","inLanguage":"en-GB","@id":"https:\/\/handmadestateofmind.com\/#\/schema\/logo\/image\/","url":"https:\/\/i0.wp.com\/handmadestateofmind.com\/wp-content\/uploads\/2020\/06\/logo-2.png?fit=360%2C100&ssl=1","contentUrl":"https:\/\/i0.wp.com\/handmadestateofmind.com\/wp-content\/uploads\/2020\/06\/logo-2.png?fit=360%2C100&ssl=1","width":360,"height":100,"caption":"HANDMADE state of mind"},"image":{"@id":"https:\/\/handmadestateofmind.com\/#\/schema\/logo\/image\/"}}]}},"jetpack_publicize_connections":[],"jetpack_sharing_enabled":true,"_links":{"self":[{"href":"https:\/\/handmadestateofmind.com\/en\/wp-json\/wp\/v2\/product\/36097","targetHints":{"allow":["GET"]}}],"collection":[{"href":"https:\/\/handmadestateofmind.com\/en\/wp-json\/wp\/v2\/product"}],"about":[{"href":"https:\/\/handmadestateofmind.com\/en\/wp-json\/wp\/v2\/types\/product"}],"wp:featuredmedia":[{"embeddable":true,"href":"https:\/\/handmadestateofmind.com\/en\/wp-json\/wp\/v2\/media\/36032"}],"wp:attachment":[{"href":"https:\/\/handmadestateofmind.com\/en\/wp-json\/wp\/v2\/media?parent=36097"}],"wp:term":[{"taxonomy":"product_brand","embeddable":true,"href":"https:\/\/handmadestateofmind.com\/en\/wp-json\/wp\/v2\/product_brand?post=36097"},{"taxonomy":"product_cat","embeddable":true,"href":"https:\/\/handmadestateofmind.com\/en\/wp-json\/wp\/v2\/product_cat?post=36097"},{"taxonomy":"product_tag","embeddable":true,"href":"https:\/\/handmadestateofmind.com\/en\/wp-json\/wp\/v2\/product_tag?post=36097"}],"curies":[{"name":"wp","href":"https:\/\/api.w.org\/{rel}","templated":true}]}}