{"id":35673,"date":"2024-06-26T04:49:34","date_gmt":"2024-06-26T02:49:34","guid":{"rendered":"https:\/\/handmadestateofmind.com\/?post_type=product&#038;p=35673"},"modified":"2026-01-29T17:14:44","modified_gmt":"2026-01-29T16:14:44","slug":"top-aloita-wzor-na-drutach","status":"publish","type":"product","link":"https:\/\/handmadestateofmind.com\/en\/product\/top-aloita-wzor-na-drutach\/","title":{"rendered":"Top Aloita"},"content":{"rendered":"<p><b>ROZMIAR<\/b><\/p>\n<p><span style=\"font-weight: 400;\">\u00a0XS (S) M (L) XL<\/span><\/p>\n<p><span style=\"font-weight: 400;\">Szeroko\u015b\u0107 ramion (mierzona na p\u0142asko) :\u00a0<\/span><\/p>\n<p><span style=\"font-weight: 400;\">\u00a030 (31) 32 (33) 34 cm<\/span><\/p>\n<p><span style=\"font-weight: 400;\">Obw\u00f3d w biu\u015bcie :\u00a0\u00a0<\/span><\/p>\n<p><span style=\"font-weight: 400;\">87 (92) 97 (102) 112 cm<\/span><\/p>\n<p><span style=\"font-weight: 400;\">D\u0142ugo\u015b\u0107 (mierzona \u015brodkiem plec\u00f3w) :\u00a0\u00a0<\/span><\/p>\n<p><span style=\"font-weight: 400;\">51 (53) 55 (57) 59 cm<\/span><\/p>\n<p><span style=\"font-weight: 400;\">Na zdj\u0119ciu jest rozmiar S. Mam 174cm wzrostu.<\/span><\/p>\n<p><strong>\u00a0<\/strong><\/p>\n<p><b>W\u0141\u00d3CZKA<\/b><\/p>\n<p><b>Line od Sandnes Garn<\/b><span style=\"font-weight: 400;\"> (50g\/110m), 1015 ecru,\u00a0<\/span><\/p>\n<p><span style=\"font-weight: 400;\">\u0142\u0105czna wymagana waga:<\/span><\/p>\n<p><span style=\"font-weight: 400;\">250 (270) 300 (330) 370 g<\/span><\/p>\n<p>&nbsp;<\/p>\n<p><b>DRUTY\u00a0<\/b><\/p>\n<p><span style=\"font-weight: 400;\">na \u017cy\u0142ce:<\/span><\/p>\n<p><span style=\"font-weight: 400;\">tu\u0142\u00f3w &#8211; 3,5 mm, \u017cy\u0142ka min 80 cm<\/span><\/p>\n<p><span style=\"font-weight: 400;\">plisa przy dekolcie i podkroju pach &#8211; 3mm, \u017cy\u0142ka min 80 cm do przerabiania Magic Loopem, lub druty kr\u00f3tkie z \u017cy\u0142k\u0105 60cm<\/span><\/p>\n<p>&nbsp;<\/p>\n<p><b>POZOSTA\u0141E AKCESORIA<\/b><\/p>\n<p><span style=\"font-weight: 400;\">4 znaczniki, zapasowe \u017cy\u0142ki lub kawa\u0142ki w\u0142\u00f3czki do zabezpieczenia oczek, 2 agrafki lub zapinane znaczniki do zabezpieczenia oczek<\/span><\/p>\n<p><strong>\u00a0<\/strong><\/p>\n<p><b>PR\u00d3BKA<\/b><\/p>\n<p><span style=\"font-weight: 400;\">10 cm x 10 cm 21 oczek x 34 rz\u0119d\u00f3w \u015bciegiem po\u0144czoszniczym na drutach 3,5mm<\/span><\/p>\n<p><span style=\"font-weight: 400;\">Rz\u0105d 1 ( prawa strona): przer\u00f3b oczkami prawymi<\/span><\/p>\n<p><span style=\"font-weight: 400;\">Rz\u0105d 2 ( lewa strona) : przer\u00f3b oczkami lewymi<\/span><\/p>\n<p>&nbsp;<\/p>","protected":false},"excerpt":{"rendered":"<p><span style=\"font-weight: 400;\">Top Aloita\u00a0 jest wykonywany od g\u00f3ry do do\u0142u bez zszywania, cz\u0119\u015bciowo w rz\u0119dach, cz\u0119\u015bciowo w okr\u0105\u017ceniach.\u00a0<\/span><\/p>\n<p><span style=\"font-weight: 400;\">Wz\u00f3r ma okr\u0105g\u0142y dekolt, dekoracyjn\u0105 baskink\u0119, a oczka zamykane s\u0105 alternatywn\u0105 metod\u0105 Icord co daje dekoracyjny efekt.\u00a0<\/span><\/p>\n<p><span style=\"font-weight: 400;\">Zaczynasz od przerabiania topu w rz\u0119dach, aby uformowa\u0107 opadaj\u0105ce ramiona oraz dekolt. Nast\u0119pnie oczka s\u0105 rozdzielane na ty\u0142 i prz\u00f3d i ka\u017cda z cz\u0119\u015bci przerabiana jest oddzielnie, a\u017c do podkroju pach. Nast\u0119pnie obie cz\u0119\u015bci s\u0105 ze sob\u0105 \u0142\u0105czone do przerabiania w okr\u0105\u017ceniach, a\u017c do linii talii, na wysoko\u015bci kt\u00f3rej tworzone jest dekoracyjny zwini\u0119cie oczek. W kolejnym kroku zwi\u0119kszana jest linia oczek do przerobienia baskinki. Oczka zamykane s\u0105 klasycznym zamykaniem oczek.\u00a0<\/span><\/p>\n<p><span style=\"font-weight: 400;\">Dekoracyjny efekt wok\u00f3\u0142 podkroju ramion rozpoczyna si\u0119 od podebrania oczek. Nast\u0119pnie tworzone jest dekoracyjne zawini\u0119cie. W kolejnym kroku oczka zamykane s\u0105 alternatywn\u0105 metod\u0105 Icord.<\/span><\/p>\n<p><span style=\"font-weight: 400;\">Podobnie podbierane s\u0105 oczka na dekoracyjne zamykanie oczek wok\u00f3\u0142 dekoltu alternatywn\u0105 metod\u0105 Icord.<\/span><\/p>","protected":false},"featured_media":44664,"comment_status":"closed","ping_status":"closed","template":"","meta":{"jetpack_publicize_message":"","jetpack_publicize_feature_enabled":true,"jetpack_social_post_already_shared":true,"jetpack_social_options":{"image_generator_settings":{"template":"highway","default_image_id":0,"font":"","enabled":false},"version":2},"_wpas_customize_per_network":false},"product_brand":[],"product_cat":[699842647,699842518,699842520],"product_tag":[],"class_list":{"0":"post-35673","1":"product","2":"type-product","3":"status-publish","4":"has-post-thumbnail","6":"product_cat-bluzki-i-kamizelki","7":"product_cat-wzor-na-drutach-po-polsku","8":"product_cat-wzory-na-drutach","9":"product_shipping_class-cyfrowa","11":"first","12":"instock","13":"sale","14":"downloadable","15":"virtual","16":"taxable","17":"purchasable","18":"product-type-simple"},"yoast_head":"<!-- This site is optimized with the Yoast SEO plugin v27.4 - https:\/\/yoast.com\/product\/yoast-seo-wordpress\/ -->\n<title>Top Aloita - Wz\u00f3r na drutach - HANDMADE state of mind<\/title>\n<meta name=\"description\" content=\"Ten wz\u00f3r zawiera instrukcje jak wykona\u0107 na drutach letni top z bawe\u0142ny z baskink\u0105.\" \/>\n<meta name=\"robots\" content=\"index, follow, max-snippet:-1, max-image-preview:large, max-video-preview:-1\" \/>\n<link rel=\"canonical\" href=\"https:\/\/handmadestateofmind.com\/en\/product\/top-aloita-wzor-na-drutach\/\" \/>\n<meta property=\"og:locale\" content=\"en_GB\" \/>\n<meta property=\"og:type\" content=\"article\" \/>\n<meta property=\"og:title\" content=\"Top Aloita - Wz\u00f3r na drutach - HANDMADE state of mind\" \/>\n<meta property=\"og:description\" content=\"Ten wz\u00f3r zawiera instrukcje jak wykona\u0107 na drutach letni top z bawe\u0142ny z baskink\u0105.\" \/>\n<meta property=\"og:url\" content=\"https:\/\/handmadestateofmind.com\/en\/product\/top-aloita-wzor-na-drutach\/\" \/>\n<meta property=\"og:site_name\" content=\"HANDMADE state of mind\" \/>\n<meta property=\"article:modified_time\" content=\"2026-01-29T16:14:44+00:00\" \/>\n<meta property=\"og:image\" content=\"https:\/\/handmadestateofmind.com\/wp-content\/uploads\/2025\/03\/img_1413.jpg\" \/>\n\t<meta property=\"og:image:width\" content=\"1600\" \/>\n\t<meta property=\"og:image:height\" content=\"2000\" \/>\n\t<meta property=\"og:image:type\" content=\"image\/jpeg\" \/>\n<meta name=\"twitter:card\" content=\"summary_large_image\" \/>\n<meta name=\"twitter:label1\" content=\"Estimated reading time\" \/>\n\t<meta name=\"twitter:data1\" content=\"2 minutes\" \/>\n<script type=\"application\/ld+json\" class=\"yoast-schema-graph\">{\"@context\":\"https:\\\/\\\/schema.org\",\"@graph\":[{\"@type\":\"WebPage\",\"@id\":\"https:\\\/\\\/handmadestateofmind.com\\\/produkt\\\/top-aloita-wzor-na-drutach\\\/\",\"url\":\"https:\\\/\\\/handmadestateofmind.com\\\/produkt\\\/top-aloita-wzor-na-drutach\\\/\",\"name\":\"Top Aloita - Wz\u00f3r na drutach - HANDMADE state of mind\",\"isPartOf\":{\"@id\":\"https:\\\/\\\/handmadestateofmind.com\\\/#website\"},\"primaryImageOfPage\":{\"@id\":\"https:\\\/\\\/handmadestateofmind.com\\\/produkt\\\/top-aloita-wzor-na-drutach\\\/#primaryimage\"},\"image\":{\"@id\":\"https:\\\/\\\/handmadestateofmind.com\\\/produkt\\\/top-aloita-wzor-na-drutach\\\/#primaryimage\"},\"thumbnailUrl\":\"https:\\\/\\\/i0.wp.com\\\/handmadestateofmind.com\\\/wp-content\\\/uploads\\\/2025\\\/03\\\/img_1413.jpg?fit=1600%2C2000&ssl=1\",\"datePublished\":\"2024-06-26T02:49:34+00:00\",\"dateModified\":\"2026-01-29T16:14:44+00:00\",\"description\":\"Ten wz\u00f3r zawiera instrukcje jak wykona\u0107 na drutach letni top z bawe\u0142ny z baskink\u0105.\",\"breadcrumb\":{\"@id\":\"https:\\\/\\\/handmadestateofmind.com\\\/produkt\\\/top-aloita-wzor-na-drutach\\\/#breadcrumb\"},\"inLanguage\":\"en-GB\",\"potentialAction\":[{\"@type\":\"ReadAction\",\"target\":[\"https:\\\/\\\/handmadestateofmind.com\\\/produkt\\\/top-aloita-wzor-na-drutach\\\/\"]}]},{\"@type\":\"ImageObject\",\"inLanguage\":\"en-GB\",\"@id\":\"https:\\\/\\\/handmadestateofmind.com\\\/produkt\\\/top-aloita-wzor-na-drutach\\\/#primaryimage\",\"url\":\"https:\\\/\\\/i0.wp.com\\\/handmadestateofmind.com\\\/wp-content\\\/uploads\\\/2025\\\/03\\\/img_1413.jpg?fit=1600%2C2000&ssl=1\",\"contentUrl\":\"https:\\\/\\\/i0.wp.com\\\/handmadestateofmind.com\\\/wp-content\\\/uploads\\\/2025\\\/03\\\/img_1413.jpg?fit=1600%2C2000&ssl=1\",\"width\":1600,\"height\":2000},{\"@type\":\"BreadcrumbList\",\"@id\":\"https:\\\/\\\/handmadestateofmind.com\\\/produkt\\\/top-aloita-wzor-na-drutach\\\/#breadcrumb\",\"itemListElement\":[{\"@type\":\"ListItem\",\"position\":1,\"name\":\"Home\",\"item\":\"https:\\\/\\\/handmadestateofmind.com\\\/\"},{\"@type\":\"ListItem\",\"position\":2,\"name\":\"Prywatne: Handmade state of mind\",\"item\":\"https:\\\/\\\/handmadestateofmind.com\\\/?page_id=14778\"},{\"@type\":\"ListItem\",\"position\":3,\"name\":\"Top Aloita\"}]},{\"@type\":\"WebSite\",\"@id\":\"https:\\\/\\\/handmadestateofmind.com\\\/#website\",\"url\":\"https:\\\/\\\/handmadestateofmind.com\\\/\",\"name\":\"HANDMADE state of mind\",\"description\":\"\",\"publisher\":{\"@id\":\"https:\\\/\\\/handmadestateofmind.com\\\/#organization\"},\"potentialAction\":[{\"@type\":\"SearchAction\",\"target\":{\"@type\":\"EntryPoint\",\"urlTemplate\":\"https:\\\/\\\/handmadestateofmind.com\\\/?s={search_term_string}\"},\"query-input\":{\"@type\":\"PropertyValueSpecification\",\"valueRequired\":true,\"valueName\":\"search_term_string\"}}],\"inLanguage\":\"en-GB\"},{\"@type\":\"Organization\",\"@id\":\"https:\\\/\\\/handmadestateofmind.com\\\/#organization\",\"name\":\"HANDMADE state of mind\",\"url\":\"https:\\\/\\\/handmadestateofmind.com\\\/\",\"logo\":{\"@type\":\"ImageObject\",\"inLanguage\":\"en-GB\",\"@id\":\"https:\\\/\\\/handmadestateofmind.com\\\/#\\\/schema\\\/logo\\\/image\\\/\",\"url\":\"https:\\\/\\\/i0.wp.com\\\/handmadestateofmind.com\\\/wp-content\\\/uploads\\\/2020\\\/06\\\/logo-2.png?fit=360%2C100&ssl=1\",\"contentUrl\":\"https:\\\/\\\/i0.wp.com\\\/handmadestateofmind.com\\\/wp-content\\\/uploads\\\/2020\\\/06\\\/logo-2.png?fit=360%2C100&ssl=1\",\"width\":360,\"height\":100,\"caption\":\"HANDMADE state of mind\"},\"image\":{\"@id\":\"https:\\\/\\\/handmadestateofmind.com\\\/#\\\/schema\\\/logo\\\/image\\\/\"}}]}<\/script>\n<!-- \/ Yoast SEO plugin. -->","yoast_head_json":{"title":"Top Aloita - Wz\u00f3r na drutach - HANDMADE state of mind","description":"Ten wz\u00f3r zawiera instrukcje jak wykona\u0107 na drutach letni top z bawe\u0142ny z baskink\u0105.","robots":{"index":"index","follow":"follow","max-snippet":"max-snippet:-1","max-image-preview":"max-image-preview:large","max-video-preview":"max-video-preview:-1"},"canonical":"https:\/\/handmadestateofmind.com\/en\/product\/top-aloita-wzor-na-drutach\/","og_locale":"en_GB","og_type":"article","og_title":"Top Aloita - Wz\u00f3r na drutach - HANDMADE state of mind","og_description":"Ten wz\u00f3r zawiera instrukcje jak wykona\u0107 na drutach letni top z bawe\u0142ny z baskink\u0105.","og_url":"https:\/\/handmadestateofmind.com\/en\/product\/top-aloita-wzor-na-drutach\/","og_site_name":"HANDMADE state of mind","article_modified_time":"2026-01-29T16:14:44+00:00","og_image":[{"width":1600,"height":2000,"url":"https:\/\/handmadestateofmind.com\/wp-content\/uploads\/2025\/03\/img_1413.jpg","type":"image\/jpeg"}],"twitter_card":"summary_large_image","twitter_misc":{"Estimated reading time":"2 minutes"},"schema":{"@context":"https:\/\/schema.org","@graph":[{"@type":"WebPage","@id":"https:\/\/handmadestateofmind.com\/produkt\/top-aloita-wzor-na-drutach\/","url":"https:\/\/handmadestateofmind.com\/produkt\/top-aloita-wzor-na-drutach\/","name":"Top Aloita - Wz\u00f3r na drutach - HANDMADE state of mind","isPartOf":{"@id":"https:\/\/handmadestateofmind.com\/#website"},"primaryImageOfPage":{"@id":"https:\/\/handmadestateofmind.com\/produkt\/top-aloita-wzor-na-drutach\/#primaryimage"},"image":{"@id":"https:\/\/handmadestateofmind.com\/produkt\/top-aloita-wzor-na-drutach\/#primaryimage"},"thumbnailUrl":"https:\/\/i0.wp.com\/handmadestateofmind.com\/wp-content\/uploads\/2025\/03\/img_1413.jpg?fit=1600%2C2000&ssl=1","datePublished":"2024-06-26T02:49:34+00:00","dateModified":"2026-01-29T16:14:44+00:00","description":"Ten wz\u00f3r zawiera instrukcje jak wykona\u0107 na drutach letni top z bawe\u0142ny z baskink\u0105.","breadcrumb":{"@id":"https:\/\/handmadestateofmind.com\/produkt\/top-aloita-wzor-na-drutach\/#breadcrumb"},"inLanguage":"en-GB","potentialAction":[{"@type":"ReadAction","target":["https:\/\/handmadestateofmind.com\/produkt\/top-aloita-wzor-na-drutach\/"]}]},{"@type":"ImageObject","inLanguage":"en-GB","@id":"https:\/\/handmadestateofmind.com\/produkt\/top-aloita-wzor-na-drutach\/#primaryimage","url":"https:\/\/i0.wp.com\/handmadestateofmind.com\/wp-content\/uploads\/2025\/03\/img_1413.jpg?fit=1600%2C2000&ssl=1","contentUrl":"https:\/\/i0.wp.com\/handmadestateofmind.com\/wp-content\/uploads\/2025\/03\/img_1413.jpg?fit=1600%2C2000&ssl=1","width":1600,"height":2000},{"@type":"BreadcrumbList","@id":"https:\/\/handmadestateofmind.com\/produkt\/top-aloita-wzor-na-drutach\/#breadcrumb","itemListElement":[{"@type":"ListItem","position":1,"name":"Home","item":"https:\/\/handmadestateofmind.com\/"},{"@type":"ListItem","position":2,"name":"Prywatne: Handmade state of mind","item":"https:\/\/handmadestateofmind.com\/?page_id=14778"},{"@type":"ListItem","position":3,"name":"Top Aloita"}]},{"@type":"WebSite","@id":"https:\/\/handmadestateofmind.com\/#website","url":"https:\/\/handmadestateofmind.com\/","name":"HANDMADE state of mind","description":"","publisher":{"@id":"https:\/\/handmadestateofmind.com\/#organization"},"potentialAction":[{"@type":"SearchAction","target":{"@type":"EntryPoint","urlTemplate":"https:\/\/handmadestateofmind.com\/?s={search_term_string}"},"query-input":{"@type":"PropertyValueSpecification","valueRequired":true,"valueName":"search_term_string"}}],"inLanguage":"en-GB"},{"@type":"Organization","@id":"https:\/\/handmadestateofmind.com\/#organization","name":"HANDMADE state of mind","url":"https:\/\/handmadestateofmind.com\/","logo":{"@type":"ImageObject","inLanguage":"en-GB","@id":"https:\/\/handmadestateofmind.com\/#\/schema\/logo\/image\/","url":"https:\/\/i0.wp.com\/handmadestateofmind.com\/wp-content\/uploads\/2020\/06\/logo-2.png?fit=360%2C100&ssl=1","contentUrl":"https:\/\/i0.wp.com\/handmadestateofmind.com\/wp-content\/uploads\/2020\/06\/logo-2.png?fit=360%2C100&ssl=1","width":360,"height":100,"caption":"HANDMADE state of mind"},"image":{"@id":"https:\/\/handmadestateofmind.com\/#\/schema\/logo\/image\/"}}]}},"jetpack_publicize_connections":[],"jetpack_sharing_enabled":true,"_links":{"self":[{"href":"https:\/\/handmadestateofmind.com\/en\/wp-json\/wp\/v2\/product\/35673","targetHints":{"allow":["GET"]}}],"collection":[{"href":"https:\/\/handmadestateofmind.com\/en\/wp-json\/wp\/v2\/product"}],"about":[{"href":"https:\/\/handmadestateofmind.com\/en\/wp-json\/wp\/v2\/types\/product"}],"replies":[{"embeddable":true,"href":"https:\/\/handmadestateofmind.com\/en\/wp-json\/wp\/v2\/comments?post=35673"}],"wp:featuredmedia":[{"embeddable":true,"href":"https:\/\/handmadestateofmind.com\/en\/wp-json\/wp\/v2\/media\/44664"}],"wp:attachment":[{"href":"https:\/\/handmadestateofmind.com\/en\/wp-json\/wp\/v2\/media?parent=35673"}],"wp:term":[{"taxonomy":"product_brand","embeddable":true,"href":"https:\/\/handmadestateofmind.com\/en\/wp-json\/wp\/v2\/product_brand?post=35673"},{"taxonomy":"product_cat","embeddable":true,"href":"https:\/\/handmadestateofmind.com\/en\/wp-json\/wp\/v2\/product_cat?post=35673"},{"taxonomy":"product_tag","embeddable":true,"href":"https:\/\/handmadestateofmind.com\/en\/wp-json\/wp\/v2\/product_tag?post=35673"}],"curies":[{"name":"wp","href":"https:\/\/api.w.org\/{rel}","templated":true}]}}