{"id":34715,"date":"2024-04-22T17:42:28","date_gmt":"2024-04-22T15:42:28","guid":{"rendered":"https:\/\/handmadestateofmind.com\/?post_type=product&#038;p=34715"},"modified":"2025-08-25T16:44:41","modified_gmt":"2025-08-25T14:44:41","slug":"kardigan-gossip-wzor-na-drutach","status":"publish","type":"product","link":"https:\/\/handmadestateofmind.com\/en\/product\/kardigan-gossip-wzor-na-drutach\/","title":{"rendered":"Kardigan Gossip"},"content":{"rendered":"<p><b>ROZMIAR<\/b><\/p>\n<p><span style=\"font-weight: 400;\">XS (S) M (L) XL\u00a0<\/span><\/p>\n<p><span style=\"font-weight: 400;\">Zanim zaczniesz dzierga\u0107, zmierz si\u0119, aby zdecydowa\u0107, kt\u00f3ry rozmiar b\u0119dzie dla Ciebie najlepszy.\u00a0<\/span><\/p>\n<p><span style=\"font-weight: 400;\">Obw\u00f3d swetra w klatce piersiowej:\u00a0\u00a0<\/span><\/p>\n<p><span style=\"font-weight: 400;\">116 (120) 125 (132) 140 cm<\/span><\/p>\n<p><span style=\"font-weight: 400;\">D\u0142ugo\u015b\u0107 swetra (mierzona \u015brodkiem plec\u00f3w bez ko\u0142nierzyka) : 54 (56) 58 (60) 63\u00a0 cm<\/span><\/p>\n<p><span style=\"font-weight: 400;\">D\u0142ugo\u015b\u0107 r\u0119kaw\u00f3w ( mierzona od ko\u0142nierzyka):<\/span><\/p>\n<p><span style=\"font-weight: 400;\">\u00a070 (71) 72 (73) 75 cm<\/span><\/p>\n<p><span style=\"font-weight: 400;\">Na zdj\u0119ciu jest rozmiar M. Mam 174cm wzrostu.<\/span><\/p>\n<p>&nbsp;<\/p>\n<p><b>W\u0141\u00d3CZKA<\/b><\/p>\n<p><b>My Time Merino<\/b><span style=\"font-weight: 400;\">,\u00a0 Gabo Wool 50g\/230m ,\u00a0 kolor Crazy R\u00f3\u017c (9561), podw\u00f3jna nitka,\u00a0<\/span><\/p>\n<p><span style=\"font-weight: 400;\">\u00a0\u0141\u0105czna wymagana waga\u00a0\u00a0<\/span><\/p>\n<p><span style=\"font-weight: 400;\">550 (580) 610 (650) 700 g.<\/span><\/p>\n<p><span style=\"font-weight: 400;\">Do wykonania dodatkowych 10cm d\u0142ugo\u015bci\u00a0 swetra potrzeba odpowiednio 70 (74) 77 (80) 85 g.<\/span><\/p>\n<p>&nbsp;<\/p>\n<p><b>DRUTY\u00a0<\/b><\/p>\n<p><span style=\"font-weight: 400;\">Tu\u0142\u00f3w: cz\u0119\u015b\u0107 g\u0142\u00f3wna\u00a0 4mm , \u015bci\u0105gacze 3,5mm + \u017cy\u0142ka min 120cm x 1, min 80cm x 2<\/span><\/p>\n<p><span style=\"font-weight: 400;\">R\u0119kawy : cz\u0119\u015b\u0107 g\u0142\u00f3wna 4mm, \u015bci\u0105gacze 3,5mm\u00a0 + \u017cy\u0142ka\u00a0 min 80 cm przy u\u017cyciu techniki Magic Loop, alternatywnie mo\u017cesz u\u017cy\u0107 drut\u00f3w po\u0144czoszniczych<\/span><\/p>\n<p><span style=\"font-weight: 400;\">Plisa: 3,5mm + \u017cy\u0142ka min 120cm<\/span><\/p>\n<p>&nbsp;<\/p>\n<p><b>POZOSTA\u0141E AKCESORIA<\/b><\/p>\n<p><span style=\"font-weight: 400;\">Ig\u0142a dziewiarska , 1 znacznik, 4-5 guzik\u00f3w \u015brednica 20mm<\/span><\/p>\n<p>&nbsp;<\/p>\n<p><b>PR\u00d3BKA<\/b><\/p>\n<p><span style=\"font-weight: 400;\">10 cm x 10 cm 20 o x 32 rz na drutach 4mm \u015bciegiem strukturalnym.<\/span><\/p>\n<p>\u015acieg dla pr\u00f3bki znajduje si\u0119 we wozrze.<\/p>","protected":false},"excerpt":{"rendered":"<p><span style=\"font-weight: 400;\">Kardigan Gossip jest robiony od g\u00f3ry do do\u0142u cz\u0119\u015bciowo w rz\u0119dach cz\u0119\u015bciowo w okr\u0105\u017ceniach bez zszywania.\u00a0 Sweter przerabiany jest \u015bciegiem strukturalnym z a\u017curami.\u00a0\u00a0<\/span><\/p>\n<p><span style=\"font-weight: 400;\">Zaczynasz od wykonania ty\u0142u kardiganu do podkroju pach. Ty\u0142 przerabiany jest w rz\u0119dach z zastosowaniem skr\u00f3conych rz\u0119d\u00f3w niemieckich, aby ukszta\u0142towa\u0107 profil ramion.\u00a0 Nast\u0119pnie przerabiasz prawy i lewy prz\u00f3d w rz\u0119dach z jednoczesnym kszta\u0142towaniem dekoltu.\u00a0 W kolejnym kroku przody i ty\u0142 s\u0105 ze sob\u0105 \u0142\u0105czone i przerabiane razem. Tu\u0142\u00f3w wyko\u0144czony jest \u015bciegiem 1&#215;1.\u00a0<\/span><\/p>\n<p><span style=\"font-weight: 400;\">R\u0119kawy po\u0142\u0105czone s\u0105 z tu\u0142owiem przy u\u017cyciu bezszwowej techniki podbierania oczek. R\u0119kawy przerabiane s\u0105 w okr\u0105\u017ceniach z jednoczesnym odejmowaniem oczek\u00a0 dla wyprofilowania kszta\u0142tu r\u0119kaw\u00f3w. R\u0119kawy wyko\u0144czone s\u0105 \u015bciegiem 1&#215;1.\u00a0<\/span><\/p>\n<p><span style=\"font-weight: 400;\">Plisa po\u0142\u0105czony jest z tu\u0142owiem przy u\u017cyciu bezszwowej techniki podbierania oczek.\u00a0 Plisa przerabiana jest w rz\u0119dach \u015bciegiem 1&#215;1. <\/span><\/p>","protected":false},"featured_media":34621,"comment_status":"closed","ping_status":"closed","template":"","meta":{"jetpack_post_was_ever_published":false,"jetpack_publicize_message":"","jetpack_publicize_feature_enabled":true,"jetpack_social_post_already_shared":true,"jetpack_social_options":{"image_generator_settings":{"template":"highway","default_image_id":0,"font":"","enabled":false},"version":2},"_wpas_customize_per_network":false},"product_brand":[],"product_cat":[699842644,699842616,699842520],"product_tag":[],"class_list":{"0":"post-34715","1":"product","2":"type-product","3":"status-publish","4":"has-post-thumbnail","6":"product_cat-swetry-i-kardigany","7":"product_cat-wzor-na-drutach-po-polsku-ze-schematem","8":"product_cat-wzory-na-drutach","9":"product_shipping_class-cyfrowa","11":"first","12":"instock","13":"sale","14":"downloadable","15":"virtual","16":"taxable","17":"purchasable","18":"product-type-simple"},"yoast_head":"<!-- This site is optimized with the Yoast SEO plugin v27.3 - https:\/\/yoast.com\/product\/yoast-seo-wordpress\/ -->\n<title>Kardigan Gossip - Wz\u00f3r na drutach - HANDMADE state of mind<\/title>\n<meta name=\"description\" content=\"Wz\u00f3r na drutach na kardigan z dekoltem w szpic i strukturalnym \u015bciegiem. Wz\u00f3r na drutach ze schematami. Zr\u00f3b sw\u00f3j sweter na drutach.\" \/>\n<meta name=\"robots\" content=\"index, follow, max-snippet:-1, max-image-preview:large, max-video-preview:-1\" \/>\n<link rel=\"canonical\" href=\"https:\/\/handmadestateofmind.com\/en\/product\/kardigan-gossip-wzor-na-drutach\/\" \/>\n<meta property=\"og:locale\" content=\"en_GB\" \/>\n<meta property=\"og:type\" content=\"article\" \/>\n<meta property=\"og:title\" content=\"Kardigan Gossip - Wz\u00f3r na drutach - HANDMADE state of mind\" \/>\n<meta property=\"og:description\" content=\"Wz\u00f3r na drutach na kardigan z dekoltem w szpic i strukturalnym \u015bciegiem. Wz\u00f3r na drutach ze schematami. Zr\u00f3b sw\u00f3j sweter na drutach.\" \/>\n<meta property=\"og:url\" content=\"https:\/\/handmadestateofmind.com\/en\/product\/kardigan-gossip-wzor-na-drutach\/\" \/>\n<meta property=\"og:site_name\" content=\"HANDMADE state of mind\" \/>\n<meta property=\"article:modified_time\" content=\"2025-08-25T14:44:41+00:00\" \/>\n<meta property=\"og:image\" content=\"https:\/\/handmadestateofmind.com\/wp-content\/uploads\/2024\/04\/img_3282-819x1024.jpg\" \/>\n\t<meta property=\"og:image:width\" content=\"819\" \/>\n\t<meta property=\"og:image:height\" content=\"1024\" \/>\n\t<meta property=\"og:image:type\" content=\"image\/jpeg\" \/>\n<meta name=\"twitter:card\" content=\"summary_large_image\" \/>\n<meta name=\"twitter:label1\" content=\"Estimated reading time\" \/>\n\t<meta name=\"twitter:data1\" content=\"2 minutes\" \/>\n<script type=\"application\/ld+json\" class=\"yoast-schema-graph\">{\"@context\":\"https:\\\/\\\/schema.org\",\"@graph\":[{\"@type\":\"WebPage\",\"@id\":\"https:\\\/\\\/handmadestateofmind.com\\\/produkt\\\/kardigan-gossip-wzor-na-drutach\\\/\",\"url\":\"https:\\\/\\\/handmadestateofmind.com\\\/produkt\\\/kardigan-gossip-wzor-na-drutach\\\/\",\"name\":\"Kardigan Gossip - Wz\u00f3r na drutach - HANDMADE state of mind\",\"isPartOf\":{\"@id\":\"https:\\\/\\\/handmadestateofmind.com\\\/#website\"},\"primaryImageOfPage\":{\"@id\":\"https:\\\/\\\/handmadestateofmind.com\\\/produkt\\\/kardigan-gossip-wzor-na-drutach\\\/#primaryimage\"},\"image\":{\"@id\":\"https:\\\/\\\/handmadestateofmind.com\\\/produkt\\\/kardigan-gossip-wzor-na-drutach\\\/#primaryimage\"},\"thumbnailUrl\":\"https:\\\/\\\/i0.wp.com\\\/handmadestateofmind.com\\\/wp-content\\\/uploads\\\/2024\\\/04\\\/img_3282.jpg?fit=2234%2C2793&ssl=1\",\"datePublished\":\"2024-04-22T15:42:28+00:00\",\"dateModified\":\"2025-08-25T14:44:41+00:00\",\"description\":\"Wz\u00f3r na drutach na kardigan z dekoltem w szpic i strukturalnym \u015bciegiem. Wz\u00f3r na drutach ze schematami. Zr\u00f3b sw\u00f3j sweter na drutach.\",\"breadcrumb\":{\"@id\":\"https:\\\/\\\/handmadestateofmind.com\\\/produkt\\\/kardigan-gossip-wzor-na-drutach\\\/#breadcrumb\"},\"inLanguage\":\"en-GB\",\"potentialAction\":[{\"@type\":\"ReadAction\",\"target\":[\"https:\\\/\\\/handmadestateofmind.com\\\/produkt\\\/kardigan-gossip-wzor-na-drutach\\\/\"]}]},{\"@type\":\"ImageObject\",\"inLanguage\":\"en-GB\",\"@id\":\"https:\\\/\\\/handmadestateofmind.com\\\/produkt\\\/kardigan-gossip-wzor-na-drutach\\\/#primaryimage\",\"url\":\"https:\\\/\\\/i0.wp.com\\\/handmadestateofmind.com\\\/wp-content\\\/uploads\\\/2024\\\/04\\\/img_3282.jpg?fit=2234%2C2793&ssl=1\",\"contentUrl\":\"https:\\\/\\\/i0.wp.com\\\/handmadestateofmind.com\\\/wp-content\\\/uploads\\\/2024\\\/04\\\/img_3282.jpg?fit=2234%2C2793&ssl=1\",\"width\":2234,\"height\":2793},{\"@type\":\"BreadcrumbList\",\"@id\":\"https:\\\/\\\/handmadestateofmind.com\\\/produkt\\\/kardigan-gossip-wzor-na-drutach\\\/#breadcrumb\",\"itemListElement\":[{\"@type\":\"ListItem\",\"position\":1,\"name\":\"Home\",\"item\":\"https:\\\/\\\/handmadestateofmind.com\\\/\"},{\"@type\":\"ListItem\",\"position\":2,\"name\":\"Prywatne: Handmade state of mind\",\"item\":\"https:\\\/\\\/handmadestateofmind.com\\\/?page_id=14778\"},{\"@type\":\"ListItem\",\"position\":3,\"name\":\"Kardigan Gossip\"}]},{\"@type\":\"WebSite\",\"@id\":\"https:\\\/\\\/handmadestateofmind.com\\\/#website\",\"url\":\"https:\\\/\\\/handmadestateofmind.com\\\/\",\"name\":\"HANDMADE state of mind\",\"description\":\"\",\"publisher\":{\"@id\":\"https:\\\/\\\/handmadestateofmind.com\\\/#organization\"},\"potentialAction\":[{\"@type\":\"SearchAction\",\"target\":{\"@type\":\"EntryPoint\",\"urlTemplate\":\"https:\\\/\\\/handmadestateofmind.com\\\/?s={search_term_string}\"},\"query-input\":{\"@type\":\"PropertyValueSpecification\",\"valueRequired\":true,\"valueName\":\"search_term_string\"}}],\"inLanguage\":\"en-GB\"},{\"@type\":\"Organization\",\"@id\":\"https:\\\/\\\/handmadestateofmind.com\\\/#organization\",\"name\":\"HANDMADE state of mind\",\"url\":\"https:\\\/\\\/handmadestateofmind.com\\\/\",\"logo\":{\"@type\":\"ImageObject\",\"inLanguage\":\"en-GB\",\"@id\":\"https:\\\/\\\/handmadestateofmind.com\\\/#\\\/schema\\\/logo\\\/image\\\/\",\"url\":\"https:\\\/\\\/i0.wp.com\\\/handmadestateofmind.com\\\/wp-content\\\/uploads\\\/2020\\\/06\\\/logo-2.png?fit=360%2C100&ssl=1\",\"contentUrl\":\"https:\\\/\\\/i0.wp.com\\\/handmadestateofmind.com\\\/wp-content\\\/uploads\\\/2020\\\/06\\\/logo-2.png?fit=360%2C100&ssl=1\",\"width\":360,\"height\":100,\"caption\":\"HANDMADE state of mind\"},\"image\":{\"@id\":\"https:\\\/\\\/handmadestateofmind.com\\\/#\\\/schema\\\/logo\\\/image\\\/\"}}]}<\/script>\n<!-- \/ Yoast SEO plugin. -->","yoast_head_json":{"title":"Kardigan Gossip - Wz\u00f3r na drutach - HANDMADE state of mind","description":"Wz\u00f3r na drutach na kardigan z dekoltem w szpic i strukturalnym \u015bciegiem. Wz\u00f3r na drutach ze schematami. Zr\u00f3b sw\u00f3j sweter na drutach.","robots":{"index":"index","follow":"follow","max-snippet":"max-snippet:-1","max-image-preview":"max-image-preview:large","max-video-preview":"max-video-preview:-1"},"canonical":"https:\/\/handmadestateofmind.com\/en\/product\/kardigan-gossip-wzor-na-drutach\/","og_locale":"en_GB","og_type":"article","og_title":"Kardigan Gossip - Wz\u00f3r na drutach - HANDMADE state of mind","og_description":"Wz\u00f3r na drutach na kardigan z dekoltem w szpic i strukturalnym \u015bciegiem. Wz\u00f3r na drutach ze schematami. Zr\u00f3b sw\u00f3j sweter na drutach.","og_url":"https:\/\/handmadestateofmind.com\/en\/product\/kardigan-gossip-wzor-na-drutach\/","og_site_name":"HANDMADE state of mind","article_modified_time":"2025-08-25T14:44:41+00:00","og_image":[{"width":819,"height":1024,"url":"https:\/\/handmadestateofmind.com\/wp-content\/uploads\/2024\/04\/img_3282-819x1024.jpg","type":"image\/jpeg"}],"twitter_card":"summary_large_image","twitter_misc":{"Estimated reading time":"2 minutes"},"schema":{"@context":"https:\/\/schema.org","@graph":[{"@type":"WebPage","@id":"https:\/\/handmadestateofmind.com\/produkt\/kardigan-gossip-wzor-na-drutach\/","url":"https:\/\/handmadestateofmind.com\/produkt\/kardigan-gossip-wzor-na-drutach\/","name":"Kardigan Gossip - Wz\u00f3r na drutach - HANDMADE state of mind","isPartOf":{"@id":"https:\/\/handmadestateofmind.com\/#website"},"primaryImageOfPage":{"@id":"https:\/\/handmadestateofmind.com\/produkt\/kardigan-gossip-wzor-na-drutach\/#primaryimage"},"image":{"@id":"https:\/\/handmadestateofmind.com\/produkt\/kardigan-gossip-wzor-na-drutach\/#primaryimage"},"thumbnailUrl":"https:\/\/i0.wp.com\/handmadestateofmind.com\/wp-content\/uploads\/2024\/04\/img_3282.jpg?fit=2234%2C2793&ssl=1","datePublished":"2024-04-22T15:42:28+00:00","dateModified":"2025-08-25T14:44:41+00:00","description":"Wz\u00f3r na drutach na kardigan z dekoltem w szpic i strukturalnym \u015bciegiem. Wz\u00f3r na drutach ze schematami. Zr\u00f3b sw\u00f3j sweter na drutach.","breadcrumb":{"@id":"https:\/\/handmadestateofmind.com\/produkt\/kardigan-gossip-wzor-na-drutach\/#breadcrumb"},"inLanguage":"en-GB","potentialAction":[{"@type":"ReadAction","target":["https:\/\/handmadestateofmind.com\/produkt\/kardigan-gossip-wzor-na-drutach\/"]}]},{"@type":"ImageObject","inLanguage":"en-GB","@id":"https:\/\/handmadestateofmind.com\/produkt\/kardigan-gossip-wzor-na-drutach\/#primaryimage","url":"https:\/\/i0.wp.com\/handmadestateofmind.com\/wp-content\/uploads\/2024\/04\/img_3282.jpg?fit=2234%2C2793&ssl=1","contentUrl":"https:\/\/i0.wp.com\/handmadestateofmind.com\/wp-content\/uploads\/2024\/04\/img_3282.jpg?fit=2234%2C2793&ssl=1","width":2234,"height":2793},{"@type":"BreadcrumbList","@id":"https:\/\/handmadestateofmind.com\/produkt\/kardigan-gossip-wzor-na-drutach\/#breadcrumb","itemListElement":[{"@type":"ListItem","position":1,"name":"Home","item":"https:\/\/handmadestateofmind.com\/"},{"@type":"ListItem","position":2,"name":"Prywatne: Handmade state of mind","item":"https:\/\/handmadestateofmind.com\/?page_id=14778"},{"@type":"ListItem","position":3,"name":"Kardigan Gossip"}]},{"@type":"WebSite","@id":"https:\/\/handmadestateofmind.com\/#website","url":"https:\/\/handmadestateofmind.com\/","name":"HANDMADE state of mind","description":"","publisher":{"@id":"https:\/\/handmadestateofmind.com\/#organization"},"potentialAction":[{"@type":"SearchAction","target":{"@type":"EntryPoint","urlTemplate":"https:\/\/handmadestateofmind.com\/?s={search_term_string}"},"query-input":{"@type":"PropertyValueSpecification","valueRequired":true,"valueName":"search_term_string"}}],"inLanguage":"en-GB"},{"@type":"Organization","@id":"https:\/\/handmadestateofmind.com\/#organization","name":"HANDMADE state of mind","url":"https:\/\/handmadestateofmind.com\/","logo":{"@type":"ImageObject","inLanguage":"en-GB","@id":"https:\/\/handmadestateofmind.com\/#\/schema\/logo\/image\/","url":"https:\/\/i0.wp.com\/handmadestateofmind.com\/wp-content\/uploads\/2020\/06\/logo-2.png?fit=360%2C100&ssl=1","contentUrl":"https:\/\/i0.wp.com\/handmadestateofmind.com\/wp-content\/uploads\/2020\/06\/logo-2.png?fit=360%2C100&ssl=1","width":360,"height":100,"caption":"HANDMADE state of mind"},"image":{"@id":"https:\/\/handmadestateofmind.com\/#\/schema\/logo\/image\/"}}]}},"jetpack_publicize_connections":[],"jetpack_sharing_enabled":true,"_links":{"self":[{"href":"https:\/\/handmadestateofmind.com\/en\/wp-json\/wp\/v2\/product\/34715","targetHints":{"allow":["GET"]}}],"collection":[{"href":"https:\/\/handmadestateofmind.com\/en\/wp-json\/wp\/v2\/product"}],"about":[{"href":"https:\/\/handmadestateofmind.com\/en\/wp-json\/wp\/v2\/types\/product"}],"replies":[{"embeddable":true,"href":"https:\/\/handmadestateofmind.com\/en\/wp-json\/wp\/v2\/comments?post=34715"}],"wp:featuredmedia":[{"embeddable":true,"href":"https:\/\/handmadestateofmind.com\/en\/wp-json\/wp\/v2\/media\/34621"}],"wp:attachment":[{"href":"https:\/\/handmadestateofmind.com\/en\/wp-json\/wp\/v2\/media?parent=34715"}],"wp:term":[{"taxonomy":"product_brand","embeddable":true,"href":"https:\/\/handmadestateofmind.com\/en\/wp-json\/wp\/v2\/product_brand?post=34715"},{"taxonomy":"product_cat","embeddable":true,"href":"https:\/\/handmadestateofmind.com\/en\/wp-json\/wp\/v2\/product_cat?post=34715"},{"taxonomy":"product_tag","embeddable":true,"href":"https:\/\/handmadestateofmind.com\/en\/wp-json\/wp\/v2\/product_tag?post=34715"}],"curies":[{"name":"wp","href":"https:\/\/api.w.org\/{rel}","templated":true}]}}