{"id":32587,"date":"2024-01-21T03:51:04","date_gmt":"2024-01-21T02:51:04","guid":{"rendered":"https:\/\/handmadestateofmind.com\/?post_type=product&#038;p=32587"},"modified":"2025-12-27T17:27:13","modified_gmt":"2025-12-27T16:27:13","slug":"kaptur-merah-wzor-na-drutach","status":"publish","type":"product","link":"https:\/\/handmadestateofmind.com\/en\/product\/kaptur-merah-wzor-na-drutach\/","title":{"rendered":"Kaptur Merah"},"content":{"rendered":"<p><b>ROZMIAR<\/b><\/p>\n<p><span style=\"font-weight: 400;\">Jeden rozmiar:<\/span><\/p>\n<p><span style=\"font-weight: 400;\">Szeroko\u015b\u0107: 29 cm (24 cm bez \u015bci\u0105gacza)<\/span><\/p>\n<p><span style=\"font-weight: 400;\">D\u0142ugo\u015b\u0107: 45 cm\u00a0<\/span><\/p>\n<p>&nbsp;<\/p>\n<p><b>W\u0141\u00d3CZKA<\/b><\/p>\n<p><b>Fog<\/b><span style=\"font-weight: 400;\">,\u00a0 Gabo Wool 50g\/125m ,\u00a0 kolor Naturalna Biel, \u0142\u0105czna wymagana waga\u00a0 120g<\/span><\/p>\n<p>&nbsp;<\/p>\n<p><b>DRUTY\u00a0<\/b><\/p>\n<p><span style=\"font-weight: 400;\">4mm , \u017cy\u0142ka min 80cm, g\u0142\u00f3wna cz\u0119\u015b\u0107 kaptura\u00a0 ( alternatywnie mo\u017cecie mie\u0107 dodatkowo \u017cy\u0142k\u0119 60cm do przerabiania cz\u0119\u015bci w okr\u0105\u017ceniach lub u\u017cywa\u0107 min 80cm tworz\u0105c magic loop) oraz wi\u0105zanie ( alternatywnie mo\u017cecie mie\u0107 druty po\u0144czosznicze)<\/span><\/p>\n<p><span style=\"font-weight: 400;\">3mm, \u017cy\u0142ka min 80cm, \u015bci\u0105gacze ( alternatywnie mo\u017cecie mie\u0107 dodatkowo \u017cy\u0142k\u0119 60cm w okr\u0105\u017ceniach lub u\u017cywa\u0107 min 80cm tworz\u0105c magic loop)<\/span><\/p>\n<p>&nbsp;<\/p>\n<p><b>POZOSTA\u0141E AKCESORIA<\/b><\/p>\n<p><span style=\"font-weight: 400;\">ig\u0142a dziewiarska , 2 znaczniki,\u00a0 agrafka<\/span><\/p>\n<p>&nbsp;<\/p>\n<p><b>PR\u00d3BKA<\/b><\/p>\n<p><span style=\"font-weight: 400;\">10 cm x 10 cm 17 o x 24 rz \u015bciegiem po\u0144czoszniczym na drutach 4mm<\/span><\/p>\n<p><span style=\"font-weight: 400;\">Rz\u0105d 1 ( prawa strona): przer\u00f3b oczkami prawymi<\/span><\/p>\n<p><span style=\"font-weight: 400;\">Rz\u0105d 2 ( lewa strona) : przer\u00f3b oczkami lewymi<\/span><\/p>\n<p>&nbsp;<\/p>","protected":false},"excerpt":{"rendered":"<p><span style=\"font-weight: 400;\">Kaptur Merah\u00a0 jest zrobiona od g\u00f3ry do do\u0142u \u015bciegiem po\u0144czoszniczym cz\u0119\u015bciowo w rz\u0119dach, cz\u0119\u015bciowo w okr\u0105\u017ceniach.\u00a0<\/span><\/p>\n<p><span style=\"font-weight: 400;\">Zaczynasz od przerobienia g\u00f3ry kaptura w rz\u0119dach u\u017cywaj\u0105c techniki Magic Loop, aby uformowa\u0107 przedni otw\u00f3r. Nast\u0119pnie rob\u00f3tka jest \u0142\u0105czona do przerabiania w okr\u0105\u017ceniach. W kolejnym kroku podbierane s\u0105 oczka na dekoracyjny \u015bci\u0105gacz. Na ko\u0144cu wykonywane jest wi\u0105zanie,\u00a0 w zale\u017cno\u015bci czy chcesz je doda\u0107 do swojego kaptura. <\/span><\/p>","protected":false},"featured_media":50116,"comment_status":"closed","ping_status":"closed","template":"","meta":{"jetpack_post_was_ever_published":false,"jetpack_publicize_message":"","jetpack_publicize_feature_enabled":true,"jetpack_social_post_already_shared":true,"jetpack_social_options":{"image_generator_settings":{"template":"highway","default_image_id":0,"font":"","enabled":false},"version":2},"_wpas_customize_per_network":false},"product_brand":[],"product_cat":[699842646,699842518,699842520],"product_tag":[],"class_list":{"0":"post-32587","1":"product","2":"type-product","3":"status-publish","4":"has-post-thumbnail","6":"product_cat-akcesoria","7":"product_cat-wzor-na-drutach-po-polsku","8":"product_cat-wzory-na-drutach","9":"product_shipping_class-cyfrowa","11":"first","12":"instock","13":"sale","14":"downloadable","15":"virtual","16":"taxable","17":"purchasable","18":"product-type-simple"},"yoast_head":"<!-- This site is optimized with the Yoast SEO plugin v27.1.1 - https:\/\/yoast.com\/product\/yoast-seo-wordpress\/ -->\n<title>Kaptur Merah - Wz\u00f3r na drutachHANDMADE state of mind<\/title>\n<meta name=\"description\" content=\"Ten wz\u00f3r zawiera instrukcje jak wykona\u0107 na drutach kaptur typu balaclava.\" \/>\n<meta name=\"robots\" content=\"index, follow, max-snippet:-1, max-image-preview:large, max-video-preview:-1\" \/>\n<link rel=\"canonical\" href=\"https:\/\/handmadestateofmind.com\/en\/product\/kaptur-merah-wzor-na-drutach\/\" \/>\n<meta property=\"og:locale\" content=\"en_GB\" \/>\n<meta property=\"og:type\" content=\"article\" \/>\n<meta property=\"og:title\" content=\"Kaptur Merah - Wz\u00f3r na drutachHANDMADE state of mind\" \/>\n<meta property=\"og:description\" content=\"Ten wz\u00f3r zawiera instrukcje jak wykona\u0107 na drutach kaptur typu balaclava.\" \/>\n<meta property=\"og:url\" content=\"https:\/\/handmadestateofmind.com\/en\/product\/kaptur-merah-wzor-na-drutach\/\" \/>\n<meta property=\"og:site_name\" content=\"HANDMADE state of mind\" \/>\n<meta property=\"article:modified_time\" content=\"2025-12-27T16:27:13+00:00\" \/>\n<meta property=\"og:image\" content=\"https:\/\/handmadestateofmind.com\/wp-content\/uploads\/2025\/08\/tezza-0525-e1755961784698.jpg\" \/>\n\t<meta property=\"og:image:width\" content=\"1500\" \/>\n\t<meta property=\"og:image:height\" content=\"1877\" \/>\n\t<meta property=\"og:image:type\" content=\"image\/jpeg\" \/>\n<meta name=\"twitter:card\" content=\"summary_large_image\" \/>\n<meta name=\"twitter:label1\" content=\"Estimated reading time\" \/>\n\t<meta name=\"twitter:data1\" content=\"1 minute\" \/>\n<script type=\"application\/ld+json\" class=\"yoast-schema-graph\">{\"@context\":\"https:\/\/schema.org\",\"@graph\":[{\"@type\":\"WebPage\",\"@id\":\"https:\/\/handmadestateofmind.com\/produkt\/kaptur-merah-wzor-na-drutach\/\",\"url\":\"https:\/\/handmadestateofmind.com\/produkt\/kaptur-merah-wzor-na-drutach\/\",\"name\":\"Kaptur Merah - Wz\u00f3r na drutachHANDMADE state of mind\",\"isPartOf\":{\"@id\":\"https:\/\/handmadestateofmind.com\/#website\"},\"primaryImageOfPage\":{\"@id\":\"https:\/\/handmadestateofmind.com\/produkt\/kaptur-merah-wzor-na-drutach\/#primaryimage\"},\"image\":{\"@id\":\"https:\/\/handmadestateofmind.com\/produkt\/kaptur-merah-wzor-na-drutach\/#primaryimage\"},\"thumbnailUrl\":\"https:\/\/i0.wp.com\/handmadestateofmind.com\/wp-content\/uploads\/2025\/08\/tezza-0525-e1755961784698.jpg?fit=1500%2C1877&ssl=1\",\"datePublished\":\"2024-01-21T02:51:04+00:00\",\"dateModified\":\"2025-12-27T16:27:13+00:00\",\"description\":\"Ten wz\u00f3r zawiera instrukcje jak wykona\u0107 na drutach kaptur typu balaclava.\",\"breadcrumb\":{\"@id\":\"https:\/\/handmadestateofmind.com\/produkt\/kaptur-merah-wzor-na-drutach\/#breadcrumb\"},\"inLanguage\":\"en-GB\",\"potentialAction\":[{\"@type\":\"ReadAction\",\"target\":[\"https:\/\/handmadestateofmind.com\/produkt\/kaptur-merah-wzor-na-drutach\/\"]}]},{\"@type\":\"ImageObject\",\"inLanguage\":\"en-GB\",\"@id\":\"https:\/\/handmadestateofmind.com\/produkt\/kaptur-merah-wzor-na-drutach\/#primaryimage\",\"url\":\"https:\/\/i0.wp.com\/handmadestateofmind.com\/wp-content\/uploads\/2025\/08\/tezza-0525-e1755961784698.jpg?fit=1500%2C1877&ssl=1\",\"contentUrl\":\"https:\/\/i0.wp.com\/handmadestateofmind.com\/wp-content\/uploads\/2025\/08\/tezza-0525-e1755961784698.jpg?fit=1500%2C1877&ssl=1\",\"width\":1500,\"height\":1877,\"caption\":\"Edited in Tezza with: Cocoa, Brightness, &amp; Grain\"},{\"@type\":\"BreadcrumbList\",\"@id\":\"https:\/\/handmadestateofmind.com\/produkt\/kaptur-merah-wzor-na-drutach\/#breadcrumb\",\"itemListElement\":[{\"@type\":\"ListItem\",\"position\":1,\"name\":\"Home\",\"item\":\"https:\/\/handmadestateofmind.com\/\"},{\"@type\":\"ListItem\",\"position\":2,\"name\":\"Prywatne: Handmade state of mind\",\"item\":\"https:\/\/handmadestateofmind.com\/?page_id=14778\"},{\"@type\":\"ListItem\",\"position\":3,\"name\":\"Kaptur Merah\"}]},{\"@type\":\"WebSite\",\"@id\":\"https:\/\/handmadestateofmind.com\/#website\",\"url\":\"https:\/\/handmadestateofmind.com\/\",\"name\":\"HANDMADE state of mind\",\"description\":\"\",\"publisher\":{\"@id\":\"https:\/\/handmadestateofmind.com\/#organization\"},\"potentialAction\":[{\"@type\":\"SearchAction\",\"target\":{\"@type\":\"EntryPoint\",\"urlTemplate\":\"https:\/\/handmadestateofmind.com\/?s={search_term_string}\"},\"query-input\":{\"@type\":\"PropertyValueSpecification\",\"valueRequired\":true,\"valueName\":\"search_term_string\"}}],\"inLanguage\":\"en-GB\"},{\"@type\":\"Organization\",\"@id\":\"https:\/\/handmadestateofmind.com\/#organization\",\"name\":\"HANDMADE state of mind\",\"url\":\"https:\/\/handmadestateofmind.com\/\",\"logo\":{\"@type\":\"ImageObject\",\"inLanguage\":\"en-GB\",\"@id\":\"https:\/\/handmadestateofmind.com\/#\/schema\/logo\/image\/\",\"url\":\"https:\/\/i0.wp.com\/handmadestateofmind.com\/wp-content\/uploads\/2020\/06\/logo-2.png?fit=360%2C100&ssl=1\",\"contentUrl\":\"https:\/\/i0.wp.com\/handmadestateofmind.com\/wp-content\/uploads\/2020\/06\/logo-2.png?fit=360%2C100&ssl=1\",\"width\":360,\"height\":100,\"caption\":\"HANDMADE state of mind\"},\"image\":{\"@id\":\"https:\/\/handmadestateofmind.com\/#\/schema\/logo\/image\/\"}}]}<\/script>\n<!-- \/ Yoast SEO plugin. -->","yoast_head_json":{"title":"Kaptur Merah - Wz\u00f3r na drutachHANDMADE state of mind","description":"Ten wz\u00f3r zawiera instrukcje jak wykona\u0107 na drutach kaptur typu balaclava.","robots":{"index":"index","follow":"follow","max-snippet":"max-snippet:-1","max-image-preview":"max-image-preview:large","max-video-preview":"max-video-preview:-1"},"canonical":"https:\/\/handmadestateofmind.com\/en\/product\/kaptur-merah-wzor-na-drutach\/","og_locale":"en_GB","og_type":"article","og_title":"Kaptur Merah - Wz\u00f3r na drutachHANDMADE state of mind","og_description":"Ten wz\u00f3r zawiera instrukcje jak wykona\u0107 na drutach kaptur typu balaclava.","og_url":"https:\/\/handmadestateofmind.com\/en\/product\/kaptur-merah-wzor-na-drutach\/","og_site_name":"HANDMADE state of mind","article_modified_time":"2025-12-27T16:27:13+00:00","og_image":[{"width":1500,"height":1877,"url":"https:\/\/handmadestateofmind.com\/wp-content\/uploads\/2025\/08\/tezza-0525-e1755961784698.jpg","type":"image\/jpeg"}],"twitter_card":"summary_large_image","twitter_misc":{"Estimated reading time":"1 minute"},"schema":{"@context":"https:\/\/schema.org","@graph":[{"@type":"WebPage","@id":"https:\/\/handmadestateofmind.com\/produkt\/kaptur-merah-wzor-na-drutach\/","url":"https:\/\/handmadestateofmind.com\/produkt\/kaptur-merah-wzor-na-drutach\/","name":"Kaptur Merah - Wz\u00f3r na drutachHANDMADE state of mind","isPartOf":{"@id":"https:\/\/handmadestateofmind.com\/#website"},"primaryImageOfPage":{"@id":"https:\/\/handmadestateofmind.com\/produkt\/kaptur-merah-wzor-na-drutach\/#primaryimage"},"image":{"@id":"https:\/\/handmadestateofmind.com\/produkt\/kaptur-merah-wzor-na-drutach\/#primaryimage"},"thumbnailUrl":"https:\/\/i0.wp.com\/handmadestateofmind.com\/wp-content\/uploads\/2025\/08\/tezza-0525-e1755961784698.jpg?fit=1500%2C1877&ssl=1","datePublished":"2024-01-21T02:51:04+00:00","dateModified":"2025-12-27T16:27:13+00:00","description":"Ten wz\u00f3r zawiera instrukcje jak wykona\u0107 na drutach kaptur typu balaclava.","breadcrumb":{"@id":"https:\/\/handmadestateofmind.com\/produkt\/kaptur-merah-wzor-na-drutach\/#breadcrumb"},"inLanguage":"en-GB","potentialAction":[{"@type":"ReadAction","target":["https:\/\/handmadestateofmind.com\/produkt\/kaptur-merah-wzor-na-drutach\/"]}]},{"@type":"ImageObject","inLanguage":"en-GB","@id":"https:\/\/handmadestateofmind.com\/produkt\/kaptur-merah-wzor-na-drutach\/#primaryimage","url":"https:\/\/i0.wp.com\/handmadestateofmind.com\/wp-content\/uploads\/2025\/08\/tezza-0525-e1755961784698.jpg?fit=1500%2C1877&ssl=1","contentUrl":"https:\/\/i0.wp.com\/handmadestateofmind.com\/wp-content\/uploads\/2025\/08\/tezza-0525-e1755961784698.jpg?fit=1500%2C1877&ssl=1","width":1500,"height":1877,"caption":"Edited in Tezza with: Cocoa, Brightness, &amp; Grain"},{"@type":"BreadcrumbList","@id":"https:\/\/handmadestateofmind.com\/produkt\/kaptur-merah-wzor-na-drutach\/#breadcrumb","itemListElement":[{"@type":"ListItem","position":1,"name":"Home","item":"https:\/\/handmadestateofmind.com\/"},{"@type":"ListItem","position":2,"name":"Prywatne: Handmade state of mind","item":"https:\/\/handmadestateofmind.com\/?page_id=14778"},{"@type":"ListItem","position":3,"name":"Kaptur Merah"}]},{"@type":"WebSite","@id":"https:\/\/handmadestateofmind.com\/#website","url":"https:\/\/handmadestateofmind.com\/","name":"HANDMADE state of mind","description":"","publisher":{"@id":"https:\/\/handmadestateofmind.com\/#organization"},"potentialAction":[{"@type":"SearchAction","target":{"@type":"EntryPoint","urlTemplate":"https:\/\/handmadestateofmind.com\/?s={search_term_string}"},"query-input":{"@type":"PropertyValueSpecification","valueRequired":true,"valueName":"search_term_string"}}],"inLanguage":"en-GB"},{"@type":"Organization","@id":"https:\/\/handmadestateofmind.com\/#organization","name":"HANDMADE state of mind","url":"https:\/\/handmadestateofmind.com\/","logo":{"@type":"ImageObject","inLanguage":"en-GB","@id":"https:\/\/handmadestateofmind.com\/#\/schema\/logo\/image\/","url":"https:\/\/i0.wp.com\/handmadestateofmind.com\/wp-content\/uploads\/2020\/06\/logo-2.png?fit=360%2C100&ssl=1","contentUrl":"https:\/\/i0.wp.com\/handmadestateofmind.com\/wp-content\/uploads\/2020\/06\/logo-2.png?fit=360%2C100&ssl=1","width":360,"height":100,"caption":"HANDMADE state of mind"},"image":{"@id":"https:\/\/handmadestateofmind.com\/#\/schema\/logo\/image\/"}}]}},"jetpack_publicize_connections":[],"jetpack_sharing_enabled":true,"_links":{"self":[{"href":"https:\/\/handmadestateofmind.com\/en\/wp-json\/wp\/v2\/product\/32587","targetHints":{"allow":["GET"]}}],"collection":[{"href":"https:\/\/handmadestateofmind.com\/en\/wp-json\/wp\/v2\/product"}],"about":[{"href":"https:\/\/handmadestateofmind.com\/en\/wp-json\/wp\/v2\/types\/product"}],"replies":[{"embeddable":true,"href":"https:\/\/handmadestateofmind.com\/en\/wp-json\/wp\/v2\/comments?post=32587"}],"wp:featuredmedia":[{"embeddable":true,"href":"https:\/\/handmadestateofmind.com\/en\/wp-json\/wp\/v2\/media\/50116"}],"wp:attachment":[{"href":"https:\/\/handmadestateofmind.com\/en\/wp-json\/wp\/v2\/media?parent=32587"}],"wp:term":[{"taxonomy":"product_brand","embeddable":true,"href":"https:\/\/handmadestateofmind.com\/en\/wp-json\/wp\/v2\/product_brand?post=32587"},{"taxonomy":"product_cat","embeddable":true,"href":"https:\/\/handmadestateofmind.com\/en\/wp-json\/wp\/v2\/product_cat?post=32587"},{"taxonomy":"product_tag","embeddable":true,"href":"https:\/\/handmadestateofmind.com\/en\/wp-json\/wp\/v2\/product_tag?post=32587"}],"curies":[{"name":"wp","href":"https:\/\/api.w.org\/{rel}","templated":true}]}}