{"id":31867,"date":"2023-11-23T07:51:27","date_gmt":"2023-11-23T06:51:27","guid":{"rendered":"https:\/\/handmadestateofmind.com\/?post_type=product&#038;p=31867"},"modified":"2025-08-29T17:53:29","modified_gmt":"2025-08-29T15:53:29","slug":"kardigan-airy-essential-kurs-masterclass","status":"publish","type":"product","link":"https:\/\/handmadestateofmind.com\/en\/product\/kardigan-airy-essential-kurs-masterclass\/","title":{"rendered":"Kardigan Airy Essential | Masterclass"},"content":{"rendered":"<p><b>ROZMIAR<\/b><\/p>\n<p><span style=\"font-weight: 400;\">\u00a0XS|S, M|L,\u00a0 XL|XXL\u00a0<\/span><\/p>\n<p><span style=\"font-weight: 400;\">Szeroko\u015b\u0107 (mierzona na p\u0142asko) :\u00a0\u00a0<\/span><\/p>\n<p><span style=\"font-weight: 400;\">60 (65) 70cm<\/span><\/p>\n<p><span style=\"font-weight: 400;\">D\u0142ugo\u015b\u0107 (mierzona \u015brodkiem plec\u00f3w) :\u00a0<\/span><\/p>\n<p><span style=\"font-weight: 400;\">55 (60) 65 cm<\/span><\/p>\n<p><span style=\"font-weight: 400;\">R\u0119kaw\u00a0 d\u0142ugo\u015b\u0107 (mierzona od ko\u0142nierzyka) :\u00a0\u00a0<\/span><\/p>\n<p><span style=\"font-weight: 400;\">65 (67) 69 cm<\/span><\/p>\n<p><span style=\"font-weight: 400;\">R\u0119kaw szeroko\u015b\u0107 na dole (mierzona na p\u0142asko) :\u00a0<\/span><\/p>\n<p><span style=\"font-weight: 400;\">25 (27) 29 cm<\/span><\/p>\n<p><span style=\"font-weight: 400;\">Na zdj\u0119ciu jest rozmiar XS|S. Mam 174cm wzrostu.<\/span><\/p>\n<p>&nbsp;<\/p>\n<p><b>W\u0141\u00d3CZKA<\/b><\/p>\n<p><b>Eco Baby Brushed \/ Colorful Baby Brushed <\/b><span style=\"font-weight: 400;\">\u00a0(50g\/200m), podw\u00f3jna nitka, kolor Naturalna Biel (FTE1296)<\/span><\/p>\n<p><span style=\"font-weight: 400;\">\u0142\u0105czna wymagana waga\u00a0<\/span><\/p>\n<p><span style=\"font-weight: 400;\">300 (340) 375 g<\/span><\/p>\n<p>&nbsp;<\/p>\n<p><b>DRUTY\u00a0 I SZYDE\u0141KO<\/b><\/p>\n<p><span style=\"font-weight: 400;\">7mm ( tu\u0142\u00f3w i r\u0119kawy), 5mm ( \u015bci\u0105gacze i ko\u0142nierzyk), 3,5mm (wi\u0105zanie)\u00a0<\/span><\/p>\n<p><span style=\"font-weight: 400;\">\u017by\u0142ka min 80cm (tu\u0142\u00f3w), 60cm (r\u0119kawy)<\/span><\/p>\n<p><span style=\"font-weight: 400;\">Szyde\u0142ko 5mm oraz 3,5mm<\/span><\/p>\n<p>&nbsp;<\/p>\n<p><b>POZOSTA\u0141E AKCESORIA<\/b><\/p>\n<p><span style=\"font-weight: 400;\">8 znacznik\u00f3w, zapasowe \u017cy\u0142ki lub kawa\u0142ki w\u0142\u00f3czki do zabezpieczenia oczek, ig\u0142a dziewiarska\u00a0<\/span><\/p>\n<p>&nbsp;<\/p>\n<p><b>PR\u00d3BKA<\/b><\/p>\n<p><span style=\"font-weight: 400;\">10 cm x 10 cm 13 oczek x 17 rz\u0119d\u00f3w\u00a0 \u015bciegiem po\u0144czoszniczym podw\u00f3jn\u0105 nitk\u0105 na drutach 7mm<\/span><\/p>\n<p><span style=\"font-weight: 400;\">Rz\u0105d 1: przer\u00f3b oczkami prawymi<\/span><\/p>\n<p><span style=\"font-weight: 400;\">Rz\u0105d 2: przer\u00f3b oczkami lewymi<\/span><\/p>\n<p>&nbsp;<\/p>","protected":false},"excerpt":{"rendered":"<p><span style=\"font-weight: 400;\">Kardigan Airy Essential jest wykonywany od \u015bciegiem po\u0144czoszniczym g\u00f3ry do do\u0142u bez zszywania ( z wy\u0142\u0105czeniem wersji z kwiatami, kt\u00f3re wymagaj\u0105 przyszycia) . Tu\u0142\u00f3w oraz ko\u0142nierzyk wykonywane s\u0105 w rz\u0119dach. R\u0119kawy od podkroju pach wykonywane s\u0105 w okr\u0105\u017ceniach.\u00a0<\/span><\/p>\n<ul>\n<li>dobry dla pocz\u0105tkuj\u0105cych<\/li>\n<li>proste oczka prawe, lewe i narzuty<\/li>\n<li>kardigan z konstrukcj\u0105 raglanow\u0105<\/li>\n<li>przerabiany od g\u00f3ry do do\u0142u<\/li>\n<li>przerabiany w rz\u0119dach i okr\u0105\u017ceniach bez zszywania<\/li>\n<li>efektowne wi\u0105zanie<\/li>\n<li>doszywane kwiaty wykonane na szyde\u0142ku<\/li>\n<\/ul>\n<p>&nbsp;<\/p>\n<p><span style=\"font-weight: 400;\">Najpierw tworzysz raglanu z jednoczesnym kszta\u0142towaniem dekoltu poprzez dodawanie oczek. Nast\u0119pnie kszta\u0142tujesz sam raglan, a\u017c do podkroju pach. Na tej wysoko\u015bci oczka s\u0105 rozdzielane pomi\u0119dzy tu\u0142\u00f3w i r\u0119kawy i od te pory ka\u017cda cz\u0119\u015b\u0107 jest przerabiana oddzielnie, a\u017c do \u015bci\u0105gaczy. \u015aci\u0105gacze wykonywane s\u0105 \u015bciegiem 1&#215;1.\u00a0<\/span><\/p>\n<p><span style=\"font-weight: 400;\">W dalszym kroku dorabiasz ko\u0142nierzyk metod\u0105 bezszwow\u0105. A na ko\u0144cu wykonujesz wi\u0105zanie metod\u0105 Icord oraz kwiaty na szyde\u0142ku<\/span><\/p>","protected":false},"featured_media":34599,"comment_status":"closed","ping_status":"closed","template":"","meta":{"jetpack_publicize_message":"","jetpack_publicize_feature_enabled":true,"jetpack_social_post_already_shared":true,"jetpack_social_options":{"image_generator_settings":{"template":"highway","default_image_id":0,"font":"","enabled":false},"version":2},"_wpas_customize_per_network":false},"product_brand":[],"product_cat":[699842617,699842640],"product_tag":[],"class_list":{"0":"post-31867","1":"product","2":"type-product","3":"status-publish","4":"has-post-thumbnail","6":"product_cat-kurs-masterclass-po-polsku","7":"product_cat-kursy-masterclass","8":"product_shipping_class-cyfrowa","10":"first","11":"instock","12":"sale","13":"downloadable","14":"virtual","15":"taxable","16":"purchasable","17":"product-type-simple"},"yoast_head":"<!-- This site is optimized with the Yoast SEO plugin v27.4 - https:\/\/yoast.com\/product\/yoast-seo-wordpress\/ -->\n<title>Kardigan Airy Essential | Masterclass - HANDMADE state of mind<\/title>\n<meta name=\"description\" content=\"Ten kurs masterclass zawiera wz\u00f3r na drutach i filmy instrukta\u017cowe pokazuj\u0105ce krok po kroku jak wykona\u0107 kardigan na drutach.\" \/>\n<meta name=\"robots\" content=\"index, follow, max-snippet:-1, max-image-preview:large, max-video-preview:-1\" \/>\n<link rel=\"canonical\" href=\"https:\/\/handmadestateofmind.com\/en\/product\/kardigan-airy-essential-kurs-masterclass\/\" \/>\n<meta property=\"og:locale\" content=\"en_GB\" \/>\n<meta property=\"og:type\" content=\"article\" \/>\n<meta property=\"og:title\" content=\"Kardigan Airy Essential | Masterclass - HANDMADE state of mind\" \/>\n<meta property=\"og:description\" content=\"Ten kurs masterclass zawiera wz\u00f3r na drutach i filmy instrukta\u017cowe pokazuj\u0105ce krok po kroku jak wykona\u0107 kardigan na drutach.\" \/>\n<meta property=\"og:url\" content=\"https:\/\/handmadestateofmind.com\/en\/product\/kardigan-airy-essential-kurs-masterclass\/\" \/>\n<meta property=\"og:site_name\" content=\"HANDMADE state of mind\" \/>\n<meta property=\"article:modified_time\" content=\"2025-08-29T15:53:29+00:00\" \/>\n<meta property=\"og:image\" content=\"https:\/\/handmadestateofmind.com\/wp-content\/uploads\/2024\/04\/img_3321-819x1024.jpg\" \/>\n\t<meta property=\"og:image:width\" content=\"819\" \/>\n\t<meta property=\"og:image:height\" content=\"1024\" \/>\n\t<meta property=\"og:image:type\" content=\"image\/jpeg\" \/>\n<meta name=\"twitter:card\" content=\"summary_large_image\" \/>\n<meta name=\"twitter:label1\" content=\"Estimated reading time\" \/>\n\t<meta name=\"twitter:data1\" content=\"2 minutes\" \/>\n<script type=\"application\/ld+json\" class=\"yoast-schema-graph\">{\"@context\":\"https:\\\/\\\/schema.org\",\"@graph\":[{\"@type\":\"WebPage\",\"@id\":\"https:\\\/\\\/handmadestateofmind.com\\\/produkt\\\/kardigan-airy-essential-kurs-masterclass\\\/\",\"url\":\"https:\\\/\\\/handmadestateofmind.com\\\/produkt\\\/kardigan-airy-essential-kurs-masterclass\\\/\",\"name\":\"Kardigan Airy Essential | Masterclass - HANDMADE state of mind\",\"isPartOf\":{\"@id\":\"https:\\\/\\\/handmadestateofmind.com\\\/#website\"},\"primaryImageOfPage\":{\"@id\":\"https:\\\/\\\/handmadestateofmind.com\\\/produkt\\\/kardigan-airy-essential-kurs-masterclass\\\/#primaryimage\"},\"image\":{\"@id\":\"https:\\\/\\\/handmadestateofmind.com\\\/produkt\\\/kardigan-airy-essential-kurs-masterclass\\\/#primaryimage\"},\"thumbnailUrl\":\"https:\\\/\\\/i0.wp.com\\\/handmadestateofmind.com\\\/wp-content\\\/uploads\\\/2024\\\/04\\\/img_3321.jpg?fit=2316%2C2895&ssl=1\",\"datePublished\":\"2023-11-23T06:51:27+00:00\",\"dateModified\":\"2025-08-29T15:53:29+00:00\",\"description\":\"Ten kurs masterclass zawiera wz\u00f3r na drutach i filmy instrukta\u017cowe pokazuj\u0105ce krok po kroku jak wykona\u0107 kardigan na drutach.\",\"breadcrumb\":{\"@id\":\"https:\\\/\\\/handmadestateofmind.com\\\/produkt\\\/kardigan-airy-essential-kurs-masterclass\\\/#breadcrumb\"},\"inLanguage\":\"en-GB\",\"potentialAction\":[{\"@type\":\"ReadAction\",\"target\":[\"https:\\\/\\\/handmadestateofmind.com\\\/produkt\\\/kardigan-airy-essential-kurs-masterclass\\\/\"]}]},{\"@type\":\"ImageObject\",\"inLanguage\":\"en-GB\",\"@id\":\"https:\\\/\\\/handmadestateofmind.com\\\/produkt\\\/kardigan-airy-essential-kurs-masterclass\\\/#primaryimage\",\"url\":\"https:\\\/\\\/i0.wp.com\\\/handmadestateofmind.com\\\/wp-content\\\/uploads\\\/2024\\\/04\\\/img_3321.jpg?fit=2316%2C2895&ssl=1\",\"contentUrl\":\"https:\\\/\\\/i0.wp.com\\\/handmadestateofmind.com\\\/wp-content\\\/uploads\\\/2024\\\/04\\\/img_3321.jpg?fit=2316%2C2895&ssl=1\",\"width\":2316,\"height\":2895},{\"@type\":\"BreadcrumbList\",\"@id\":\"https:\\\/\\\/handmadestateofmind.com\\\/produkt\\\/kardigan-airy-essential-kurs-masterclass\\\/#breadcrumb\",\"itemListElement\":[{\"@type\":\"ListItem\",\"position\":1,\"name\":\"Home\",\"item\":\"https:\\\/\\\/handmadestateofmind.com\\\/\"},{\"@type\":\"ListItem\",\"position\":2,\"name\":\"Prywatne: Handmade state of mind\",\"item\":\"https:\\\/\\\/handmadestateofmind.com\\\/?page_id=14778\"},{\"@type\":\"ListItem\",\"position\":3,\"name\":\"Kardigan Airy Essential | Masterclass\"}]},{\"@type\":\"WebSite\",\"@id\":\"https:\\\/\\\/handmadestateofmind.com\\\/#website\",\"url\":\"https:\\\/\\\/handmadestateofmind.com\\\/\",\"name\":\"HANDMADE state of mind\",\"description\":\"\",\"publisher\":{\"@id\":\"https:\\\/\\\/handmadestateofmind.com\\\/#organization\"},\"potentialAction\":[{\"@type\":\"SearchAction\",\"target\":{\"@type\":\"EntryPoint\",\"urlTemplate\":\"https:\\\/\\\/handmadestateofmind.com\\\/?s={search_term_string}\"},\"query-input\":{\"@type\":\"PropertyValueSpecification\",\"valueRequired\":true,\"valueName\":\"search_term_string\"}}],\"inLanguage\":\"en-GB\"},{\"@type\":\"Organization\",\"@id\":\"https:\\\/\\\/handmadestateofmind.com\\\/#organization\",\"name\":\"HANDMADE state of mind\",\"url\":\"https:\\\/\\\/handmadestateofmind.com\\\/\",\"logo\":{\"@type\":\"ImageObject\",\"inLanguage\":\"en-GB\",\"@id\":\"https:\\\/\\\/handmadestateofmind.com\\\/#\\\/schema\\\/logo\\\/image\\\/\",\"url\":\"https:\\\/\\\/i0.wp.com\\\/handmadestateofmind.com\\\/wp-content\\\/uploads\\\/2020\\\/06\\\/logo-2.png?fit=360%2C100&ssl=1\",\"contentUrl\":\"https:\\\/\\\/i0.wp.com\\\/handmadestateofmind.com\\\/wp-content\\\/uploads\\\/2020\\\/06\\\/logo-2.png?fit=360%2C100&ssl=1\",\"width\":360,\"height\":100,\"caption\":\"HANDMADE state of mind\"},\"image\":{\"@id\":\"https:\\\/\\\/handmadestateofmind.com\\\/#\\\/schema\\\/logo\\\/image\\\/\"}}]}<\/script>\n<!-- \/ Yoast SEO plugin. -->","yoast_head_json":{"title":"Kardigan Airy Essential | Masterclass - HANDMADE state of mind","description":"Ten kurs masterclass zawiera wz\u00f3r na drutach i filmy instrukta\u017cowe pokazuj\u0105ce krok po kroku jak wykona\u0107 kardigan na drutach.","robots":{"index":"index","follow":"follow","max-snippet":"max-snippet:-1","max-image-preview":"max-image-preview:large","max-video-preview":"max-video-preview:-1"},"canonical":"https:\/\/handmadestateofmind.com\/en\/product\/kardigan-airy-essential-kurs-masterclass\/","og_locale":"en_GB","og_type":"article","og_title":"Kardigan Airy Essential | Masterclass - HANDMADE state of mind","og_description":"Ten kurs masterclass zawiera wz\u00f3r na drutach i filmy instrukta\u017cowe pokazuj\u0105ce krok po kroku jak wykona\u0107 kardigan na drutach.","og_url":"https:\/\/handmadestateofmind.com\/en\/product\/kardigan-airy-essential-kurs-masterclass\/","og_site_name":"HANDMADE state of mind","article_modified_time":"2025-08-29T15:53:29+00:00","og_image":[{"width":819,"height":1024,"url":"https:\/\/handmadestateofmind.com\/wp-content\/uploads\/2024\/04\/img_3321-819x1024.jpg","type":"image\/jpeg"}],"twitter_card":"summary_large_image","twitter_misc":{"Estimated reading time":"2 minutes"},"schema":{"@context":"https:\/\/schema.org","@graph":[{"@type":"WebPage","@id":"https:\/\/handmadestateofmind.com\/produkt\/kardigan-airy-essential-kurs-masterclass\/","url":"https:\/\/handmadestateofmind.com\/produkt\/kardigan-airy-essential-kurs-masterclass\/","name":"Kardigan Airy Essential | Masterclass - HANDMADE state of mind","isPartOf":{"@id":"https:\/\/handmadestateofmind.com\/#website"},"primaryImageOfPage":{"@id":"https:\/\/handmadestateofmind.com\/produkt\/kardigan-airy-essential-kurs-masterclass\/#primaryimage"},"image":{"@id":"https:\/\/handmadestateofmind.com\/produkt\/kardigan-airy-essential-kurs-masterclass\/#primaryimage"},"thumbnailUrl":"https:\/\/i0.wp.com\/handmadestateofmind.com\/wp-content\/uploads\/2024\/04\/img_3321.jpg?fit=2316%2C2895&ssl=1","datePublished":"2023-11-23T06:51:27+00:00","dateModified":"2025-08-29T15:53:29+00:00","description":"Ten kurs masterclass zawiera wz\u00f3r na drutach i filmy instrukta\u017cowe pokazuj\u0105ce krok po kroku jak wykona\u0107 kardigan na drutach.","breadcrumb":{"@id":"https:\/\/handmadestateofmind.com\/produkt\/kardigan-airy-essential-kurs-masterclass\/#breadcrumb"},"inLanguage":"en-GB","potentialAction":[{"@type":"ReadAction","target":["https:\/\/handmadestateofmind.com\/produkt\/kardigan-airy-essential-kurs-masterclass\/"]}]},{"@type":"ImageObject","inLanguage":"en-GB","@id":"https:\/\/handmadestateofmind.com\/produkt\/kardigan-airy-essential-kurs-masterclass\/#primaryimage","url":"https:\/\/i0.wp.com\/handmadestateofmind.com\/wp-content\/uploads\/2024\/04\/img_3321.jpg?fit=2316%2C2895&ssl=1","contentUrl":"https:\/\/i0.wp.com\/handmadestateofmind.com\/wp-content\/uploads\/2024\/04\/img_3321.jpg?fit=2316%2C2895&ssl=1","width":2316,"height":2895},{"@type":"BreadcrumbList","@id":"https:\/\/handmadestateofmind.com\/produkt\/kardigan-airy-essential-kurs-masterclass\/#breadcrumb","itemListElement":[{"@type":"ListItem","position":1,"name":"Home","item":"https:\/\/handmadestateofmind.com\/"},{"@type":"ListItem","position":2,"name":"Prywatne: Handmade state of mind","item":"https:\/\/handmadestateofmind.com\/?page_id=14778"},{"@type":"ListItem","position":3,"name":"Kardigan Airy Essential | Masterclass"}]},{"@type":"WebSite","@id":"https:\/\/handmadestateofmind.com\/#website","url":"https:\/\/handmadestateofmind.com\/","name":"HANDMADE state of mind","description":"","publisher":{"@id":"https:\/\/handmadestateofmind.com\/#organization"},"potentialAction":[{"@type":"SearchAction","target":{"@type":"EntryPoint","urlTemplate":"https:\/\/handmadestateofmind.com\/?s={search_term_string}"},"query-input":{"@type":"PropertyValueSpecification","valueRequired":true,"valueName":"search_term_string"}}],"inLanguage":"en-GB"},{"@type":"Organization","@id":"https:\/\/handmadestateofmind.com\/#organization","name":"HANDMADE state of mind","url":"https:\/\/handmadestateofmind.com\/","logo":{"@type":"ImageObject","inLanguage":"en-GB","@id":"https:\/\/handmadestateofmind.com\/#\/schema\/logo\/image\/","url":"https:\/\/i0.wp.com\/handmadestateofmind.com\/wp-content\/uploads\/2020\/06\/logo-2.png?fit=360%2C100&ssl=1","contentUrl":"https:\/\/i0.wp.com\/handmadestateofmind.com\/wp-content\/uploads\/2020\/06\/logo-2.png?fit=360%2C100&ssl=1","width":360,"height":100,"caption":"HANDMADE state of mind"},"image":{"@id":"https:\/\/handmadestateofmind.com\/#\/schema\/logo\/image\/"}}]}},"jetpack_publicize_connections":[],"jetpack_sharing_enabled":true,"_links":{"self":[{"href":"https:\/\/handmadestateofmind.com\/en\/wp-json\/wp\/v2\/product\/31867","targetHints":{"allow":["GET"]}}],"collection":[{"href":"https:\/\/handmadestateofmind.com\/en\/wp-json\/wp\/v2\/product"}],"about":[{"href":"https:\/\/handmadestateofmind.com\/en\/wp-json\/wp\/v2\/types\/product"}],"replies":[{"embeddable":true,"href":"https:\/\/handmadestateofmind.com\/en\/wp-json\/wp\/v2\/comments?post=31867"}],"wp:featuredmedia":[{"embeddable":true,"href":"https:\/\/handmadestateofmind.com\/en\/wp-json\/wp\/v2\/media\/34599"}],"wp:attachment":[{"href":"https:\/\/handmadestateofmind.com\/en\/wp-json\/wp\/v2\/media?parent=31867"}],"wp:term":[{"taxonomy":"product_brand","embeddable":true,"href":"https:\/\/handmadestateofmind.com\/en\/wp-json\/wp\/v2\/product_brand?post=31867"},{"taxonomy":"product_cat","embeddable":true,"href":"https:\/\/handmadestateofmind.com\/en\/wp-json\/wp\/v2\/product_cat?post=31867"},{"taxonomy":"product_tag","embeddable":true,"href":"https:\/\/handmadestateofmind.com\/en\/wp-json\/wp\/v2\/product_tag?post=31867"}],"curies":[{"name":"wp","href":"https:\/\/api.w.org\/{rel}","templated":true}]}}