{"id":29855,"date":"2023-08-26T12:32:48","date_gmt":"2023-08-26T10:32:48","guid":{"rendered":"https:\/\/handmadestateofmind.com\/?post_type=product&#038;p=29855"},"modified":"2025-09-24T10:57:38","modified_gmt":"2025-09-24T08:57:38","slug":"sweter-lilu-wzor-na-drutach","status":"publish","type":"product","link":"https:\/\/handmadestateofmind.com\/en\/product\/sweter-lilu-wzor-na-drutach\/","title":{"rendered":"Sweter Lilu"},"content":{"rendered":"<p><b>ROZMIAR<\/b><\/p>\n<p><span style=\"font-weight: 400;\">XS (S) M (L) XL\u00a0<\/span><\/p>\n<p><span style=\"font-weight: 400;\">Obw\u00f3d swetra w klatce piersiowej:\u00a0<\/span><\/p>\n<p><span style=\"font-weight: 400;\">\u00a0110( 115) 120 (127) 135 cm<\/span><\/p>\n<p><span style=\"font-weight: 400;\">D\u0142ugo\u015b\u0107 swetra (mierzona \u015brodkiem plec\u00f3w bez ko\u0142nierzyka) : 52 (54) 56 (58) 60 \u00a0 cm<\/span><\/p>\n<p><span style=\"font-weight: 400;\">D\u0142ugo\u015b\u0107 r\u0119kaw\u00f3w ( mierzona od ko\u0142nierzyka):\u00a0<\/span><\/p>\n<p><span style=\"font-weight: 400;\">67 (69) 71 (72) 74 cm<\/span><\/p>\n<p><span style=\"font-weight: 400;\">Na zdj\u0119ciu jest rozmiar S. Mam 174cm wzrostu.<\/span><\/p>\n<p>&nbsp;<\/p>\n<p><b>W\u0141\u00d3CZKA<\/b><\/p>\n<p><span style=\"font-weight: 400;\">My Time Merino do Gabo Wool 50g\/230m, na podw\u00f3jnej nitce,\u00a0 kolor 100 Naturalna Biel<\/span><\/p>\n<p><span style=\"font-weight: 400;\">\u0142\u0105czna wymagana waga ~\u00a0 650 (700) 750 (810) 880g ,<\/span><\/p>\n<p>&nbsp;<\/p>\n<p><b>DRUTY\u00a0<\/b><\/p>\n<p><span style=\"font-weight: 400;\">druty z \u017cy\u0142k\u0105 4,5mm, 3,5mm,\u00a0 \u017cy\u0142ka:<\/span><\/p>\n<p><span style=\"font-weight: 400;\">tu\u0142\u00f3w: min 80 cm<\/span><\/p>\n<p><span style=\"font-weight: 400;\">r\u0119kawy i ko\u0142nierzyk &#8211; 50cm<\/span><\/p>\n<p><span style=\"font-weight: 400;\">drut pomocniczy do przerabiania warkoczy pasuj\u0105cy do drut\u00f3w regularnych 4,5mm.\u00a0<\/span><\/p>\n<p>&nbsp;<\/p>\n<p><b>POZOSTA\u0141E AKCESORIA<\/b><\/p>\n<p><span style=\"font-weight: 400;\">\u00a0ig\u0142a dziewiarska,\u00a0 znaczniki min. 24, elastyczna nitka<\/span><\/p>\n<p>&nbsp;<\/p>\n<p><b>PR\u00d3BKA<\/b><\/p>\n<p><span style=\"font-weight: 400;\">10 cm x 10 cm 24 o x 33 rz\u00a0 na drutach 4,5mm naprzemiennie \u015bciegiem francuskim i po\u0144czoszniczym z krzy\u017cowaniem oczek we wskazanych miejscach aby stworzy\u0107 warkocze. \u015acieg pr\u00f3bki dost\u0119pny we wzorze.<\/span><\/p>","protected":false},"excerpt":{"rendered":"<p><span style=\"font-weight: 400;\">Sweter Lilu to ponadczasowy wz\u00f3r wyr\u00f3\u017cniaj\u0105cy si\u0119 efektownymi warkoczami i \u015bciegiem francuskim.\u00a0\u00a0<\/span><\/p>\n<p><span style=\"font-weight: 400;\">Sweter ma konstrukcj\u0119 pude\u0142kow\u0105 z delikatnie zw\u0119\u017canymi r\u0119kawami.\u00a0 Sweter przerabiany jest w rz\u0119dach, cz\u0119\u015bciowo ze zszywaniem i bez zszywania.<\/span><\/p>\n<p><span style=\"font-weight: 400;\">Sweter rozpoczynasz od przerobienia ty\u0142u swetra. Nast\u0119pnie przerabiasz kolejno lewe i prawe rami\u0119, kt\u00f3re \u0142\u0105czone s\u0105, aby dalej stworzy\u0107 prz\u00f3d swetra. W kolejnym kroku podbierane s\u0105 oczka na r\u0119kawy. Ko\u0142nierzyk przerabiany jest bezszwowo w okr\u0105\u017ceniach. Ostatnim elementem wyko\u0144czenia jest szczycie przodu i ty\u0142u swetra oraz r\u0119kaw\u00f3w.<\/span><\/p>\n<p><span style=\"font-weight: 400;\">Podstawowymi \u015bciegami we wzorze s\u0105 \u015bcieg po\u0144czoszniczy oraz \u015bcieg francuski, kt\u00f3re u\u0142o\u017cone s\u0105 naprzemiennie w ka\u017cdej z cz\u0119\u015bci. Dodatkowo \u015bcieg po\u0144czoszniczy jest we wskazanych miejscach krzy\u017cowany, aby stworzy\u0107 warkocze. <\/span><\/p>","protected":false},"featured_media":50149,"comment_status":"closed","ping_status":"closed","template":"","meta":{"jetpack_publicize_message":"","jetpack_publicize_feature_enabled":true,"jetpack_social_post_already_shared":true,"jetpack_social_options":{"image_generator_settings":{"template":"highway","default_image_id":0,"font":"","enabled":false},"version":2},"_wpas_customize_per_network":false},"product_brand":[],"product_cat":[699842644,699842518,699842520],"product_tag":[],"class_list":{"0":"post-29855","1":"product","2":"type-product","3":"status-publish","4":"has-post-thumbnail","6":"product_cat-swetry-i-kardigany","7":"product_cat-wzor-na-drutach-po-polsku","8":"product_cat-wzory-na-drutach","9":"product_shipping_class-cyfrowa","11":"first","12":"instock","13":"sale","14":"downloadable","15":"virtual","16":"taxable","17":"purchasable","18":"product-type-simple"},"yoast_head":"<!-- This site is optimized with the Yoast SEO plugin v27.4 - https:\/\/yoast.com\/product\/yoast-seo-wordpress\/ -->\n<title>Sweter Lilu - Wz\u00f3r na drutach - HANDMADE state of mind<\/title>\n<meta name=\"description\" content=\"Wz\u00f3r na drutach na klasyczny sweter w warkocze. Wz\u00f3r zawiera filmy instrukta\u017cowe do wszystkich technik zawartych we wzorze.\" \/>\n<meta name=\"robots\" content=\"index, follow, max-snippet:-1, max-image-preview:large, max-video-preview:-1\" \/>\n<link rel=\"canonical\" href=\"https:\/\/handmadestateofmind.com\/en\/product\/sweter-lilu-wzor-na-drutach\/\" \/>\n<meta property=\"og:locale\" content=\"en_GB\" \/>\n<meta property=\"og:type\" content=\"article\" \/>\n<meta property=\"og:title\" content=\"Sweter Lilu - Wz\u00f3r na drutach - HANDMADE state of mind\" \/>\n<meta property=\"og:description\" content=\"Wz\u00f3r na drutach na klasyczny sweter w warkocze. Wz\u00f3r zawiera filmy instrukta\u017cowe do wszystkich technik zawartych we wzorze.\" \/>\n<meta property=\"og:url\" content=\"https:\/\/handmadestateofmind.com\/en\/product\/sweter-lilu-wzor-na-drutach\/\" \/>\n<meta property=\"og:site_name\" content=\"HANDMADE state of mind\" \/>\n<meta property=\"article:modified_time\" content=\"2025-09-24T08:57:38+00:00\" \/>\n<meta property=\"og:image\" content=\"https:\/\/handmadestateofmind.com\/wp-content\/uploads\/2025\/08\/tezza-2495.jpg\" \/>\n\t<meta property=\"og:image:width\" content=\"1600\" \/>\n\t<meta property=\"og:image:height\" content=\"2000\" \/>\n\t<meta property=\"og:image:type\" content=\"image\/jpeg\" \/>\n<meta name=\"twitter:card\" content=\"summary_large_image\" \/>\n<meta name=\"twitter:label1\" content=\"Estimated reading time\" \/>\n\t<meta name=\"twitter:data1\" content=\"2 minutes\" \/>\n<script type=\"application\/ld+json\" class=\"yoast-schema-graph\">{\"@context\":\"https:\\\/\\\/schema.org\",\"@graph\":[{\"@type\":\"WebPage\",\"@id\":\"https:\\\/\\\/handmadestateofmind.com\\\/produkt\\\/sweter-lilu-wzor-na-drutach\\\/\",\"url\":\"https:\\\/\\\/handmadestateofmind.com\\\/produkt\\\/sweter-lilu-wzor-na-drutach\\\/\",\"name\":\"Sweter Lilu - Wz\u00f3r na drutach - HANDMADE state of mind\",\"isPartOf\":{\"@id\":\"https:\\\/\\\/handmadestateofmind.com\\\/#website\"},\"primaryImageOfPage\":{\"@id\":\"https:\\\/\\\/handmadestateofmind.com\\\/produkt\\\/sweter-lilu-wzor-na-drutach\\\/#primaryimage\"},\"image\":{\"@id\":\"https:\\\/\\\/handmadestateofmind.com\\\/produkt\\\/sweter-lilu-wzor-na-drutach\\\/#primaryimage\"},\"thumbnailUrl\":\"https:\\\/\\\/i0.wp.com\\\/handmadestateofmind.com\\\/wp-content\\\/uploads\\\/2025\\\/08\\\/tezza-2495.jpg?fit=1600%2C2000&ssl=1\",\"datePublished\":\"2023-08-26T10:32:48+00:00\",\"dateModified\":\"2025-09-24T08:57:38+00:00\",\"description\":\"Wz\u00f3r na drutach na klasyczny sweter w warkocze. Wz\u00f3r zawiera filmy instrukta\u017cowe do wszystkich technik zawartych we wzorze.\",\"breadcrumb\":{\"@id\":\"https:\\\/\\\/handmadestateofmind.com\\\/produkt\\\/sweter-lilu-wzor-na-drutach\\\/#breadcrumb\"},\"inLanguage\":\"en-GB\",\"potentialAction\":[{\"@type\":\"ReadAction\",\"target\":[\"https:\\\/\\\/handmadestateofmind.com\\\/produkt\\\/sweter-lilu-wzor-na-drutach\\\/\"]}]},{\"@type\":\"ImageObject\",\"inLanguage\":\"en-GB\",\"@id\":\"https:\\\/\\\/handmadestateofmind.com\\\/produkt\\\/sweter-lilu-wzor-na-drutach\\\/#primaryimage\",\"url\":\"https:\\\/\\\/i0.wp.com\\\/handmadestateofmind.com\\\/wp-content\\\/uploads\\\/2025\\\/08\\\/tezza-2495.jpg?fit=1600%2C2000&ssl=1\",\"contentUrl\":\"https:\\\/\\\/i0.wp.com\\\/handmadestateofmind.com\\\/wp-content\\\/uploads\\\/2025\\\/08\\\/tezza-2495.jpg?fit=1600%2C2000&ssl=1\",\"width\":1600,\"height\":2000,\"caption\":\"Edited in Tezza with: Cocoa, Brightness, &amp; Grain\"},{\"@type\":\"BreadcrumbList\",\"@id\":\"https:\\\/\\\/handmadestateofmind.com\\\/produkt\\\/sweter-lilu-wzor-na-drutach\\\/#breadcrumb\",\"itemListElement\":[{\"@type\":\"ListItem\",\"position\":1,\"name\":\"Home\",\"item\":\"https:\\\/\\\/handmadestateofmind.com\\\/\"},{\"@type\":\"ListItem\",\"position\":2,\"name\":\"Prywatne: Handmade state of mind\",\"item\":\"https:\\\/\\\/handmadestateofmind.com\\\/?page_id=14778\"},{\"@type\":\"ListItem\",\"position\":3,\"name\":\"Sweter Lilu\"}]},{\"@type\":\"WebSite\",\"@id\":\"https:\\\/\\\/handmadestateofmind.com\\\/#website\",\"url\":\"https:\\\/\\\/handmadestateofmind.com\\\/\",\"name\":\"HANDMADE state of mind\",\"description\":\"\",\"publisher\":{\"@id\":\"https:\\\/\\\/handmadestateofmind.com\\\/#organization\"},\"potentialAction\":[{\"@type\":\"SearchAction\",\"target\":{\"@type\":\"EntryPoint\",\"urlTemplate\":\"https:\\\/\\\/handmadestateofmind.com\\\/?s={search_term_string}\"},\"query-input\":{\"@type\":\"PropertyValueSpecification\",\"valueRequired\":true,\"valueName\":\"search_term_string\"}}],\"inLanguage\":\"en-GB\"},{\"@type\":\"Organization\",\"@id\":\"https:\\\/\\\/handmadestateofmind.com\\\/#organization\",\"name\":\"HANDMADE state of mind\",\"url\":\"https:\\\/\\\/handmadestateofmind.com\\\/\",\"logo\":{\"@type\":\"ImageObject\",\"inLanguage\":\"en-GB\",\"@id\":\"https:\\\/\\\/handmadestateofmind.com\\\/#\\\/schema\\\/logo\\\/image\\\/\",\"url\":\"https:\\\/\\\/i0.wp.com\\\/handmadestateofmind.com\\\/wp-content\\\/uploads\\\/2020\\\/06\\\/logo-2.png?fit=360%2C100&ssl=1\",\"contentUrl\":\"https:\\\/\\\/i0.wp.com\\\/handmadestateofmind.com\\\/wp-content\\\/uploads\\\/2020\\\/06\\\/logo-2.png?fit=360%2C100&ssl=1\",\"width\":360,\"height\":100,\"caption\":\"HANDMADE state of mind\"},\"image\":{\"@id\":\"https:\\\/\\\/handmadestateofmind.com\\\/#\\\/schema\\\/logo\\\/image\\\/\"}}]}<\/script>\n<!-- \/ Yoast SEO plugin. -->","yoast_head_json":{"title":"Sweter Lilu - Wz\u00f3r na drutach - HANDMADE state of mind","description":"Wz\u00f3r na drutach na klasyczny sweter w warkocze. Wz\u00f3r zawiera filmy instrukta\u017cowe do wszystkich technik zawartych we wzorze.","robots":{"index":"index","follow":"follow","max-snippet":"max-snippet:-1","max-image-preview":"max-image-preview:large","max-video-preview":"max-video-preview:-1"},"canonical":"https:\/\/handmadestateofmind.com\/en\/product\/sweter-lilu-wzor-na-drutach\/","og_locale":"en_GB","og_type":"article","og_title":"Sweter Lilu - Wz\u00f3r na drutach - HANDMADE state of mind","og_description":"Wz\u00f3r na drutach na klasyczny sweter w warkocze. Wz\u00f3r zawiera filmy instrukta\u017cowe do wszystkich technik zawartych we wzorze.","og_url":"https:\/\/handmadestateofmind.com\/en\/product\/sweter-lilu-wzor-na-drutach\/","og_site_name":"HANDMADE state of mind","article_modified_time":"2025-09-24T08:57:38+00:00","og_image":[{"width":1600,"height":2000,"url":"https:\/\/handmadestateofmind.com\/wp-content\/uploads\/2025\/08\/tezza-2495.jpg","type":"image\/jpeg"}],"twitter_card":"summary_large_image","twitter_misc":{"Estimated reading time":"2 minutes"},"schema":{"@context":"https:\/\/schema.org","@graph":[{"@type":"WebPage","@id":"https:\/\/handmadestateofmind.com\/produkt\/sweter-lilu-wzor-na-drutach\/","url":"https:\/\/handmadestateofmind.com\/produkt\/sweter-lilu-wzor-na-drutach\/","name":"Sweter Lilu - Wz\u00f3r na drutach - HANDMADE state of mind","isPartOf":{"@id":"https:\/\/handmadestateofmind.com\/#website"},"primaryImageOfPage":{"@id":"https:\/\/handmadestateofmind.com\/produkt\/sweter-lilu-wzor-na-drutach\/#primaryimage"},"image":{"@id":"https:\/\/handmadestateofmind.com\/produkt\/sweter-lilu-wzor-na-drutach\/#primaryimage"},"thumbnailUrl":"https:\/\/i0.wp.com\/handmadestateofmind.com\/wp-content\/uploads\/2025\/08\/tezza-2495.jpg?fit=1600%2C2000&ssl=1","datePublished":"2023-08-26T10:32:48+00:00","dateModified":"2025-09-24T08:57:38+00:00","description":"Wz\u00f3r na drutach na klasyczny sweter w warkocze. Wz\u00f3r zawiera filmy instrukta\u017cowe do wszystkich technik zawartych we wzorze.","breadcrumb":{"@id":"https:\/\/handmadestateofmind.com\/produkt\/sweter-lilu-wzor-na-drutach\/#breadcrumb"},"inLanguage":"en-GB","potentialAction":[{"@type":"ReadAction","target":["https:\/\/handmadestateofmind.com\/produkt\/sweter-lilu-wzor-na-drutach\/"]}]},{"@type":"ImageObject","inLanguage":"en-GB","@id":"https:\/\/handmadestateofmind.com\/produkt\/sweter-lilu-wzor-na-drutach\/#primaryimage","url":"https:\/\/i0.wp.com\/handmadestateofmind.com\/wp-content\/uploads\/2025\/08\/tezza-2495.jpg?fit=1600%2C2000&ssl=1","contentUrl":"https:\/\/i0.wp.com\/handmadestateofmind.com\/wp-content\/uploads\/2025\/08\/tezza-2495.jpg?fit=1600%2C2000&ssl=1","width":1600,"height":2000,"caption":"Edited in Tezza with: Cocoa, Brightness, &amp; Grain"},{"@type":"BreadcrumbList","@id":"https:\/\/handmadestateofmind.com\/produkt\/sweter-lilu-wzor-na-drutach\/#breadcrumb","itemListElement":[{"@type":"ListItem","position":1,"name":"Home","item":"https:\/\/handmadestateofmind.com\/"},{"@type":"ListItem","position":2,"name":"Prywatne: Handmade state of mind","item":"https:\/\/handmadestateofmind.com\/?page_id=14778"},{"@type":"ListItem","position":3,"name":"Sweter Lilu"}]},{"@type":"WebSite","@id":"https:\/\/handmadestateofmind.com\/#website","url":"https:\/\/handmadestateofmind.com\/","name":"HANDMADE state of mind","description":"","publisher":{"@id":"https:\/\/handmadestateofmind.com\/#organization"},"potentialAction":[{"@type":"SearchAction","target":{"@type":"EntryPoint","urlTemplate":"https:\/\/handmadestateofmind.com\/?s={search_term_string}"},"query-input":{"@type":"PropertyValueSpecification","valueRequired":true,"valueName":"search_term_string"}}],"inLanguage":"en-GB"},{"@type":"Organization","@id":"https:\/\/handmadestateofmind.com\/#organization","name":"HANDMADE state of mind","url":"https:\/\/handmadestateofmind.com\/","logo":{"@type":"ImageObject","inLanguage":"en-GB","@id":"https:\/\/handmadestateofmind.com\/#\/schema\/logo\/image\/","url":"https:\/\/i0.wp.com\/handmadestateofmind.com\/wp-content\/uploads\/2020\/06\/logo-2.png?fit=360%2C100&ssl=1","contentUrl":"https:\/\/i0.wp.com\/handmadestateofmind.com\/wp-content\/uploads\/2020\/06\/logo-2.png?fit=360%2C100&ssl=1","width":360,"height":100,"caption":"HANDMADE state of mind"},"image":{"@id":"https:\/\/handmadestateofmind.com\/#\/schema\/logo\/image\/"}}]}},"jetpack_publicize_connections":[],"jetpack_sharing_enabled":true,"_links":{"self":[{"href":"https:\/\/handmadestateofmind.com\/en\/wp-json\/wp\/v2\/product\/29855","targetHints":{"allow":["GET"]}}],"collection":[{"href":"https:\/\/handmadestateofmind.com\/en\/wp-json\/wp\/v2\/product"}],"about":[{"href":"https:\/\/handmadestateofmind.com\/en\/wp-json\/wp\/v2\/types\/product"}],"replies":[{"embeddable":true,"href":"https:\/\/handmadestateofmind.com\/en\/wp-json\/wp\/v2\/comments?post=29855"}],"wp:featuredmedia":[{"embeddable":true,"href":"https:\/\/handmadestateofmind.com\/en\/wp-json\/wp\/v2\/media\/50149"}],"wp:attachment":[{"href":"https:\/\/handmadestateofmind.com\/en\/wp-json\/wp\/v2\/media?parent=29855"}],"wp:term":[{"taxonomy":"product_brand","embeddable":true,"href":"https:\/\/handmadestateofmind.com\/en\/wp-json\/wp\/v2\/product_brand?post=29855"},{"taxonomy":"product_cat","embeddable":true,"href":"https:\/\/handmadestateofmind.com\/en\/wp-json\/wp\/v2\/product_cat?post=29855"},{"taxonomy":"product_tag","embeddable":true,"href":"https:\/\/handmadestateofmind.com\/en\/wp-json\/wp\/v2\/product_tag?post=29855"}],"curies":[{"name":"wp","href":"https:\/\/api.w.org\/{rel}","templated":true}]}}