{"id":25127,"date":"2023-03-06T12:37:15","date_gmt":"2023-03-06T11:37:15","guid":{"rendered":"https:\/\/handmadestateofmind.com\/?post_type=product&#038;p=25127"},"modified":"2025-08-25T08:59:39","modified_gmt":"2025-08-25T06:59:39","slug":"kamizelka-lucky-wzor-na-drutach","status":"publish","type":"product","link":"https:\/\/handmadestateofmind.com\/en\/product\/kamizelka-lucky-wzor-na-drutach\/","title":{"rendered":"Kamizelka Lucky"},"content":{"rendered":"<p><b>ROZMIAR<\/b><\/p>\n<p><span style=\"font-weight: 400;\">XS ( S) M (L) XL<\/span><\/p>\n<p><span style=\"font-weight: 400;\">Obw\u00f3d\u00a0 w klatce piersiowej:\u00a0\u00a0<\/span><\/p>\n<p><span style=\"font-weight: 400;\">100 (100) 110 (110) 120 cm<\/span><\/p>\n<p><span style=\"font-weight: 400;\">Szeroko\u015b\u0107 w ramionach:\u00a0<\/span><\/p>\n<p><span style=\"font-weight: 400;\">47 (47) 51 (51) 58 cm (ze \u015bci\u0105gaczami)<\/span><\/p>\n<p><span style=\"font-weight: 400;\">D\u0142ugo\u015b\u0107 (mierzona \u015brodkiem plec\u00f3w bez ko\u0142nierzyka ):<\/span><\/p>\n<p><span style=\"font-weight: 400;\">48 (50) 53 (57) 60 cm\u00a0<\/span><\/p>\n<p><span style=\"font-weight: 400;\">Rozmiary XS i S oraz M\/L maj\u0105 t\u0105 sam\u0105 szeroko\u015b\u0107, ale r\u00f3\u017cni\u0105 si\u0119 mi\u0119dzy sob\u0105 d\u0142ugo\u015bci\u0105 ca\u0142kowit\u0105 i d\u0142ugo\u015bci\u0105 podkroju pach.\u00a0<\/span><\/p>\n<p><span style=\"font-weight: 400;\">Na zdj\u0119ciu jest rozmiar S. Mam 174cm wzrostu.\u00a0<\/span><\/p>\n<p>&nbsp;<\/p>\n<p><b>W\u0141\u00d3CZKA<\/b><\/p>\n<p><span style=\"font-weight: 400;\">Merino od Knitting for Olive &#8211; 50g\/250m, kolor Clover Green,\u00a0 pow\u00f3jna nitka,\u00a0\u00a0<\/span><\/p>\n<p><span style=\"font-weight: 400;\">\u0142\u0105czna wymagana waga:<\/span><\/p>\n<p><span style=\"font-weight: 400;\">250 (260) 300 (320) 370g<\/span><\/p>\n<p>&nbsp;<\/p>\n<p><b>DRUTY\u00a0<\/b><\/p>\n<p><span style=\"font-weight: 400;\">druty 4mm oraz 3,5mm z \u017cy\u0142k\u0105:<\/span><\/p>\n<p><span style=\"font-weight: 400;\">tu\u0142\u00f3w &#8211; min 80cm<\/span><\/p>\n<p><span style=\"font-weight: 400;\">\u015bci\u0105gacze i ko\u0142nierzyk &#8211; 60 cm<\/span><\/p>\n<p>&nbsp;<\/p>\n<p><b>POZOSTA\u0141E AKCESORIA<\/b><\/p>\n<p><span style=\"font-weight: 400;\">ig\u0142a dziewiarska, 1 znacznik, elastyczna nitka,\u00a0<\/span><\/p>\n<p>&nbsp;<\/p>\n<p><b>PR\u00d3BKA<\/b><\/p>\n<p><span style=\"font-weight: 400;\">10 cm x 10 cm 21 o x 28 r na drutach 4mm<\/span><\/p>\n<p><span style=\"font-weight: 400;\">Przerabia\u0107 na liczbie oczek podzielnej przez 8 +5<\/span><\/p>\n<p><b>rz\u0105d 1<\/b><span style=\"font-weight: 400;\">: *5 o.p, 3 o.l, powt\u00f3rz * do 5 oczek przed ko\u0144cem rz\u0119du, 5 o.p<\/span><\/p>\n<p><b>rz\u0105d 2<\/b><span style=\"font-weight: 400;\">: *5 o.l, 3 o.p, powt\u00f3rz *\u00a0 do 5 oczek\u00a0 przed ko\u0144cem rz\u0119du, 5 o.l<\/span><\/p>","protected":false},"excerpt":{"rendered":"<p><span style=\"font-weight: 400;\">Klasyczna kamizelka wykonana \u015bciegiem 5&#215;3. Mo\u017cna j\u0105 nosi\u0107 na T-shirt, koszul\u0119 lub jako bluzk\u0119.<\/span><\/p>\n<p><span style=\"font-weight: 400;\">Ten wz\u00f3r jest robiony od g\u00f3ry do do\u0142u, cz\u0119\u015bciowo w okr\u0105\u017ceniach, cz\u0119\u015bciowo w rz\u0119dach.\u00a0 Najpierw wykonujesz ty\u0142 kamizelki w rz\u0119dach, a\u017c do podkroju pach.\u00a0 Nast\u0119pnie, przerabiasz\u00a0 ka\u017cde z ramion oddzielnie w rz\u0119dach,\u00a0 jednocze\u015bnie kszta\u0142tuj\u0105c dekolt.\u00a0 Ramiona s\u0105 ze sob\u0105 \u0142\u0105czone i prz\u00f3d jest dalej przerabiany w rz\u0119dach, a\u017c do podkroju pach.\u00a0 Na wysoko\u015bci linii pach prz\u00f3d i ty\u0142 kamizelki s\u0105 ze sob\u0105 \u0142\u0105czone i dalej tu\u0142\u00f3w jest przerabiany w okr\u0105\u017ceniach. Oczka na \u015bcigacze s\u0105 podbierane wzd\u0142u\u017c wolnej kraw\u0119dzi przodu i ty\u0142u\u00a0 swetra i dalej s\u0105 przerabiane w\u00a0 okr\u0105\u017ceniach. Na ko\u0144cu\u00a0 podbierasz oczka wzd\u0142u\u017c linii dekoltu i tworzysz podw\u00f3jny ko\u0142nierzyk.<\/span><\/p>\n<p><span style=\"font-weight: 400;\">Wszystkie \u015bci\u0105gacze przerabiane s\u0105 \u015bciegiem 2&#215;2.\u00a0 <\/span><\/p>","protected":false},"featured_media":50060,"comment_status":"closed","ping_status":"closed","template":"","meta":{"jetpack_post_was_ever_published":false,"jetpack_publicize_message":"","jetpack_publicize_feature_enabled":true,"jetpack_social_post_already_shared":true,"jetpack_social_options":{"image_generator_settings":{"template":"highway","default_image_id":0,"font":"","enabled":false},"version":2},"_wpas_customize_per_network":false},"product_brand":[],"product_cat":[699842647,699842518,699842520],"product_tag":[],"class_list":{"0":"post-25127","1":"product","2":"type-product","3":"status-publish","4":"has-post-thumbnail","6":"product_cat-bluzki-i-kamizelki","7":"product_cat-wzor-na-drutach-po-polsku","8":"product_cat-wzory-na-drutach","9":"product_shipping_class-cyfrowa","11":"first","12":"instock","13":"sale","14":"downloadable","15":"virtual","16":"taxable","17":"purchasable","18":"product-type-simple"},"yoast_head":"<!-- This site is optimized with the Yoast SEO plugin v27.3 - https:\/\/yoast.com\/product\/yoast-seo-wordpress\/ -->\n<title>Kamizelka Lucky - HANDMADE state of mind<\/title>\n<meta name=\"description\" content=\"Ten wz\u00f3r zawiera instrukcje jak wykona\u0107 na drutach kamizelk\u0119 z okr\u0105g\u0142ym dekoltem.\" \/>\n<meta name=\"robots\" content=\"index, follow, max-snippet:-1, max-image-preview:large, max-video-preview:-1\" \/>\n<link rel=\"canonical\" href=\"https:\/\/handmadestateofmind.com\/en\/product\/kamizelka-lucky-wzor-na-drutach\/\" \/>\n<meta property=\"og:locale\" content=\"en_GB\" \/>\n<meta property=\"og:type\" content=\"article\" \/>\n<meta property=\"og:title\" content=\"Kamizelka Lucky - HANDMADE state of mind\" \/>\n<meta property=\"og:description\" content=\"Ten wz\u00f3r zawiera instrukcje jak wykona\u0107 na drutach kamizelk\u0119 z okr\u0105g\u0142ym dekoltem.\" \/>\n<meta property=\"og:url\" content=\"https:\/\/handmadestateofmind.com\/en\/product\/kamizelka-lucky-wzor-na-drutach\/\" \/>\n<meta property=\"og:site_name\" content=\"HANDMADE state of mind\" \/>\n<meta property=\"article:modified_time\" content=\"2025-08-25T06:59:39+00:00\" \/>\n<meta property=\"og:image\" content=\"https:\/\/handmadestateofmind.com\/wp-content\/uploads\/2025\/08\/tezza-6823.jpg\" \/>\n\t<meta property=\"og:image:width\" content=\"1600\" \/>\n\t<meta property=\"og:image:height\" content=\"2000\" \/>\n\t<meta property=\"og:image:type\" content=\"image\/jpeg\" \/>\n<meta name=\"twitter:card\" content=\"summary_large_image\" \/>\n<meta name=\"twitter:label1\" content=\"Estimated reading time\" \/>\n\t<meta name=\"twitter:data1\" content=\"2 minutes\" \/>\n<script type=\"application\/ld+json\" class=\"yoast-schema-graph\">{\"@context\":\"https:\\\/\\\/schema.org\",\"@graph\":[{\"@type\":\"WebPage\",\"@id\":\"https:\\\/\\\/handmadestateofmind.com\\\/produkt\\\/kamizelka-lucky-wzor-na-drutach\\\/\",\"url\":\"https:\\\/\\\/handmadestateofmind.com\\\/produkt\\\/kamizelka-lucky-wzor-na-drutach\\\/\",\"name\":\"Kamizelka Lucky - HANDMADE state of mind\",\"isPartOf\":{\"@id\":\"https:\\\/\\\/handmadestateofmind.com\\\/#website\"},\"primaryImageOfPage\":{\"@id\":\"https:\\\/\\\/handmadestateofmind.com\\\/produkt\\\/kamizelka-lucky-wzor-na-drutach\\\/#primaryimage\"},\"image\":{\"@id\":\"https:\\\/\\\/handmadestateofmind.com\\\/produkt\\\/kamizelka-lucky-wzor-na-drutach\\\/#primaryimage\"},\"thumbnailUrl\":\"https:\\\/\\\/i0.wp.com\\\/handmadestateofmind.com\\\/wp-content\\\/uploads\\\/2025\\\/08\\\/tezza-6823.jpg?fit=1600%2C2000&ssl=1\",\"datePublished\":\"2023-03-06T11:37:15+00:00\",\"dateModified\":\"2025-08-25T06:59:39+00:00\",\"description\":\"Ten wz\u00f3r zawiera instrukcje jak wykona\u0107 na drutach kamizelk\u0119 z okr\u0105g\u0142ym dekoltem.\",\"breadcrumb\":{\"@id\":\"https:\\\/\\\/handmadestateofmind.com\\\/produkt\\\/kamizelka-lucky-wzor-na-drutach\\\/#breadcrumb\"},\"inLanguage\":\"en-GB\",\"potentialAction\":[{\"@type\":\"ReadAction\",\"target\":[\"https:\\\/\\\/handmadestateofmind.com\\\/produkt\\\/kamizelka-lucky-wzor-na-drutach\\\/\"]}]},{\"@type\":\"ImageObject\",\"inLanguage\":\"en-GB\",\"@id\":\"https:\\\/\\\/handmadestateofmind.com\\\/produkt\\\/kamizelka-lucky-wzor-na-drutach\\\/#primaryimage\",\"url\":\"https:\\\/\\\/i0.wp.com\\\/handmadestateofmind.com\\\/wp-content\\\/uploads\\\/2025\\\/08\\\/tezza-6823.jpg?fit=1600%2C2000&ssl=1\",\"contentUrl\":\"https:\\\/\\\/i0.wp.com\\\/handmadestateofmind.com\\\/wp-content\\\/uploads\\\/2025\\\/08\\\/tezza-6823.jpg?fit=1600%2C2000&ssl=1\",\"width\":1600,\"height\":2000,\"caption\":\"Edited in Tezza with: Cocoa, Brightness, &amp; Grain\"},{\"@type\":\"BreadcrumbList\",\"@id\":\"https:\\\/\\\/handmadestateofmind.com\\\/produkt\\\/kamizelka-lucky-wzor-na-drutach\\\/#breadcrumb\",\"itemListElement\":[{\"@type\":\"ListItem\",\"position\":1,\"name\":\"Home\",\"item\":\"https:\\\/\\\/handmadestateofmind.com\\\/\"},{\"@type\":\"ListItem\",\"position\":2,\"name\":\"Prywatne: Handmade state of mind\",\"item\":\"https:\\\/\\\/handmadestateofmind.com\\\/?page_id=14778\"},{\"@type\":\"ListItem\",\"position\":3,\"name\":\"Kamizelka Lucky\"}]},{\"@type\":\"WebSite\",\"@id\":\"https:\\\/\\\/handmadestateofmind.com\\\/#website\",\"url\":\"https:\\\/\\\/handmadestateofmind.com\\\/\",\"name\":\"HANDMADE state of mind\",\"description\":\"\",\"publisher\":{\"@id\":\"https:\\\/\\\/handmadestateofmind.com\\\/#organization\"},\"potentialAction\":[{\"@type\":\"SearchAction\",\"target\":{\"@type\":\"EntryPoint\",\"urlTemplate\":\"https:\\\/\\\/handmadestateofmind.com\\\/?s={search_term_string}\"},\"query-input\":{\"@type\":\"PropertyValueSpecification\",\"valueRequired\":true,\"valueName\":\"search_term_string\"}}],\"inLanguage\":\"en-GB\"},{\"@type\":\"Organization\",\"@id\":\"https:\\\/\\\/handmadestateofmind.com\\\/#organization\",\"name\":\"HANDMADE state of mind\",\"url\":\"https:\\\/\\\/handmadestateofmind.com\\\/\",\"logo\":{\"@type\":\"ImageObject\",\"inLanguage\":\"en-GB\",\"@id\":\"https:\\\/\\\/handmadestateofmind.com\\\/#\\\/schema\\\/logo\\\/image\\\/\",\"url\":\"https:\\\/\\\/i0.wp.com\\\/handmadestateofmind.com\\\/wp-content\\\/uploads\\\/2020\\\/06\\\/logo-2.png?fit=360%2C100&ssl=1\",\"contentUrl\":\"https:\\\/\\\/i0.wp.com\\\/handmadestateofmind.com\\\/wp-content\\\/uploads\\\/2020\\\/06\\\/logo-2.png?fit=360%2C100&ssl=1\",\"width\":360,\"height\":100,\"caption\":\"HANDMADE state of mind\"},\"image\":{\"@id\":\"https:\\\/\\\/handmadestateofmind.com\\\/#\\\/schema\\\/logo\\\/image\\\/\"}}]}<\/script>\n<!-- \/ Yoast SEO plugin. -->","yoast_head_json":{"title":"Kamizelka Lucky - HANDMADE state of mind","description":"Ten wz\u00f3r zawiera instrukcje jak wykona\u0107 na drutach kamizelk\u0119 z okr\u0105g\u0142ym dekoltem.","robots":{"index":"index","follow":"follow","max-snippet":"max-snippet:-1","max-image-preview":"max-image-preview:large","max-video-preview":"max-video-preview:-1"},"canonical":"https:\/\/handmadestateofmind.com\/en\/product\/kamizelka-lucky-wzor-na-drutach\/","og_locale":"en_GB","og_type":"article","og_title":"Kamizelka Lucky - HANDMADE state of mind","og_description":"Ten wz\u00f3r zawiera instrukcje jak wykona\u0107 na drutach kamizelk\u0119 z okr\u0105g\u0142ym dekoltem.","og_url":"https:\/\/handmadestateofmind.com\/en\/product\/kamizelka-lucky-wzor-na-drutach\/","og_site_name":"HANDMADE state of mind","article_modified_time":"2025-08-25T06:59:39+00:00","og_image":[{"width":1600,"height":2000,"url":"https:\/\/handmadestateofmind.com\/wp-content\/uploads\/2025\/08\/tezza-6823.jpg","type":"image\/jpeg"}],"twitter_card":"summary_large_image","twitter_misc":{"Estimated reading time":"2 minutes"},"schema":{"@context":"https:\/\/schema.org","@graph":[{"@type":"WebPage","@id":"https:\/\/handmadestateofmind.com\/produkt\/kamizelka-lucky-wzor-na-drutach\/","url":"https:\/\/handmadestateofmind.com\/produkt\/kamizelka-lucky-wzor-na-drutach\/","name":"Kamizelka Lucky - HANDMADE state of mind","isPartOf":{"@id":"https:\/\/handmadestateofmind.com\/#website"},"primaryImageOfPage":{"@id":"https:\/\/handmadestateofmind.com\/produkt\/kamizelka-lucky-wzor-na-drutach\/#primaryimage"},"image":{"@id":"https:\/\/handmadestateofmind.com\/produkt\/kamizelka-lucky-wzor-na-drutach\/#primaryimage"},"thumbnailUrl":"https:\/\/i0.wp.com\/handmadestateofmind.com\/wp-content\/uploads\/2025\/08\/tezza-6823.jpg?fit=1600%2C2000&ssl=1","datePublished":"2023-03-06T11:37:15+00:00","dateModified":"2025-08-25T06:59:39+00:00","description":"Ten wz\u00f3r zawiera instrukcje jak wykona\u0107 na drutach kamizelk\u0119 z okr\u0105g\u0142ym dekoltem.","breadcrumb":{"@id":"https:\/\/handmadestateofmind.com\/produkt\/kamizelka-lucky-wzor-na-drutach\/#breadcrumb"},"inLanguage":"en-GB","potentialAction":[{"@type":"ReadAction","target":["https:\/\/handmadestateofmind.com\/produkt\/kamizelka-lucky-wzor-na-drutach\/"]}]},{"@type":"ImageObject","inLanguage":"en-GB","@id":"https:\/\/handmadestateofmind.com\/produkt\/kamizelka-lucky-wzor-na-drutach\/#primaryimage","url":"https:\/\/i0.wp.com\/handmadestateofmind.com\/wp-content\/uploads\/2025\/08\/tezza-6823.jpg?fit=1600%2C2000&ssl=1","contentUrl":"https:\/\/i0.wp.com\/handmadestateofmind.com\/wp-content\/uploads\/2025\/08\/tezza-6823.jpg?fit=1600%2C2000&ssl=1","width":1600,"height":2000,"caption":"Edited in Tezza with: Cocoa, Brightness, &amp; Grain"},{"@type":"BreadcrumbList","@id":"https:\/\/handmadestateofmind.com\/produkt\/kamizelka-lucky-wzor-na-drutach\/#breadcrumb","itemListElement":[{"@type":"ListItem","position":1,"name":"Home","item":"https:\/\/handmadestateofmind.com\/"},{"@type":"ListItem","position":2,"name":"Prywatne: Handmade state of mind","item":"https:\/\/handmadestateofmind.com\/?page_id=14778"},{"@type":"ListItem","position":3,"name":"Kamizelka Lucky"}]},{"@type":"WebSite","@id":"https:\/\/handmadestateofmind.com\/#website","url":"https:\/\/handmadestateofmind.com\/","name":"HANDMADE state of mind","description":"","publisher":{"@id":"https:\/\/handmadestateofmind.com\/#organization"},"potentialAction":[{"@type":"SearchAction","target":{"@type":"EntryPoint","urlTemplate":"https:\/\/handmadestateofmind.com\/?s={search_term_string}"},"query-input":{"@type":"PropertyValueSpecification","valueRequired":true,"valueName":"search_term_string"}}],"inLanguage":"en-GB"},{"@type":"Organization","@id":"https:\/\/handmadestateofmind.com\/#organization","name":"HANDMADE state of mind","url":"https:\/\/handmadestateofmind.com\/","logo":{"@type":"ImageObject","inLanguage":"en-GB","@id":"https:\/\/handmadestateofmind.com\/#\/schema\/logo\/image\/","url":"https:\/\/i0.wp.com\/handmadestateofmind.com\/wp-content\/uploads\/2020\/06\/logo-2.png?fit=360%2C100&ssl=1","contentUrl":"https:\/\/i0.wp.com\/handmadestateofmind.com\/wp-content\/uploads\/2020\/06\/logo-2.png?fit=360%2C100&ssl=1","width":360,"height":100,"caption":"HANDMADE state of mind"},"image":{"@id":"https:\/\/handmadestateofmind.com\/#\/schema\/logo\/image\/"}}]}},"jetpack_publicize_connections":[],"jetpack_sharing_enabled":true,"_links":{"self":[{"href":"https:\/\/handmadestateofmind.com\/en\/wp-json\/wp\/v2\/product\/25127","targetHints":{"allow":["GET"]}}],"collection":[{"href":"https:\/\/handmadestateofmind.com\/en\/wp-json\/wp\/v2\/product"}],"about":[{"href":"https:\/\/handmadestateofmind.com\/en\/wp-json\/wp\/v2\/types\/product"}],"replies":[{"embeddable":true,"href":"https:\/\/handmadestateofmind.com\/en\/wp-json\/wp\/v2\/comments?post=25127"}],"wp:featuredmedia":[{"embeddable":true,"href":"https:\/\/handmadestateofmind.com\/en\/wp-json\/wp\/v2\/media\/50060"}],"wp:attachment":[{"href":"https:\/\/handmadestateofmind.com\/en\/wp-json\/wp\/v2\/media?parent=25127"}],"wp:term":[{"taxonomy":"product_brand","embeddable":true,"href":"https:\/\/handmadestateofmind.com\/en\/wp-json\/wp\/v2\/product_brand?post=25127"},{"taxonomy":"product_cat","embeddable":true,"href":"https:\/\/handmadestateofmind.com\/en\/wp-json\/wp\/v2\/product_cat?post=25127"},{"taxonomy":"product_tag","embeddable":true,"href":"https:\/\/handmadestateofmind.com\/en\/wp-json\/wp\/v2\/product_tag?post=25127"}],"curies":[{"name":"wp","href":"https:\/\/api.w.org\/{rel}","templated":true}]}}