{"id":14469,"date":"2022-07-10T15:14:41","date_gmt":"2022-07-10T13:14:41","guid":{"rendered":"https:\/\/handmadestateofmind.com\/product\/czapka-striped-polski-wza%c2%b3r-na-drutach\/"},"modified":"2025-08-25T09:26:30","modified_gmt":"2025-08-25T07:26:30","slug":"czapka-striped-polski-wzor-na-drutach","status":"publish","type":"product","link":"https:\/\/handmadestateofmind.com\/en\/product\/czapka-striped-polski-wzor-na-drutach\/","title":{"rendered":"Czapka Striped"},"content":{"rendered":"<p><strong>Ten wz\u00f3r jest po polsku.<\/strong><\/p>\n<p>Wybierz kolorowe pasy dla luzackiego wygl\u0105du lub monochromatyczne naturalne kolory, aby wysz\u0142o bardziej stylowo. Niezale\u017cnie od Twojego wyboru, ten ponadczasowy wz\u00f3r doda bardzo nowoczesnego wygl\u0105du Twojemu stylowi. Czapka robiona jest od do\u0142u do g\u00f3ry w okr\u0105\u017ceniach na drutach z \u017cy\u0142k\u0105. Wyr\u00f3\u017cnia j\u0105 wywini\u0119cie, symetrycznie zw\u0119\u017cona g\u00f3ra oraz \u015bci\u0105gacz 1 x 1.<\/p>\n<figure><img data-recalc-dims=\"1\" decoding=\"async\" src=\"https:\/\/i0.wp.com\/sklep.handmadestateofmind.com\/userdata\/public\/upload\/5.png?w=800&#038;ssl=1\" alt=\"\" \/><\/figure>\n<p>&nbsp;<\/p>\n<p><strong>ROZMIAR\u00d3WKA I WYMIARY<\/strong><\/p>\n<ul>\n<li>XS|S (idealna dla kobiet) zaprojektowana aby pasowa\u0107 na obw\u00f3d g\u0142owy 53-57 cm<\/li>\n<li>M|L (idealna dla m\u0119\u017cczyzn) zaprojektowana aby pasowa\u0107 na obw\u00f3d g\u0142owy 57-60 cm<\/li>\n<\/ul>\n<p><strong>Pr\u00f3bka<\/strong><\/p>\n<p>10 cm x 10 cm 28 o x 24 r \u015bciegiem 2\u00d72 (1 o.p, 1 o.l) na drutach 3mm<strong><br \/>\n<\/strong><\/p>\n<p><strong>W\u0142\u00f3czka, druty i inne akcesoria<\/strong><\/p>\n<ul>\n<li><strong>w\u0142\u00f3czka:\u00a0<a href=\"https:\/\/www.woolandthegang.com\/en\/products\/super-trouper-wool\" target=\"_blank\" rel=\"noopener noreferrer\">Super Trouper od Wool and the Gang<\/a>\u00a0i\/lub\u00a0<a href=\"https:\/\/www.phildar.fr\/p\/phil-merinos-6-p-41200.html\" target=\"_blank\" rel=\"noopener noreferrer\">Phil Merinos 6 od Phildar<\/a>\u00a050g\/80m,\u00a0<\/strong>\u0142\u0105czna wymagana waga 125g\n<ul>\n<li>kolory: Wool and the Gang \u2013 50g Pink Blush, 50g Mustard, Phildar \u2013 25g Craie<\/li>\n<\/ul>\n<\/li>\n<li><strong>druty:\u00a0<\/strong>druty z \u017cy\u0142k\u0105 3mm i \u017cy\u0142ka 50cm, opcjonalnie ten sam rozmiar drut\u00f3w po\u0144czoszniczych do zw\u0119\u017cania czubka czapki<\/li>\n<li><strong>inne akcesoria<\/strong>: ig\u0142a do w\u0142\u00f3czki + 9 znacznik\u00f3w (idealnie 1 w kontrastowym kolorze), elastyczna nitka, kawa\u0142ek zapasowej w\u0142\u00f3czki w kontrastowym kolorze<\/li>\n<\/ul>\n<p><strong>FORMA WZORU:<\/strong><\/p>\n<ul>\n<li><strong>J\u0119zyk:<\/strong>\u00a0polski<\/li>\n<li><strong>Poziom trudno\u015bci:\u00a0<\/strong>\u015brednio-zaawansowany.\n<ul>\n<li>sprawd\u017a klasyfikacj\u0119\u00a0<strong><a href=\"https:\/\/handmadestateofmind.com\/en\/knitting-levels-poziomy-trudnosci\/\" target=\"_blank\" rel=\"noopener noreferrer\">tutaj<\/a><\/strong><\/li>\n<\/ul>\n<\/li>\n<li>Jest to produkt cyfrowy.\u00a0Przes\u0142any plik PDF zawiera kod dost\u0119pu do chronionej cz\u0119\u015bci strony ze wzorem. Kod jest wysy\u0142any natychmiast po potwierdzeniu dokonania p\u0142atno\u015bci.<\/li>\n<li>Wz\u00f3r dost\u0119pny online na\u00a0<strong><a href=\"https:\/\/handmadestateofmind.com\/en\/czapka-striped-wzor-na-drutach\/\" target=\"_blank\" rel=\"noopener noreferrer\">tej stronie<\/a><\/strong><\/li>\n<li>poniewa\u017c Ci zale\u017cy | nie ma pdf&#8217;u, nie ma drukowania, nie ma \u015bci\u0119tych drzew<\/li>\n<\/ul>\n<p><strong>Chcesz zobaczy\u0107 jak wygl\u0105daj\u0105 moje wzory?\u00a0<\/strong>Sprawd\u017a m\u00f3j\u00a0<strong>darmowy wz\u00f3r<\/strong>\u00a0at\u00a0<strong><a href=\"https:\/\/handmadestateofmind.com\/en\/sweter-airy-essential-wzor-na-drutach\/\" target=\"_blank\" rel=\"noopener noreferrer\">Sweter Airy Essential.<\/a><\/strong>\u00a0Kliknij\u00a0<strong><a href=\"https:\/\/handmadestateofmind.com\/en\/sweter-airy-essential-wzor-na-drutach\/\" target=\"_blank\" rel=\"noopener noreferrer\">tutaj.<\/a><\/strong><\/p>\n<ul>\n<li>Ka\u017cda technika wykorzystana we wzorze ma sw\u00f3j film instrukta\u017cowy \u2764\ufe0f wszystkie tutoriale s\u0105 dost\u0119pne bezp\u0142atnie dla wszystkich na moim kanale YouTube\u00a0<a href=\"https:\/\/www.youtube.com\/handmadestateofmind\">https:\/\/www.youtube.com\/handmadestateofmind<\/a><\/li>\n<li>spis wszyskich technik znajduje si\u0119 wewn\u0105trz wzoru wraz z linkami do odpowiednich<\/li>\n<\/ul>\n<p>Po wi\u0119cej informacji odwied\u017a nasze\u00a0<a href=\"https:\/\/handmadestateofmind.com\/en\/faq\/\" target=\"_blank\" rel=\"noopener noreferrer\">FAQ.<\/a><\/p>","protected":false},"excerpt":{"rendered":"<p>Ten wz\u00f3r jest po polsku. Wybierz kolorowe pasy dla luzackiego wygl\u0105du lub monochromatyczne naturalne kolory, aby wysz\u0142o bardziej stylowo. Niezale\u017cnie od Twojego wyboru, ten ponadczasowy wz\u00f3r doda bardzo nowoczesnego wygl\u0105du Twojemu stylowi. Czapka robiona jest od do\u0142u do g\u00f3ry w okr\u0105\u017ceniach na drutach z \u017cy\u0142k\u0105. Wyr\u00f3\u017cnia j\u0105 wywini\u0119cie, symetrycznie zw\u0119\u017cona g\u00f3ra oraz \u015bci\u0105gacz 1 x [&hellip;]<\/p>\n","protected":false},"featured_media":14169,"comment_status":"closed","ping_status":"closed","template":"","meta":{"jetpack_publicize_message":"","jetpack_publicize_feature_enabled":true,"jetpack_social_post_already_shared":true,"jetpack_social_options":{"image_generator_settings":{"template":"highway","default_image_id":0,"font":"","enabled":false},"version":2},"_wpas_customize_per_network":false},"product_brand":[],"product_cat":[699842643],"product_tag":[],"class_list":{"0":"post-14469","1":"product","2":"type-product","3":"status-publish","4":"has-post-thumbnail","6":"product_cat-bez-kategorii","7":"product_shipping_class-cyfrowa","9":"first","10":"instock","11":"downloadable","12":"virtual","13":"taxable","14":"purchasable","15":"product-type-simple"},"yoast_head":"<!-- This site is optimized with the Yoast SEO plugin v27.4 - https:\/\/yoast.com\/product\/yoast-seo-wordpress\/ -->\n<title>Czapka Striped - HANDMADE state of mind<\/title>\n<meta name=\"robots\" content=\"index, follow, max-snippet:-1, max-image-preview:large, max-video-preview:-1\" \/>\n<link rel=\"canonical\" href=\"https:\/\/handmadestateofmind.com\/en\/product\/czapka-striped-polski-wzor-na-drutach\/\" \/>\n<meta property=\"og:locale\" content=\"en_GB\" \/>\n<meta property=\"og:type\" content=\"article\" \/>\n<meta property=\"og:title\" content=\"Czapka Striped - HANDMADE state of mind\" \/>\n<meta property=\"og:description\" content=\"Ten wz\u00f3r jest po polsku. Wybierz kolorowe pasy dla luzackiego wygl\u0105du lub monochromatyczne naturalne kolory, aby wysz\u0142o bardziej stylowo. Niezale\u017cnie od Twojego wyboru, ten ponadczasowy wz\u00f3r doda bardzo nowoczesnego wygl\u0105du Twojemu stylowi. Czapka robiona jest od do\u0142u do g\u00f3ry w okr\u0105\u017ceniach na drutach z \u017cy\u0142k\u0105. Wyr\u00f3\u017cnia j\u0105 wywini\u0119cie, symetrycznie zw\u0119\u017cona g\u00f3ra oraz \u015bci\u0105gacz 1 x [&hellip;]\" \/>\n<meta property=\"og:url\" content=\"https:\/\/handmadestateofmind.com\/en\/product\/czapka-striped-polski-wzor-na-drutach\/\" \/>\n<meta property=\"og:site_name\" content=\"HANDMADE state of mind\" \/>\n<meta property=\"article:modified_time\" content=\"2025-08-25T07:26:30+00:00\" \/>\n<meta property=\"og:image\" content=\"https:\/\/handmadestateofmind.com\/wp-content\/uploads\/2022\/07\/422.png\" \/>\n\t<meta property=\"og:image:width\" content=\"533\" \/>\n\t<meta property=\"og:image:height\" content=\"634\" \/>\n\t<meta property=\"og:image:type\" content=\"image\/png\" \/>\n<meta name=\"twitter:card\" content=\"summary_large_image\" \/>\n<meta name=\"twitter:label1\" content=\"Estimated reading time\" \/>\n\t<meta name=\"twitter:data1\" content=\"3 minutes\" \/>\n<script type=\"application\/ld+json\" class=\"yoast-schema-graph\">{\"@context\":\"https:\\\/\\\/schema.org\",\"@graph\":[{\"@type\":\"WebPage\",\"@id\":\"https:\\\/\\\/handmadestateofmind.com\\\/produkt\\\/czapka-striped-polski-wzor-na-drutach\\\/\",\"url\":\"https:\\\/\\\/handmadestateofmind.com\\\/produkt\\\/czapka-striped-polski-wzor-na-drutach\\\/\",\"name\":\"Czapka Striped - HANDMADE state of mind\",\"isPartOf\":{\"@id\":\"https:\\\/\\\/handmadestateofmind.com\\\/#website\"},\"primaryImageOfPage\":{\"@id\":\"https:\\\/\\\/handmadestateofmind.com\\\/produkt\\\/czapka-striped-polski-wzor-na-drutach\\\/#primaryimage\"},\"image\":{\"@id\":\"https:\\\/\\\/handmadestateofmind.com\\\/produkt\\\/czapka-striped-polski-wzor-na-drutach\\\/#primaryimage\"},\"thumbnailUrl\":\"https:\\\/\\\/i0.wp.com\\\/handmadestateofmind.com\\\/wp-content\\\/uploads\\\/2022\\\/07\\\/422.png?fit=533%2C634&ssl=1\",\"datePublished\":\"2022-07-10T13:14:41+00:00\",\"dateModified\":\"2025-08-25T07:26:30+00:00\",\"breadcrumb\":{\"@id\":\"https:\\\/\\\/handmadestateofmind.com\\\/produkt\\\/czapka-striped-polski-wzor-na-drutach\\\/#breadcrumb\"},\"inLanguage\":\"en-GB\",\"potentialAction\":[{\"@type\":\"ReadAction\",\"target\":[\"https:\\\/\\\/handmadestateofmind.com\\\/produkt\\\/czapka-striped-polski-wzor-na-drutach\\\/\"]}]},{\"@type\":\"ImageObject\",\"inLanguage\":\"en-GB\",\"@id\":\"https:\\\/\\\/handmadestateofmind.com\\\/produkt\\\/czapka-striped-polski-wzor-na-drutach\\\/#primaryimage\",\"url\":\"https:\\\/\\\/i0.wp.com\\\/handmadestateofmind.com\\\/wp-content\\\/uploads\\\/2022\\\/07\\\/422.png?fit=533%2C634&ssl=1\",\"contentUrl\":\"https:\\\/\\\/i0.wp.com\\\/handmadestateofmind.com\\\/wp-content\\\/uploads\\\/2022\\\/07\\\/422.png?fit=533%2C634&ssl=1\",\"width\":533,\"height\":634},{\"@type\":\"BreadcrumbList\",\"@id\":\"https:\\\/\\\/handmadestateofmind.com\\\/produkt\\\/czapka-striped-polski-wzor-na-drutach\\\/#breadcrumb\",\"itemListElement\":[{\"@type\":\"ListItem\",\"position\":1,\"name\":\"Home\",\"item\":\"https:\\\/\\\/handmadestateofmind.com\\\/\"},{\"@type\":\"ListItem\",\"position\":2,\"name\":\"Prywatne: Handmade state of mind\",\"item\":\"https:\\\/\\\/handmadestateofmind.com\\\/?page_id=14778\"},{\"@type\":\"ListItem\",\"position\":3,\"name\":\"Czapka Striped\"}]},{\"@type\":\"WebSite\",\"@id\":\"https:\\\/\\\/handmadestateofmind.com\\\/#website\",\"url\":\"https:\\\/\\\/handmadestateofmind.com\\\/\",\"name\":\"HANDMADE state of mind\",\"description\":\"\",\"publisher\":{\"@id\":\"https:\\\/\\\/handmadestateofmind.com\\\/#organization\"},\"potentialAction\":[{\"@type\":\"SearchAction\",\"target\":{\"@type\":\"EntryPoint\",\"urlTemplate\":\"https:\\\/\\\/handmadestateofmind.com\\\/?s={search_term_string}\"},\"query-input\":{\"@type\":\"PropertyValueSpecification\",\"valueRequired\":true,\"valueName\":\"search_term_string\"}}],\"inLanguage\":\"en-GB\"},{\"@type\":\"Organization\",\"@id\":\"https:\\\/\\\/handmadestateofmind.com\\\/#organization\",\"name\":\"HANDMADE state of mind\",\"url\":\"https:\\\/\\\/handmadestateofmind.com\\\/\",\"logo\":{\"@type\":\"ImageObject\",\"inLanguage\":\"en-GB\",\"@id\":\"https:\\\/\\\/handmadestateofmind.com\\\/#\\\/schema\\\/logo\\\/image\\\/\",\"url\":\"https:\\\/\\\/i0.wp.com\\\/handmadestateofmind.com\\\/wp-content\\\/uploads\\\/2020\\\/06\\\/logo-2.png?fit=360%2C100&ssl=1\",\"contentUrl\":\"https:\\\/\\\/i0.wp.com\\\/handmadestateofmind.com\\\/wp-content\\\/uploads\\\/2020\\\/06\\\/logo-2.png?fit=360%2C100&ssl=1\",\"width\":360,\"height\":100,\"caption\":\"HANDMADE state of mind\"},\"image\":{\"@id\":\"https:\\\/\\\/handmadestateofmind.com\\\/#\\\/schema\\\/logo\\\/image\\\/\"}}]}<\/script>\n<!-- \/ Yoast SEO plugin. -->","yoast_head_json":{"title":"Czapka Striped - HANDMADE state of mind","robots":{"index":"index","follow":"follow","max-snippet":"max-snippet:-1","max-image-preview":"max-image-preview:large","max-video-preview":"max-video-preview:-1"},"canonical":"https:\/\/handmadestateofmind.com\/en\/product\/czapka-striped-polski-wzor-na-drutach\/","og_locale":"en_GB","og_type":"article","og_title":"Czapka Striped - HANDMADE state of mind","og_description":"Ten wz\u00f3r jest po polsku. Wybierz kolorowe pasy dla luzackiego wygl\u0105du lub monochromatyczne naturalne kolory, aby wysz\u0142o bardziej stylowo. Niezale\u017cnie od Twojego wyboru, ten ponadczasowy wz\u00f3r doda bardzo nowoczesnego wygl\u0105du Twojemu stylowi. Czapka robiona jest od do\u0142u do g\u00f3ry w okr\u0105\u017ceniach na drutach z \u017cy\u0142k\u0105. Wyr\u00f3\u017cnia j\u0105 wywini\u0119cie, symetrycznie zw\u0119\u017cona g\u00f3ra oraz \u015bci\u0105gacz 1 x [&hellip;]","og_url":"https:\/\/handmadestateofmind.com\/en\/product\/czapka-striped-polski-wzor-na-drutach\/","og_site_name":"HANDMADE state of mind","article_modified_time":"2025-08-25T07:26:30+00:00","og_image":[{"width":533,"height":634,"url":"https:\/\/handmadestateofmind.com\/wp-content\/uploads\/2022\/07\/422.png","type":"image\/png"}],"twitter_card":"summary_large_image","twitter_misc":{"Estimated reading time":"3 minutes"},"schema":{"@context":"https:\/\/schema.org","@graph":[{"@type":"WebPage","@id":"https:\/\/handmadestateofmind.com\/produkt\/czapka-striped-polski-wzor-na-drutach\/","url":"https:\/\/handmadestateofmind.com\/produkt\/czapka-striped-polski-wzor-na-drutach\/","name":"Czapka Striped - HANDMADE state of mind","isPartOf":{"@id":"https:\/\/handmadestateofmind.com\/#website"},"primaryImageOfPage":{"@id":"https:\/\/handmadestateofmind.com\/produkt\/czapka-striped-polski-wzor-na-drutach\/#primaryimage"},"image":{"@id":"https:\/\/handmadestateofmind.com\/produkt\/czapka-striped-polski-wzor-na-drutach\/#primaryimage"},"thumbnailUrl":"https:\/\/i0.wp.com\/handmadestateofmind.com\/wp-content\/uploads\/2022\/07\/422.png?fit=533%2C634&ssl=1","datePublished":"2022-07-10T13:14:41+00:00","dateModified":"2025-08-25T07:26:30+00:00","breadcrumb":{"@id":"https:\/\/handmadestateofmind.com\/produkt\/czapka-striped-polski-wzor-na-drutach\/#breadcrumb"},"inLanguage":"en-GB","potentialAction":[{"@type":"ReadAction","target":["https:\/\/handmadestateofmind.com\/produkt\/czapka-striped-polski-wzor-na-drutach\/"]}]},{"@type":"ImageObject","inLanguage":"en-GB","@id":"https:\/\/handmadestateofmind.com\/produkt\/czapka-striped-polski-wzor-na-drutach\/#primaryimage","url":"https:\/\/i0.wp.com\/handmadestateofmind.com\/wp-content\/uploads\/2022\/07\/422.png?fit=533%2C634&ssl=1","contentUrl":"https:\/\/i0.wp.com\/handmadestateofmind.com\/wp-content\/uploads\/2022\/07\/422.png?fit=533%2C634&ssl=1","width":533,"height":634},{"@type":"BreadcrumbList","@id":"https:\/\/handmadestateofmind.com\/produkt\/czapka-striped-polski-wzor-na-drutach\/#breadcrumb","itemListElement":[{"@type":"ListItem","position":1,"name":"Home","item":"https:\/\/handmadestateofmind.com\/"},{"@type":"ListItem","position":2,"name":"Prywatne: Handmade state of mind","item":"https:\/\/handmadestateofmind.com\/?page_id=14778"},{"@type":"ListItem","position":3,"name":"Czapka Striped"}]},{"@type":"WebSite","@id":"https:\/\/handmadestateofmind.com\/#website","url":"https:\/\/handmadestateofmind.com\/","name":"HANDMADE state of mind","description":"","publisher":{"@id":"https:\/\/handmadestateofmind.com\/#organization"},"potentialAction":[{"@type":"SearchAction","target":{"@type":"EntryPoint","urlTemplate":"https:\/\/handmadestateofmind.com\/?s={search_term_string}"},"query-input":{"@type":"PropertyValueSpecification","valueRequired":true,"valueName":"search_term_string"}}],"inLanguage":"en-GB"},{"@type":"Organization","@id":"https:\/\/handmadestateofmind.com\/#organization","name":"HANDMADE state of mind","url":"https:\/\/handmadestateofmind.com\/","logo":{"@type":"ImageObject","inLanguage":"en-GB","@id":"https:\/\/handmadestateofmind.com\/#\/schema\/logo\/image\/","url":"https:\/\/i0.wp.com\/handmadestateofmind.com\/wp-content\/uploads\/2020\/06\/logo-2.png?fit=360%2C100&ssl=1","contentUrl":"https:\/\/i0.wp.com\/handmadestateofmind.com\/wp-content\/uploads\/2020\/06\/logo-2.png?fit=360%2C100&ssl=1","width":360,"height":100,"caption":"HANDMADE state of mind"},"image":{"@id":"https:\/\/handmadestateofmind.com\/#\/schema\/logo\/image\/"}}]}},"jetpack_publicize_connections":[],"jetpack_sharing_enabled":true,"_links":{"self":[{"href":"https:\/\/handmadestateofmind.com\/en\/wp-json\/wp\/v2\/product\/14469","targetHints":{"allow":["GET"]}}],"collection":[{"href":"https:\/\/handmadestateofmind.com\/en\/wp-json\/wp\/v2\/product"}],"about":[{"href":"https:\/\/handmadestateofmind.com\/en\/wp-json\/wp\/v2\/types\/product"}],"replies":[{"embeddable":true,"href":"https:\/\/handmadestateofmind.com\/en\/wp-json\/wp\/v2\/comments?post=14469"}],"wp:featuredmedia":[{"embeddable":true,"href":"https:\/\/handmadestateofmind.com\/en\/wp-json\/wp\/v2\/media\/14169"}],"wp:attachment":[{"href":"https:\/\/handmadestateofmind.com\/en\/wp-json\/wp\/v2\/media?parent=14469"}],"wp:term":[{"taxonomy":"product_brand","embeddable":true,"href":"https:\/\/handmadestateofmind.com\/en\/wp-json\/wp\/v2\/product_brand?post=14469"},{"taxonomy":"product_cat","embeddable":true,"href":"https:\/\/handmadestateofmind.com\/en\/wp-json\/wp\/v2\/product_cat?post=14469"},{"taxonomy":"product_tag","embeddable":true,"href":"https:\/\/handmadestateofmind.com\/en\/wp-json\/wp\/v2\/product_tag?post=14469"}],"curies":[{"name":"wp","href":"https:\/\/api.w.org\/{rel}","templated":true}]}}