{"id":2594,"date":"2020-08-31T19:24:46","date_gmt":"2020-08-31T17:24:46","guid":{"rendered":"https:\/\/handmadestateofmind.com\/?page_id=2594"},"modified":"2025-07-25T12:29:34","modified_gmt":"2025-07-25T10:29:34","slug":"knitting-dictionary-slownik-dziewiarski","status":"publish","type":"page","link":"https:\/\/handmadestateofmind.com\/en\/knitting-dictionary-slownik-dziewiarski\/","title":{"rendered":"Knitting Dictionary | S\u0142ownik Dziewiarski"},"content":{"rendered":"<div data-elementor-type=\"wp-page\" data-elementor-id=\"2594\" class=\"elementor elementor-2594\" data-elementor-post-type=\"page\">\n\t\t\t\t\t\t<section class=\"elementor-section elementor-top-section elementor-element elementor-element-798d08e elementor-section-boxed elementor-section-height-default elementor-section-height-default\" data-id=\"798d08e\" data-element_type=\"section\" data-e-type=\"section\">\n\t\t\t\t\t\t<div class=\"elementor-container elementor-column-gap-default\">\n\t\t\t\t\t<div class=\"elementor-column elementor-col-50 elementor-top-column elementor-element elementor-element-8458831\" data-id=\"8458831\" data-element_type=\"column\" data-e-type=\"column\">\n\t\t\t<div class=\"elementor-widget-wrap elementor-element-populated\">\n\t\t\t\t\t\t<div class=\"elementor-element elementor-element-4256ea7 elementor-widget elementor-widget-heading\" data-id=\"4256ea7\" data-element_type=\"widget\" data-e-type=\"widget\" data-widget_type=\"heading.default\">\n\t\t\t\t<div class=\"elementor-widget-container\">\n\t\t\t\t\t<h2 class=\"elementor-heading-title elementor-size-default\">knitting dictionary<\/h2>\t\t\t\t<\/div>\n\t\t\t\t<\/div>\n\t\t\t\t\t<\/div>\n\t\t<\/div>\n\t\t\t\t<div class=\"elementor-column elementor-col-50 elementor-top-column elementor-element elementor-element-fb7be60\" data-id=\"fb7be60\" data-element_type=\"column\" data-e-type=\"column\">\n\t\t\t<div class=\"elementor-widget-wrap elementor-element-populated\">\n\t\t\t\t\t\t<div class=\"elementor-element elementor-element-a90f522 elementor-widget elementor-widget-heading\" data-id=\"a90f522\" data-element_type=\"widget\" data-e-type=\"widget\" data-widget_type=\"heading.default\">\n\t\t\t\t<div class=\"elementor-widget-container\">\n\t\t\t\t\t<h2 class=\"elementor-heading-title elementor-size-default\">s\u0142ownik dziewiarski<\/h2>\t\t\t\t<\/div>\n\t\t\t\t<\/div>\n\t\t\t\t\t<\/div>\n\t\t<\/div>\n\t\t\t\t\t<\/div>\n\t\t<\/section>\n\t\t\t\t<section class=\"elementor-section elementor-top-section elementor-element elementor-element-ef5df48 elementor-section-boxed elementor-section-height-default elementor-section-height-default\" data-id=\"ef5df48\" data-element_type=\"section\" data-e-type=\"section\">\n\t\t\t\t\t\t<div class=\"elementor-container elementor-column-gap-extended\">\n\t\t\t\t\t<div class=\"elementor-column elementor-col-50 elementor-top-column elementor-element elementor-element-7201410\" data-id=\"7201410\" data-element_type=\"column\" data-e-type=\"column\">\n\t\t\t<div class=\"elementor-widget-wrap elementor-element-populated\">\n\t\t\t\t\t\t<div class=\"elementor-element elementor-element-3bfe772 elementor-widget elementor-widget-spacer\" data-id=\"3bfe772\" data-element_type=\"widget\" data-e-type=\"widget\" data-widget_type=\"spacer.default\">\n\t\t\t\t<div class=\"elementor-widget-container\">\n\t\t\t\t\t\t\t<div class=\"elementor-spacer\">\n\t\t\t<div class=\"elementor-spacer-inner\"><\/div>\n\t\t<\/div>\n\t\t\t\t\t\t<\/div>\n\t\t\t\t<\/div>\n\t\t\t\t<div class=\"elementor-element elementor-element-901f092 elementor-widget elementor-widget-text-editor\" data-id=\"901f092\" data-element_type=\"widget\" data-e-type=\"widget\" data-widget_type=\"text-editor.default\">\n\t\t\t\t<div class=\"elementor-widget-container\">\n\t\t\t\t\t\t\t\t\t<ul><li style=\"outline: none;\"><a href=\"https:\/\/www.youtube.com\/watch?v=qlFv_Rpd4cY\" target=\"_blank\" rel=\"noopener\"><strong style=\"outline: none;\">k \/ k1<\/strong><\/a> &#8211; knit \/ knit 1 stitch<\/li><li style=\"outline: none;\"><a href=\"https:\/\/www.youtube.com\/watch?v=4fZhXTJfMkc\" target=\"_blank\" rel=\"noopener\"><strong style=\"outline: none;\">p \/ p1<\/strong><\/a> &#8211; purl \/ purl 1 stitch<\/li><li style=\"outline: none;\"><a href=\"https:\/\/www.youtube.com\/watch?v=bXZ-4M8TIRg\" target=\"_blank\" rel=\"noopener\"><strong>k2tog<\/strong><\/a> &#8211; knit 2 stitches together<\/li><li><a href=\"https:\/\/www.youtube.com\/watch?v=AQCdN50Z7nY\" target=\"_blank\" rel=\"noopener\"><strong>p2tog<\/strong><\/a> &#8211; purl 2 stitches together<\/li><li style=\"outline: none;\"><a href=\"https:\/\/www.youtube.com\/watch?v=E6yFELGzfLs\" target=\"_blank\" rel=\"noopener\"><strong>k1b<\/strong><\/a> &#8211; knit 1 stitch below<\/li><li style=\"outline: none;\"><a href=\"https:\/\/www.youtube.com\/watch?v=F6SqQFE9r64\" target=\"_blank\" rel=\"noopener\"><strong>p1b<\/strong>&#8211;<\/a> purl 1 stitch below<\/li><li><a href=\"https:\/\/www.youtube.com\/watch?v=PlOjibGno0g&amp;t=2s\" target=\"_blank\" rel=\"noopener\"><strong>ktbl<\/strong><\/a> &#8211; knit through a back loop<\/li><li><a href=\"https:\/\/www.youtube.com\/watch?v=4MhQPn9DWFs\" target=\"_blank\" rel=\"noopener\"><strong>ptbl<\/strong><\/a> &#8211; purl through a back loop<\/li><li><a href=\"https:\/\/www.youtube.com\/watch?v=lN6v8_pho2I\" target=\"_blank\" rel=\"noopener\"><strong>ssk improved<\/strong><\/a> &#8211; slip knitwise, slip purlwise, knit 2 stitches together<\/li><li style=\"outline: none;\"><strong><a href=\"https:\/\/www.youtube.com\/watch?v=By6-Xa3t_30&amp;t=2s\" target=\"_blank\" rel=\"noopener\">kfb<\/a> &#8211; <\/strong>knit front and back<\/li><li style=\"outline: none;\"><strong><a href=\"https:\/\/www.youtube.com\/watch?v=By6-Xa3t_30&amp;t=2s\" target=\"_blank\" rel=\"noopener\">pfb<\/a> &#8211; <\/strong>purl front and back<\/li><li style=\"outline: none;\"><a href=\"https:\/\/www.youtube.com\/watch?v=VyF0HFygV3Y&amp;list=PL_WBo3IkRc-VSMO9FZj68aqygWgqSQueF&amp;index=6\" target=\"_blank\" rel=\"noopener\"><strong>kfpf<\/strong><\/a> &#8211; knit front and purl front<\/li><li style=\"outline: none;\"><a href=\"https:\/\/www.youtube.com\/watch?v=sfDKJEC1PT0\" target=\"_blank\" rel=\"noopener\"><strong style=\"outline: none;\">s1p wyif<\/strong>\u00a0<\/a>&#8211;\u00a0 slip 1 stitch purlwise with yarn in front\u00a0<\/li><li style=\"outline: none;\"><a href=\"https:\/\/www.youtube.com\/watch?v=wYM-qd6d7AQ\" target=\"_blank\" rel=\"noopener\"><strong style=\"outline: none;\">s1p wyib<\/strong><\/a> &#8211;\u00a0 slip 1 stitch pulrwise with yarn in back<\/li><li><a href=\"https:\/\/www.youtube.com\/watch?v=QWefoz45a54\" target=\"_blank\" rel=\"noopener\"><strong>s1k wyib<\/strong><\/a> &#8211; slip 1 stitch knitwise with yarn in back<\/li><li><strong><a href=\"https:\/\/www.youtube.com\/watch?v=zDiGgUra7DE&amp;t=9s\" target=\"_blank\" rel=\"noopener\">MO<\/a> <\/strong>&#8211; make 1 open\u00a0<\/li><li><a href=\"https:\/\/www.youtube.com\/watch?v=ZESlDOE6H08&amp;t=2s\" target=\"_blank\" rel=\"noopener\"><strong>YO<\/strong><\/a> -yarn over<\/li><li style=\"outline: none;\"><a href=\"https:\/\/www.youtube.com\/watch?v=WNj4H902Hlg&amp;t=70s\" target=\"_blank\" rel=\"noopener\"><strong>M1L<\/strong><\/a> &#8211; make 1 left, Insert the left needle from front to back under the horizontal strand and knit it through the back loop<\/li><li style=\"outline: none;\"><a href=\"https:\/\/www.youtube.com\/watch?v=WNj4H902Hlg&amp;t=70s\" target=\"_blank\" rel=\"noopener\"><strong>M1R<\/strong><\/a> &#8211;\u00a0 make 1 right, Insert the left needle from back to front into the horizontal strand and knit it through the front loop<\/li><\/ul>\t\t\t\t\t\t\t\t<\/div>\n\t\t\t\t<\/div>\n\t\t\t\t\t<\/div>\n\t\t<\/div>\n\t\t\t\t<div class=\"elementor-column elementor-col-50 elementor-top-column elementor-element elementor-element-702459d\" data-id=\"702459d\" data-element_type=\"column\" data-e-type=\"column\">\n\t\t\t<div class=\"elementor-widget-wrap elementor-element-populated\">\n\t\t\t\t\t\t<div class=\"elementor-element elementor-element-db8d18e elementor-widget elementor-widget-spacer\" data-id=\"db8d18e\" data-element_type=\"widget\" data-e-type=\"widget\" data-widget_type=\"spacer.default\">\n\t\t\t\t<div class=\"elementor-widget-container\">\n\t\t\t\t\t\t\t<div class=\"elementor-spacer\">\n\t\t\t<div class=\"elementor-spacer-inner\"><\/div>\n\t\t<\/div>\n\t\t\t\t\t\t<\/div>\n\t\t\t\t<\/div>\n\t\t\t\t<div class=\"elementor-element elementor-element-7ead27f elementor-widget elementor-widget-text-editor\" data-id=\"7ead27f\" data-element_type=\"widget\" data-e-type=\"widget\" data-widget_type=\"text-editor.default\">\n\t\t\t\t<div class=\"elementor-widget-container\">\n\t\t\t\t\t\t\t\t\t<ul><li><a href=\"https:\/\/www.youtube.com\/watch?v=qlFv_Rpd4cY\" target=\"_blank\" rel=\"noopener\"><strong style=\"outline: none;\">o.p \/ 1 o.p<\/strong><\/a>\u00a0&#8211; oczko prawe \/ 1 oczko prawe<\/li><li><a href=\"https:\/\/www.youtube.com\/watch?v=4fZhXTJfMkc\" target=\"_blank\" rel=\"noopener\"><strong style=\"outline: none;\">o.l \/ 1 o.l<\/strong><\/a>\u00a0&#8211; oczko lewe \/ 1 oczko lewe<\/li><li><a href=\"https:\/\/www.youtube.com\/watch?v=bXZ-4M8TIRg\" target=\"_blank\" rel=\"noopener\"><strong style=\"outline: none;\">2 o.p.r<\/strong> <\/a>&#8211; 2 oczka przerobione razem na prawo<\/li><li><a href=\"https:\/\/www.youtube.com\/watch?v=AQCdN50Z7nY\" target=\"_blank\" rel=\"noopener\"><strong>2 o.l.r\u00a0<\/strong> <\/a>&#8211; 2 oczka przerobione razem na lewo<\/li><li><a href=\"https:\/\/www.youtube.com\/watch?v=E6yFELGzfLs\" target=\"_blank\" rel=\"noopener\"><strong>oczko podw\u00f3jne p.<\/strong><\/a> &#8211; oczko podw\u00f3jne prawe<\/li><li><strong><a href=\"https:\/\/www.youtube.com\/watch?v=F6SqQFE9r64\" target=\"_blank\" rel=\"noopener\">oczko podw\u00f3jne l.<\/a> <\/strong>&#8211; oczko podw\u00f3jne lewe<\/li><li><a href=\"https:\/\/www.youtube.com\/watch?v=PlOjibGno0g&amp;t=2s\" target=\"_blank\" rel=\"noopener\"><strong>o.pt<\/strong> <\/a>&#8211; oczko przekr\u0119cone prawe<\/li><li><a href=\"https:\/\/www.youtube.com\/watch?v=4MhQPn9DWFs\" target=\"_blank\" rel=\"noopener\"><strong>o.lt<\/strong>\u00a0<\/a>&#8211; oczko przekr\u0119cone lewe<\/li><li><strong><a href=\"https:\/\/www.youtube.com\/watch?v=lN6v8_pho2I\" target=\"_blank\" rel=\"noopener\">ulepszone ssk<\/a> <\/strong>\u00a0-prze\u0142\u00f3\u017c na prawo, prze\u0142\u00f3\u017c na lewo, przer\u00f3b razem na prawo<\/li><li><strong style=\"outline: none;\"><a href=\"https:\/\/www.youtube.com\/watch?v=By6-Xa3t_30&amp;t=16s\" target=\"_blank\" rel=\"noopener\">dod. z o.p<\/a>\u00a0 &#8211; <\/strong>przer\u00f3b oczko prawe od przodu i od ty\u0142u<\/li><li><strong style=\"outline: none;\"><a href=\"https:\/\/www.youtube.com\/watch?v=By6-Xa3t_30&amp;t=16s\" target=\"_blank\" rel=\"noopener\">dod. z o.l<\/a> &#8211; <\/strong>przer\u00f3b oczko lewe od przodu i od ty\u0142u<\/li><li><a href=\"https:\/\/www.youtube.com\/watch?v=VyF0HFygV3Y\" target=\"_blank\" rel=\"noopener\"><strong>dod. o.l\u00a0 z o.p<\/strong><\/a> &#8211; dodaj oczko lewe\u00a0 z oczka prawego\u00a0<\/li><li><a href=\"https:\/\/www.youtube.com\/watch?v=sfDKJEC1PT0\" target=\"_blank\" rel=\"noopener\"><strong style=\"outline: none;\">prze\u0142. l. w\u0142. z przodu <\/strong><\/a>&#8211;\u00a0 prze\u0142\u00f3\u017c 1 oczko na\u00a0 lewo w\u0142\u00f3czka z przodu\u00a0<\/li><li><a href=\"https:\/\/www.youtube.com\/watch?v=wYM-qd6d7AQ\" target=\"_blank\" rel=\"noopener\"><strong style=\"outline: none;\">prze\u0142. l. w\u0142. z ty\u0142u <\/strong><\/a>&#8211;\u00a0 prze\u0142\u00f3\u017c 1 oczko na lewo w\u0142\u00f3czka z ty\u0142u\u00a0<\/li><li><a href=\"https:\/\/www.youtube.com\/watch?v=QWefoz45a54\" target=\"_blank\" rel=\"noopener\"><strong>prze\u0142. p. w\u0142. z ty\u0142u<\/strong><\/a> &#8211; prze\u0142\u00f3\u017c 1 oczko na prawo\u00a0 w\u0142\u00f3czka z ty\u0142u<\/li><li><strong><a href=\"https:\/\/www.youtube.com\/watch?v=zDiGgUra7DE&amp;t=9s\" target=\"_blank\" rel=\"noopener\">MO<\/a> <\/strong>&#8211; dodaj 1 oczko, przerabiaj\u0105c nitk\u0119 poprzeczn\u0105 mi\u0119dzy oczkami<\/li><li><a href=\"https:\/\/www.youtube.com\/watch?v=ZESlDOE6H08&amp;t=2s\" target=\"_blank\" rel=\"noopener\"><strong>narz.<\/strong><\/a> &#8211; narzut<\/li><li style=\"outline: none;\"><a href=\"https:\/\/www.youtube.com\/watch?v=WNj4H902Hlg&amp;t=70s\" target=\"_blank\" rel=\"noopener\"><strong>M1L<\/strong> <\/a>&#8211;\u00a0 dodaj 1 oczko, wk\u0142uj lewy drut od przodu pod poprzeczn\u0105 nitk\u0119 pomi\u0119dzy drutami i przer\u00f3b na prawo od ty\u0142u.<\/li><li style=\"outline: none;\"><a href=\"https:\/\/www.youtube.com\/watch?v=WNj4H902Hlg&amp;t=70s\" target=\"_blank\" rel=\"noopener\"><strong>M1R<\/strong> <\/a>&#8211; dodaj 1 oczko, wk\u0142uj lewy drut od ty\u0142u pod poprzeczn\u0105 nitk\u0119 pomi\u0119dzy drutami i przer\u00f3b na prawo od przodu<\/li><\/ul>\t\t\t\t\t\t\t\t<\/div>\n\t\t\t\t<\/div>\n\t\t\t\t\t<\/div>\n\t\t<\/div>\n\t\t\t\t\t<\/div>\n\t\t<\/section>\n\t\t\t\t<\/div>","protected":false},"excerpt":{"rendered":"<p>knitting dictionary s\u0142ownik dziewiarski k \/ k1 &#8211; knit \/ knit 1 stitch p \/ p1 &#8211; purl \/ purl 1 stitch k2tog &#8211; knit 2 stitches together p2tog &#8211; purl 2 stitches together k1b &#8211; knit 1 stitch below p1b&#8211; purl 1 stitch below ktbl &#8211; knit through a back loop ptbl &#8211; purl [&hellip;]<\/p>\n","protected":false},"author":184526190,"featured_media":2616,"parent":0,"menu_order":0,"comment_status":"closed","ping_status":"closed","template":"","meta":{"jetpack_post_was_ever_published":false,"footnotes":""},"class_list":["post-2594","page","type-page","status-publish","has-post-thumbnail","hentry"],"yoast_head":"<!-- This site is optimized with the Yoast SEO plugin v27.3 - https:\/\/yoast.com\/product\/yoast-seo-wordpress\/ -->\n<title>Knitting Dictionary | S\u0142ownik Dziewiarski - HANDMADE state of mind<\/title>\n<meta name=\"description\" content=\"Main knitting terms and abbreviations in one place. Podstawowe terminy i skr\u00f3ty dziewiarskie w jednym miejscu.\" \/>\n<meta name=\"robots\" content=\"index, follow, max-snippet:-1, max-image-preview:large, max-video-preview:-1\" \/>\n<link rel=\"canonical\" href=\"https:\/\/handmadestateofmind.com\/en\/knitting-dictionary-slownik-dziewiarski\/\" \/>\n<meta property=\"og:locale\" content=\"en_GB\" \/>\n<meta property=\"og:type\" content=\"article\" \/>\n<meta property=\"og:title\" content=\"Knitting Dictionary | S\u0142ownik Dziewiarski - HANDMADE state of mind\" \/>\n<meta property=\"og:description\" content=\"Main knitting terms and abbreviations in one place. Podstawowe terminy i skr\u00f3ty dziewiarskie w jednym miejscu.\" \/>\n<meta property=\"og:url\" content=\"https:\/\/handmadestateofmind.com\/en\/knitting-dictionary-slownik-dziewiarski\/\" \/>\n<meta property=\"og:site_name\" content=\"HANDMADE state of mind\" \/>\n<meta property=\"article:modified_time\" content=\"2025-07-25T10:29:34+00:00\" \/>\n<meta property=\"og:image\" content=\"https:\/\/i0.wp.com\/handmadestateofmind.com\/wp-content\/uploads\/2020\/08\/Zrzut-ekranu-2020-08-31-o-19.53.05.png?fit=1200%2C576&ssl=1\" \/>\n\t<meta property=\"og:image:width\" content=\"1200\" \/>\n\t<meta property=\"og:image:height\" content=\"576\" \/>\n\t<meta property=\"og:image:type\" content=\"image\/png\" \/>\n<meta name=\"twitter:card\" content=\"summary_large_image\" \/>\n<meta name=\"twitter:label1\" content=\"Estimated reading time\" \/>\n\t<meta name=\"twitter:data1\" content=\"3 minutes\" \/>\n<script type=\"application\/ld+json\" class=\"yoast-schema-graph\">{\"@context\":\"https:\\\/\\\/schema.org\",\"@graph\":[{\"@type\":\"WebPage\",\"@id\":\"https:\\\/\\\/handmadestateofmind.com\\\/knitting-dictionary-slownik-dziewiarski\\\/\",\"url\":\"https:\\\/\\\/handmadestateofmind.com\\\/knitting-dictionary-slownik-dziewiarski\\\/\",\"name\":\"Knitting Dictionary | S\u0142ownik Dziewiarski - HANDMADE state of mind\",\"isPartOf\":{\"@id\":\"https:\\\/\\\/handmadestateofmind.com\\\/#website\"},\"primaryImageOfPage\":{\"@id\":\"https:\\\/\\\/handmadestateofmind.com\\\/knitting-dictionary-slownik-dziewiarski\\\/#primaryimage\"},\"image\":{\"@id\":\"https:\\\/\\\/handmadestateofmind.com\\\/knitting-dictionary-slownik-dziewiarski\\\/#primaryimage\"},\"thumbnailUrl\":\"https:\\\/\\\/i0.wp.com\\\/handmadestateofmind.com\\\/wp-content\\\/uploads\\\/2020\\\/08\\\/Zrzut-ekranu-2020-08-31-o-19.53.05.png?fit=1200%2C576&ssl=1\",\"datePublished\":\"2020-08-31T17:24:46+00:00\",\"dateModified\":\"2025-07-25T10:29:34+00:00\",\"description\":\"Main knitting terms and abbreviations in one place. Podstawowe terminy i skr\u00f3ty dziewiarskie w jednym miejscu.\",\"breadcrumb\":{\"@id\":\"https:\\\/\\\/handmadestateofmind.com\\\/knitting-dictionary-slownik-dziewiarski\\\/#breadcrumb\"},\"inLanguage\":\"en-GB\",\"potentialAction\":[{\"@type\":\"ReadAction\",\"target\":[\"https:\\\/\\\/handmadestateofmind.com\\\/knitting-dictionary-slownik-dziewiarski\\\/\"]}]},{\"@type\":\"ImageObject\",\"inLanguage\":\"en-GB\",\"@id\":\"https:\\\/\\\/handmadestateofmind.com\\\/knitting-dictionary-slownik-dziewiarski\\\/#primaryimage\",\"url\":\"https:\\\/\\\/i0.wp.com\\\/handmadestateofmind.com\\\/wp-content\\\/uploads\\\/2020\\\/08\\\/Zrzut-ekranu-2020-08-31-o-19.53.05.png?fit=1200%2C576&ssl=1\",\"contentUrl\":\"https:\\\/\\\/i0.wp.com\\\/handmadestateofmind.com\\\/wp-content\\\/uploads\\\/2020\\\/08\\\/Zrzut-ekranu-2020-08-31-o-19.53.05.png?fit=1200%2C576&ssl=1\",\"width\":1200,\"height\":576,\"caption\":\"knitting dictionary, knitting abbreviations, s\u0142ownik dziewiarski, skr\u00f3ty dziewiarskie\"},{\"@type\":\"BreadcrumbList\",\"@id\":\"https:\\\/\\\/handmadestateofmind.com\\\/knitting-dictionary-slownik-dziewiarski\\\/#breadcrumb\",\"itemListElement\":[{\"@type\":\"ListItem\",\"position\":1,\"name\":\"Home\",\"item\":\"https:\\\/\\\/handmadestateofmind.com\\\/\"},{\"@type\":\"ListItem\",\"position\":2,\"name\":\"Knitting Dictionary | S\u0142ownik Dziewiarski\"}]},{\"@type\":\"WebSite\",\"@id\":\"https:\\\/\\\/handmadestateofmind.com\\\/#website\",\"url\":\"https:\\\/\\\/handmadestateofmind.com\\\/\",\"name\":\"HANDMADE state of mind\",\"description\":\"\",\"publisher\":{\"@id\":\"https:\\\/\\\/handmadestateofmind.com\\\/#organization\"},\"potentialAction\":[{\"@type\":\"SearchAction\",\"target\":{\"@type\":\"EntryPoint\",\"urlTemplate\":\"https:\\\/\\\/handmadestateofmind.com\\\/?s={search_term_string}\"},\"query-input\":{\"@type\":\"PropertyValueSpecification\",\"valueRequired\":true,\"valueName\":\"search_term_string\"}}],\"inLanguage\":\"en-GB\"},{\"@type\":\"Organization\",\"@id\":\"https:\\\/\\\/handmadestateofmind.com\\\/#organization\",\"name\":\"HANDMADE state of mind\",\"url\":\"https:\\\/\\\/handmadestateofmind.com\\\/\",\"logo\":{\"@type\":\"ImageObject\",\"inLanguage\":\"en-GB\",\"@id\":\"https:\\\/\\\/handmadestateofmind.com\\\/#\\\/schema\\\/logo\\\/image\\\/\",\"url\":\"https:\\\/\\\/i0.wp.com\\\/handmadestateofmind.com\\\/wp-content\\\/uploads\\\/2020\\\/06\\\/logo-2.png?fit=360%2C100&ssl=1\",\"contentUrl\":\"https:\\\/\\\/i0.wp.com\\\/handmadestateofmind.com\\\/wp-content\\\/uploads\\\/2020\\\/06\\\/logo-2.png?fit=360%2C100&ssl=1\",\"width\":360,\"height\":100,\"caption\":\"HANDMADE state of mind\"},\"image\":{\"@id\":\"https:\\\/\\\/handmadestateofmind.com\\\/#\\\/schema\\\/logo\\\/image\\\/\"}}]}<\/script>\n<!-- \/ Yoast SEO plugin. -->","yoast_head_json":{"title":"Knitting Dictionary | S\u0142ownik Dziewiarski - HANDMADE state of mind","description":"Main knitting terms and abbreviations in one place. Podstawowe terminy i skr\u00f3ty dziewiarskie w jednym miejscu.","robots":{"index":"index","follow":"follow","max-snippet":"max-snippet:-1","max-image-preview":"max-image-preview:large","max-video-preview":"max-video-preview:-1"},"canonical":"https:\/\/handmadestateofmind.com\/en\/knitting-dictionary-slownik-dziewiarski\/","og_locale":"en_GB","og_type":"article","og_title":"Knitting Dictionary | S\u0142ownik Dziewiarski - HANDMADE state of mind","og_description":"Main knitting terms and abbreviations in one place. Podstawowe terminy i skr\u00f3ty dziewiarskie w jednym miejscu.","og_url":"https:\/\/handmadestateofmind.com\/en\/knitting-dictionary-slownik-dziewiarski\/","og_site_name":"HANDMADE state of mind","article_modified_time":"2025-07-25T10:29:34+00:00","og_image":[{"width":1200,"height":576,"url":"https:\/\/i0.wp.com\/handmadestateofmind.com\/wp-content\/uploads\/2020\/08\/Zrzut-ekranu-2020-08-31-o-19.53.05.png?fit=1200%2C576&ssl=1","type":"image\/png"}],"twitter_card":"summary_large_image","twitter_misc":{"Estimated reading time":"3 minutes"},"schema":{"@context":"https:\/\/schema.org","@graph":[{"@type":"WebPage","@id":"https:\/\/handmadestateofmind.com\/knitting-dictionary-slownik-dziewiarski\/","url":"https:\/\/handmadestateofmind.com\/knitting-dictionary-slownik-dziewiarski\/","name":"Knitting Dictionary | S\u0142ownik Dziewiarski - HANDMADE state of mind","isPartOf":{"@id":"https:\/\/handmadestateofmind.com\/#website"},"primaryImageOfPage":{"@id":"https:\/\/handmadestateofmind.com\/knitting-dictionary-slownik-dziewiarski\/#primaryimage"},"image":{"@id":"https:\/\/handmadestateofmind.com\/knitting-dictionary-slownik-dziewiarski\/#primaryimage"},"thumbnailUrl":"https:\/\/i0.wp.com\/handmadestateofmind.com\/wp-content\/uploads\/2020\/08\/Zrzut-ekranu-2020-08-31-o-19.53.05.png?fit=1200%2C576&ssl=1","datePublished":"2020-08-31T17:24:46+00:00","dateModified":"2025-07-25T10:29:34+00:00","description":"Main knitting terms and abbreviations in one place. Podstawowe terminy i skr\u00f3ty dziewiarskie w jednym miejscu.","breadcrumb":{"@id":"https:\/\/handmadestateofmind.com\/knitting-dictionary-slownik-dziewiarski\/#breadcrumb"},"inLanguage":"en-GB","potentialAction":[{"@type":"ReadAction","target":["https:\/\/handmadestateofmind.com\/knitting-dictionary-slownik-dziewiarski\/"]}]},{"@type":"ImageObject","inLanguage":"en-GB","@id":"https:\/\/handmadestateofmind.com\/knitting-dictionary-slownik-dziewiarski\/#primaryimage","url":"https:\/\/i0.wp.com\/handmadestateofmind.com\/wp-content\/uploads\/2020\/08\/Zrzut-ekranu-2020-08-31-o-19.53.05.png?fit=1200%2C576&ssl=1","contentUrl":"https:\/\/i0.wp.com\/handmadestateofmind.com\/wp-content\/uploads\/2020\/08\/Zrzut-ekranu-2020-08-31-o-19.53.05.png?fit=1200%2C576&ssl=1","width":1200,"height":576,"caption":"knitting dictionary, knitting abbreviations, s\u0142ownik dziewiarski, skr\u00f3ty dziewiarskie"},{"@type":"BreadcrumbList","@id":"https:\/\/handmadestateofmind.com\/knitting-dictionary-slownik-dziewiarski\/#breadcrumb","itemListElement":[{"@type":"ListItem","position":1,"name":"Home","item":"https:\/\/handmadestateofmind.com\/"},{"@type":"ListItem","position":2,"name":"Knitting Dictionary | S\u0142ownik Dziewiarski"}]},{"@type":"WebSite","@id":"https:\/\/handmadestateofmind.com\/#website","url":"https:\/\/handmadestateofmind.com\/","name":"HANDMADE state of mind","description":"","publisher":{"@id":"https:\/\/handmadestateofmind.com\/#organization"},"potentialAction":[{"@type":"SearchAction","target":{"@type":"EntryPoint","urlTemplate":"https:\/\/handmadestateofmind.com\/?s={search_term_string}"},"query-input":{"@type":"PropertyValueSpecification","valueRequired":true,"valueName":"search_term_string"}}],"inLanguage":"en-GB"},{"@type":"Organization","@id":"https:\/\/handmadestateofmind.com\/#organization","name":"HANDMADE state of mind","url":"https:\/\/handmadestateofmind.com\/","logo":{"@type":"ImageObject","inLanguage":"en-GB","@id":"https:\/\/handmadestateofmind.com\/#\/schema\/logo\/image\/","url":"https:\/\/i0.wp.com\/handmadestateofmind.com\/wp-content\/uploads\/2020\/06\/logo-2.png?fit=360%2C100&ssl=1","contentUrl":"https:\/\/i0.wp.com\/handmadestateofmind.com\/wp-content\/uploads\/2020\/06\/logo-2.png?fit=360%2C100&ssl=1","width":360,"height":100,"caption":"HANDMADE state of mind"},"image":{"@id":"https:\/\/handmadestateofmind.com\/#\/schema\/logo\/image\/"}}]}},"jetpack_sharing_enabled":true,"_links":{"self":[{"href":"https:\/\/handmadestateofmind.com\/en\/wp-json\/wp\/v2\/pages\/2594","targetHints":{"allow":["GET"]}}],"collection":[{"href":"https:\/\/handmadestateofmind.com\/en\/wp-json\/wp\/v2\/pages"}],"about":[{"href":"https:\/\/handmadestateofmind.com\/en\/wp-json\/wp\/v2\/types\/page"}],"author":[{"embeddable":true,"href":"https:\/\/handmadestateofmind.com\/en\/wp-json\/wp\/v2\/users\/184526190"}],"replies":[{"embeddable":true,"href":"https:\/\/handmadestateofmind.com\/en\/wp-json\/wp\/v2\/comments?post=2594"}],"version-history":[{"count":77,"href":"https:\/\/handmadestateofmind.com\/en\/wp-json\/wp\/v2\/pages\/2594\/revisions"}],"predecessor-version":[{"id":47682,"href":"https:\/\/handmadestateofmind.com\/en\/wp-json\/wp\/v2\/pages\/2594\/revisions\/47682"}],"wp:featuredmedia":[{"embeddable":true,"href":"https:\/\/handmadestateofmind.com\/en\/wp-json\/wp\/v2\/media\/2616"}],"wp:attachment":[{"href":"https:\/\/handmadestateofmind.com\/en\/wp-json\/wp\/v2\/media?parent=2594"}],"curies":[{"name":"wp","href":"https:\/\/api.w.org\/{rel}","templated":true}]}}